{"id":768,"date":"2023-05-21T03:05:23","date_gmt":"2023-05-21T01:05:23","guid":{"rendered":"http:\/\/klubmamgdynia.pl\/?post_type=product&#038;p=768"},"modified":"2026-04-30T17:53:11","modified_gmt":"2026-04-30T15:53:11","slug":"adidas-buty-terrex-trailmaker-high-c-r-fz2611-czarny","status":"publish","type":"product","link":"http:\/\/klubmamgdynia.pl\/index.php\/produkt\/adidas-buty-terrex-trailmaker-high-c-r-fz2611-czarny\/","title":{"rendered":"adidas Buty Terrex Trailmaker High C.R FZ2611 Czarny"},"content":{"rendered":"<p>adidas Buty Terrex Trailmaker High C.R FZ2611 Czarny<\/p>\n<h2>adidas Buty Terrex Trailmaker High C.R FZ2611 Czarny adidas<\/h2>\n<p>jesienne piosenki dla dzieci, malowanki do druku, jak narysowa\u0107 anio\u0142ka, zabawy dla 5-6 latk\u00f3w, proste zagadki logiczne, jagna imi\u0119, zagadka matematyczna, u\u015bmiech dziecka wiersz, quizy dla przedszkolak\u00f3w, bajki dla dzieci online, ogr\u00f3d bajek, zagadki wiosna, spongebob kolorowanka, imi\u0119 marcel, pu\u0142tusk atrakcje dla dzieci, ciekawostki o je\u017cach<\/p>\n<p>yyyyy<\/p>\n<p>&nbsp;<\/p>\n","protected":false},"excerpt":{"rendered":"<p>adidas Buty Terrex Trailmaker High C.R FZ2611 Czarny adidas Buty Terrex Trailmaker High C.R FZ2611 Czarny adidas jesienne piosenki dla dzieci, malowanki do druku, jak narysowa\u0107 anio\u0142ka, zabawy dla 5-6 latk\u00f3w, proste zagadki logiczne, jagna imi\u0119, zagadka matematyczna, u\u015bmiech dziecka wiersz, quizy dla przedszkolak\u00f3w, bajki dla dzieci online, ogr\u00f3d bajek, zagadki wiosna, spongebob kolorowanka, imi\u0119 [&hellip;]<\/p>\n","protected":false},"featured_media":769,"comment_status":"closed","ping_status":"open","template":"","meta":[],"product_cat":[280,277],"product_tag":[666,761,876,606],"class_list":["post-768","product","type-product","status-publish","has-post-thumbnail","hentry","product_cat-adidas","product_cat-buty-trekkingowe","product_tag-afrykanskie-imiona","product_tag-choinko-piekna-jak-las-tekst","product_tag-przyjazn","product_tag-stala-pod-sniegiem"],"_links":{"self":[{"href":"http:\/\/klubmamgdynia.pl\/index.php\/wp-json\/wp\/v2\/product\/768","targetHints":{"allow":["GET"]}}],"collection":[{"href":"http:\/\/klubmamgdynia.pl\/index.php\/wp-json\/wp\/v2\/product"}],"about":[{"href":"http:\/\/klubmamgdynia.pl\/index.php\/wp-json\/wp\/v2\/types\/product"}],"replies":[{"embeddable":true,"href":"http:\/\/klubmamgdynia.pl\/index.php\/wp-json\/wp\/v2\/comments?post=768"}],"wp:featuredmedia":[{"embeddable":true,"href":"http:\/\/klubmamgdynia.pl\/index.php\/wp-json\/wp\/v2\/media\/769"}],"wp:attachment":[{"href":"http:\/\/klubmamgdynia.pl\/index.php\/wp-json\/wp\/v2\/media?parent=768"}],"wp:term":[{"taxonomy":"product_cat","embeddable":true,"href":"http:\/\/klubmamgdynia.pl\/index.php\/wp-json\/wp\/v2\/product_cat?post=768"},{"taxonomy":"product_tag","embeddable":true,"href":"http:\/\/klubmamgdynia.pl\/index.php\/wp-json\/wp\/v2\/product_tag?post=768"}],"curies":[{"name":"wp","href":"https:\/\/api.w.org\/{rel}","templated":true}]}}