{"id":7680,"date":"2016-12-26T21:30:33","date_gmt":"2016-12-26T20:30:33","guid":{"rendered":"http:\/\/klubmamgdynia.pl\/index.php\/produkt\/cetaphil-pro-oil-control-krem-nawilzajaco-matujacy-spf30-118ml\/"},"modified":"2026-04-06T04:49:37","modified_gmt":"2026-04-06T02:49:37","slug":"cetaphil-pro-oil-control-krem-nawilzajaco-matujacy-spf30-118ml","status":"publish","type":"product","link":"http:\/\/klubmamgdynia.pl\/index.php\/produkt\/cetaphil-pro-oil-control-krem-nawilzajaco-matujacy-spf30-118ml\/","title":{"rendered":"Cetaphil Pro Oil Control Krem nawil\u017caj\u0105co-matuj\u0105cy SPF30 118ml"},"content":{"rendered":"<h2>Cetaphil Pro Oil Control Krem nawil\u017caj\u0105co-matuj\u0105cy SPF30 118ml Galderma<\/h2>\n<p>oskar imie, quiz znaki drogowe, co kupic na roczek, ju\u017c blisko kol\u0119da tekst, zagadka matematyczna dla dzieci, pikachu kolorowanka<\/p>\n<p>yyyyy<\/p>\n<p>&nbsp;<\/p>\n","protected":false},"excerpt":{"rendered":"<p>Cetaphil Pro Oil Control Krem nawil\u017caj\u0105co-matuj\u0105cy SPF30 118ml Galderma oskar imie, quiz znaki drogowe, co kupic na roczek, ju\u017c blisko kol\u0119da tekst, zagadka matematyczna dla dzieci, pikachu kolorowanka yyyyy &nbsp;<\/p>\n","protected":false},"featured_media":7681,"comment_status":"closed","ping_status":"open","template":"","meta":[],"product_cat":[134,1634],"product_tag":[829,761,706,593,843,592],"class_list":["post-7680","product","type-product","status-publish","has-post-thumbnail","hentry","product_cat-dermokosmetyki","product_cat-galderma","product_tag-bajki-do-czytania-na-dobranoc","product_tag-choinko-piekna-jak-las-tekst","product_tag-imie-kuba","product_tag-jak-narysowac-konia","product_tag-smieszne-zagadki-dla-dzieci","product_tag-zagadki-dla-dzieci"],"_links":{"self":[{"href":"http:\/\/klubmamgdynia.pl\/index.php\/wp-json\/wp\/v2\/product\/7680","targetHints":{"allow":["GET"]}}],"collection":[{"href":"http:\/\/klubmamgdynia.pl\/index.php\/wp-json\/wp\/v2\/product"}],"about":[{"href":"http:\/\/klubmamgdynia.pl\/index.php\/wp-json\/wp\/v2\/types\/product"}],"replies":[{"embeddable":true,"href":"http:\/\/klubmamgdynia.pl\/index.php\/wp-json\/wp\/v2\/comments?post=7680"}],"wp:featuredmedia":[{"embeddable":true,"href":"http:\/\/klubmamgdynia.pl\/index.php\/wp-json\/wp\/v2\/media\/7681"}],"wp:attachment":[{"href":"http:\/\/klubmamgdynia.pl\/index.php\/wp-json\/wp\/v2\/media?parent=7680"}],"wp:term":[{"taxonomy":"product_cat","embeddable":true,"href":"http:\/\/klubmamgdynia.pl\/index.php\/wp-json\/wp\/v2\/product_cat?post=7680"},{"taxonomy":"product_tag","embeddable":true,"href":"http:\/\/klubmamgdynia.pl\/index.php\/wp-json\/wp\/v2\/product_tag?post=7680"}],"curies":[{"name":"wp","href":"https:\/\/api.w.org\/{rel}","templated":true}]}}