{"id":7682,"date":"2017-06-02T10:45:40","date_gmt":"2017-06-02T08:45:40","guid":{"rendered":"http:\/\/klubmamgdynia.pl\/index.php\/produkt\/becool-cabin-y91-orbit-spacerowy\/"},"modified":"2026-04-30T12:32:47","modified_gmt":"2026-04-30T10:32:47","slug":"becool-cabin-y91-orbit-spacerowy","status":"publish","type":"product","link":"http:\/\/klubmamgdynia.pl\/index.php\/produkt\/becool-cabin-y91-orbit-spacerowy\/","title":{"rendered":"Becool Cabin Y91 Orbit Spacerowy"},"content":{"rendered":"<p>Becool W\u00f3zek Cabin Y91 OrbitW\u00f3zek Spacerowy marki BeCool Orbit<\/p>\n<h2>Becool Cabin Y91 Orbit Spacerowy Be Cool<\/h2>\n<p>prezenty na roczek dla dziewczynki, horror dla dzieci, bajka o kreciku, test miko\u0142ajek 25 pyta\u0144, listy do \u015bwi\u0119tego miko\u0142aja, pani wiosna do druku, stolice europy quiz, madre zyczenia bozonarodzeniowe<\/p>\n<p>yyyyy<\/p>\n<p>&nbsp;<\/p>\n","protected":false},"excerpt":{"rendered":"<p>Becool W\u00f3zek Cabin Y91 OrbitW\u00f3zek Spacerowy marki BeCool Orbit Becool Cabin Y91 Orbit Spacerowy Be Cool prezenty na roczek dla dziewczynki, horror dla dzieci, bajka o kreciku, test miko\u0142ajek 25 pyta\u0144, listy do \u015bwi\u0119tego miko\u0142aja, pani wiosna do druku, stolice europy quiz, madre zyczenia bozonarodzeniowe yyyyy &nbsp;<\/p>\n","protected":false},"featured_media":7683,"comment_status":"closed","ping_status":"open","template":"","meta":[],"product_cat":[1627,71],"product_tag":[716,646,803,675],"class_list":["post-7682","product","type-product","status-publish","has-post-thumbnail","hentry","product_cat-be-cool","product_cat-wozki-spacerowe","product_tag-filmy-animowane-o-swietach","product_tag-prezent-na-pierwsze-urodziny","product_tag-szlaczki-do-druku","product_tag-test-z-lektury-kajko-i-kokosz-szkola-latania"],"_links":{"self":[{"href":"http:\/\/klubmamgdynia.pl\/index.php\/wp-json\/wp\/v2\/product\/7682","targetHints":{"allow":["GET"]}}],"collection":[{"href":"http:\/\/klubmamgdynia.pl\/index.php\/wp-json\/wp\/v2\/product"}],"about":[{"href":"http:\/\/klubmamgdynia.pl\/index.php\/wp-json\/wp\/v2\/types\/product"}],"replies":[{"embeddable":true,"href":"http:\/\/klubmamgdynia.pl\/index.php\/wp-json\/wp\/v2\/comments?post=7682"}],"wp:featuredmedia":[{"embeddable":true,"href":"http:\/\/klubmamgdynia.pl\/index.php\/wp-json\/wp\/v2\/media\/7683"}],"wp:attachment":[{"href":"http:\/\/klubmamgdynia.pl\/index.php\/wp-json\/wp\/v2\/media?parent=7682"}],"wp:term":[{"taxonomy":"product_cat","embeddable":true,"href":"http:\/\/klubmamgdynia.pl\/index.php\/wp-json\/wp\/v2\/product_cat?post=7682"},{"taxonomy":"product_tag","embeddable":true,"href":"http:\/\/klubmamgdynia.pl\/index.php\/wp-json\/wp\/v2\/product_tag?post=7682"}],"curies":[{"name":"wp","href":"https:\/\/api.w.org\/{rel}","templated":true}]}}