{"id":7684,"date":"2013-01-26T22:29:49","date_gmt":"2013-01-26T21:29:49","guid":{"rendered":"http:\/\/klubmamgdynia.pl\/index.php\/produkt\/woopie-domek-dla-lalek-rodzina-krolikow-kwiaciarnia-figurki-4-szt\/"},"modified":"2026-04-03T23:52:53","modified_gmt":"2026-04-03T21:52:53","slug":"woopie-domek-dla-lalek-rodzina-krolikow-kwiaciarnia-figurki-4-szt","status":"publish","type":"product","link":"http:\/\/klubmamgdynia.pl\/index.php\/produkt\/woopie-domek-dla-lalek-rodzina-krolikow-kwiaciarnia-figurki-4-szt\/","title":{"rendered":"Woopie Domek Dla Lalek Rodzina Krolik\u00f3w Kwiaciarnia + Figurki 4 Szt."},"content":{"rendered":"<p>Wyj\u0105tkowy, wykonany z plastiku domek dla kr\u00f3lik\u00f3w Kwiaciarnia marki WOOPIE to doskona\u0142y pomys\u0142 na wielogodzinn\u0105 zabaw\u0119 dla ka\u017cdego dziecka. Domek idealnie nadaje si\u0119 dla r\u00f3\u017cnych zwierzak\u00f3w, kt\u00f3re s\u0105 w zestawie lub dla laleczek. Produkt wykonany zosta\u0142 nie tylko z dba\u0142o\u015bci\u0105 o bezpiecze\u0144stwo zabawy dziecka, ale te\u017c z dba\u0142o\u015bci\u0105 o szczeg\u00f3\u0142y. Dodatki widoczne na fotografii znajduj\u0105 si\u0119 w komplecie. Ka\u017cdy detal zosta\u0142 wykonany z dba\u0142o\u015bci\u0105 o najdrobniejsze szczeg\u00f3\u0142y.Charakterystyka:- Dla dzieci od 3 roku \u017cycia- Zestaw zawiera 18 element\u00f3w- W zestawie: 4 kr\u00f3liki, bukiety kwiat\u00f3w, mebelki- Produkt wykonany z wysokiej jako\u015bci materia\u0142- \u017bywa i \u0142adna kolorystyka- Dzi\u0119ki zabawce dziecko uczy si\u0119 kreatywno\u015bci i wyobra\u017ani<\/p>\n<h2>Woopie Domek Dla Lalek Rodzina Krolik\u00f3w Kwiaciarnia + Figurki 4 Szt. Woopie<\/h2>\n<p>kolorowanki do druku dla dziewczynek, weso\u0142e pisanki tekst piosenki, nadia, bajka o smoku wawelskim, zrobi\u0107 laurk\u0119 laurka dla babci, prezenty dla nastolatka, zagadki zagadki, \u017carty na prima aprilis dla mamy, szybkie zagadki matematyczne, quiz z bajek, zabawy na bal karnawa\u0142owy w przedszkolu, sentencje o rodzinie, znaki drogowe test online, walentynka dla syna, rysunki \u0142atwe, dobre zagadki logiczne, pisanie po \u015bladzie do druku pdf, krzy\u017c\u00f3wki dla dzieci do druku, sa\u0142atki dla dzieci, zaproszenia urodzinowe do druku<\/p>\n<p>yyyyy<\/p>\n<p>&nbsp;<\/p>\n","protected":false},"excerpt":{"rendered":"<p>Wyj\u0105tkowy, wykonany z plastiku domek dla kr\u00f3lik\u00f3w Kwiaciarnia marki WOOPIE to doskona\u0142y pomys\u0142 na wielogodzinn\u0105 zabaw\u0119 dla ka\u017cdego dziecka. Domek idealnie nadaje si\u0119 dla r\u00f3\u017cnych zwierzak\u00f3w, kt\u00f3re s\u0105 w zestawie lub dla laleczek. Produkt wykonany zosta\u0142 nie tylko z dba\u0142o\u015bci\u0105 o bezpiecze\u0144stwo zabawy dziecka, ale te\u017c z dba\u0142o\u015bci\u0105 o szczeg\u00f3\u0142y. Dodatki widoczne na fotografii znajduj\u0105 [&hellip;]<\/p>\n","protected":false},"featured_media":7685,"comment_status":"closed","ping_status":"open","template":"","meta":[],"product_cat":[1635,177],"product_tag":[680,605,815,786],"class_list":["post-7684","product","type-product","status-publish","has-post-thumbnail","hentry","product_cat-domki-dla-lalek","product_cat-woopie","product_tag-cytaty-z-malego-ksiecia","product_tag-milena","product_tag-ozdoby-choinkowe-dla-dzieci","product_tag-prezent-na-1-urodziny"],"_links":{"self":[{"href":"http:\/\/klubmamgdynia.pl\/index.php\/wp-json\/wp\/v2\/product\/7684","targetHints":{"allow":["GET"]}}],"collection":[{"href":"http:\/\/klubmamgdynia.pl\/index.php\/wp-json\/wp\/v2\/product"}],"about":[{"href":"http:\/\/klubmamgdynia.pl\/index.php\/wp-json\/wp\/v2\/types\/product"}],"replies":[{"embeddable":true,"href":"http:\/\/klubmamgdynia.pl\/index.php\/wp-json\/wp\/v2\/comments?post=7684"}],"wp:featuredmedia":[{"embeddable":true,"href":"http:\/\/klubmamgdynia.pl\/index.php\/wp-json\/wp\/v2\/media\/7685"}],"wp:attachment":[{"href":"http:\/\/klubmamgdynia.pl\/index.php\/wp-json\/wp\/v2\/media?parent=7684"}],"wp:term":[{"taxonomy":"product_cat","embeddable":true,"href":"http:\/\/klubmamgdynia.pl\/index.php\/wp-json\/wp\/v2\/product_cat?post=7684"},{"taxonomy":"product_tag","embeddable":true,"href":"http:\/\/klubmamgdynia.pl\/index.php\/wp-json\/wp\/v2\/product_tag?post=7684"}],"curies":[{"name":"wp","href":"https:\/\/api.w.org\/{rel}","templated":true}]}}