{"id":7686,"date":"2015-12-26T20:14:29","date_gmt":"2015-12-26T19:14:29","guid":{"rendered":"http:\/\/klubmamgdynia.pl\/index.php\/produkt\/raphacholin-c-30-drazetek\/"},"modified":"2026-05-17T22:43:35","modified_gmt":"2026-05-17T20:43:35","slug":"raphacholin-c-30-drazetek","status":"publish","type":"product","link":"http:\/\/klubmamgdynia.pl\/index.php\/produkt\/raphacholin-c-30-drazetek\/","title":{"rendered":"Raphacholin C 30 dra\u017cetek"},"content":{"rendered":"<p>Raphacholin C 30 dra\u017cetek<\/p>\n<p>Raphacholin C\u00ae jest to produkt leczniczy stosowany tradycyjnie, kt\u00f3rego skuteczno\u015b\u0107 w wymienionych wskazaniach opiera si\u0119 wy\u0142\u0105cznie na d\u0142ugim okresie stosowania i do\u015bwiadczeniu. Raphacholin C\u00ae zawiera w sk\u0142adzie wyci\u0105g suchy z korzenia rzodkwi czarnej z w\u0119glem leczniczym (1:1), wyci\u0105g g\u0119sty z ziela karczocha, kwas dehydrocholowy oraz olejek mi\u0119towy. Jest lekiem dzia\u0142aj\u0105cym \u017c\u00f3\u0142ciop\u0119dnie i \u017c\u00f3\u0142ciotw\u00f3rczo (wywiera bezpo\u015bredni wp\u0142yw na w\u0105trob\u0119, pobudza wydzielanie \u017c\u00f3\u0142ci). Regularne przyjmowanie preparatu pobudza wydzielania \u017c\u00f3\u0142ci, co dzia\u0142a ochronnie na mi\u0105\u017csz w\u0105troby, przyspiesza eliminacj\u0119 z \u017c\u00f3\u0142ci\u0105 szkodliwych substancji i wzmaga ruchy perystaltyczne jelit. Raphacholin C\u00ae tradycyjnie stosuje si\u0119\u00a0w niestrawno\u015bci, dolegliwo\u015bciach trawiennych zwi\u0105zanych z dysfunkcj\u0105 w\u0105troby (wzd\u0119cia, b\u00f3le brzucha, odbijania, nudno\u015bci, zaparcia), zaburzeniach aktywno\u015bci skurczowej p\u0119cherzyka \u017c\u00f3\u0142ciowego.                            <\/p>\n<p>            Sk\u0142ad<\/p>\n<p>1 tabletka dra\u017cowana zawiera:Substancje czynne:raphani sativi nigri radicis extractum siccum cum carbo medicinalis (wyci\u0105g suchy z korzenia rzodkwi czarnej z w\u0119glem leczniczym) (1:1) \u2013 150 mg ( DER 18:1, ekstrahent: etanol 85 % V\/V )cynarae herbae extractum spissum (wyci\u0105g g\u0119sty z ziela karczocha) \u2013 47 mg (DER 3:1, ekstrahent: etanol 50 % V\/V )acidum dehydrocholicum (kwas dehydrocholowy) \u2013 40 mgmenthae piperitae oleum (olejek mi\u0119towy) \u2013 15 mgSubstancje pomocnicze: sacharoza, krzemionka koloidalna bezwodna, magnezu stearynian,talk, guma arabska, wapnia wodorofosforan dwuwodny, powidon, celuloza mikrokrystaliczna, substancja barwi\u0105ca\u00a0(tlenek \u017celaza czarny + dwutlenek tytanu).                            <\/p>\n<p>            Spos\u00f3b u\u017cycia i dawkowanie<\/p>\n<p>Doro\u015bli:w niestrawno\u015bci jednorazowo 1 do 3 tabletekw innych dolegliwo\u015bciach trawiennych przeci\u0119tnie 3 razy dziennie po 1 do 2 tabletek 30 min. po posi\u0142ku\u200bw zaparciach 2 tabletki rano i wieczorem na \u00bd godziny przed jedzeniemPo konsultacji z lekarzem, u dzieci powy\u017cej 10 lat 1 tabletk\u0119 3 razy dziennie po posi\u0142ku.                            <\/p>\n<p>            Przeciwwskazania <\/p>\n<p>Nie nale\u017cy stosowa\u0107 leku przy nadwra\u017cliwo\u015bci na kt\u00f3rykolwiek ze sk\u0142adnik\u00f3w leku, ci\u0119\u017ckich chorobach w\u0105troby, niedro\u017cno\u015bci dr\u00f3g \u017c\u00f3\u0142ciowych i przewodu pokarmowego, ostrych i przewlek\u0142ych stanach zapalnych \u017co\u0142\u0105dka i jelit. W przypadku kamicy \u017c\u00f3\u0142ciowej lek stosowa\u0107 po konsultacji z lekarzem.<\/p>\n<h2>Raphacholin C 30 dra\u017cetek Herbapol<\/h2>\n<p>bajka do czytania na dobranoc, zagadki dla 5 latka, julian, \u017carty na prima aprilis dla mamy<\/p>\n<p>yyyyy<\/p>\n<p>&nbsp;<\/p>\n","protected":false},"excerpt":{"rendered":"<p>Raphacholin C 30 dra\u017cetek Raphacholin C\u00ae jest to produkt leczniczy stosowany tradycyjnie, kt\u00f3rego skuteczno\u015b\u0107 w wymienionych wskazaniach opiera si\u0119 wy\u0142\u0105cznie na d\u0142ugim okresie stosowania i do\u015bwiadczeniu. Raphacholin C\u00ae zawiera w sk\u0142adzie wyci\u0105g suchy z korzenia rzodkwi czarnej z w\u0119glem leczniczym (1:1), wyci\u0105g g\u0119sty z ziela karczocha, kwas dehydrocholowy oraz olejek mi\u0119towy. Jest lekiem dzia\u0142aj\u0105cym \u017c\u00f3\u0142ciop\u0119dnie [&hellip;]<\/p>\n","protected":false},"featured_media":7687,"comment_status":"closed","ping_status":"open","template":"","meta":[],"product_cat":[1558,212],"product_tag":[821,795,594,705,849,725],"class_list":["post-7686","product","type-product","status-publish","has-post-thumbnail","hentry","product_cat-herbapol","product_cat-uklad-pokarmowy","product_tag-marianna","product_tag-mini-zoo-warszawa","product_tag-podchwytliwe-zagadki-dla-dzieci","product_tag-prezent-na-roczek-dla-chlopca","product_tag-zagadki-matematyczne-dla-dzieci","product_tag-zgadywanki"],"_links":{"self":[{"href":"http:\/\/klubmamgdynia.pl\/index.php\/wp-json\/wp\/v2\/product\/7686","targetHints":{"allow":["GET"]}}],"collection":[{"href":"http:\/\/klubmamgdynia.pl\/index.php\/wp-json\/wp\/v2\/product"}],"about":[{"href":"http:\/\/klubmamgdynia.pl\/index.php\/wp-json\/wp\/v2\/types\/product"}],"replies":[{"embeddable":true,"href":"http:\/\/klubmamgdynia.pl\/index.php\/wp-json\/wp\/v2\/comments?post=7686"}],"wp:featuredmedia":[{"embeddable":true,"href":"http:\/\/klubmamgdynia.pl\/index.php\/wp-json\/wp\/v2\/media\/7687"}],"wp:attachment":[{"href":"http:\/\/klubmamgdynia.pl\/index.php\/wp-json\/wp\/v2\/media?parent=7686"}],"wp:term":[{"taxonomy":"product_cat","embeddable":true,"href":"http:\/\/klubmamgdynia.pl\/index.php\/wp-json\/wp\/v2\/product_cat?post=7686"},{"taxonomy":"product_tag","embeddable":true,"href":"http:\/\/klubmamgdynia.pl\/index.php\/wp-json\/wp\/v2\/product_tag?post=7686"}],"curies":[{"name":"wp","href":"https:\/\/api.w.org\/{rel}","templated":true}]}}