{"id":7690,"date":"2012-03-04T03:40:08","date_gmt":"2012-03-04T02:40:08","guid":{"rendered":"http:\/\/klubmamgdynia.pl\/index.php\/produkt\/mio-bio-alaskan-zelki-30-sztuk\/"},"modified":"2026-04-15T06:47:05","modified_gmt":"2026-04-15T04:47:05","slug":"mio-bio-alaskan-zelki-30-sztuk","status":"publish","type":"product","link":"http:\/\/klubmamgdynia.pl\/index.php\/produkt\/mio-bio-alaskan-zelki-30-sztuk\/","title":{"rendered":"Mio Bio Alaskan \u017belki 30 sztuk"},"content":{"rendered":"<p>Mio Bio Alaskan \u017belki<\/p>\n<p>Suplement diety Mio Bio Alaskan dla dzieci powy\u017cej 3 roku \u017cycia w celu uzupe\u0142nienia codziennej diety w sk\u0142adniki, kt\u00f3re wp\u0142ywaj\u0105 na wzmocnienie odporno\u015bci organizmu oraz s\u0105 potrzebne do wzrostu i rozwoju dziecka.Dzia\u0142anie-Wzmocnienie odporno\u015bci wzrost i rozw\u00f3j dziecka-poprawa funkcjonowania uk\u0142adu nerwowego, zw\u0142aszcza m\u00f3zgu; procesy my\u015blowe (zapami\u0119tywanie, koncentracja)-wzmocnienie uz\u0119bienia i ko\u015bci-poprawa funkcjonowania narz\u0105du wzroku i sk\u00f3ryPrzyjmowanie2 \u017celki dziennie.Sk\u0142ad2 \u017celki zawieraj\u0105:-olej z w\u0105troby dorsza 200 mg-olej z w\u0105troby rekina 150 mg-inulina 120 mg-witamina A 62mcg-witamina D 0,7 mcg-olej z wiesio\u0142ka 48mg<\/p>\n<h2>Mio Bio Alaskan \u017belki 30 sztuk S-Lab<\/h2>\n<p>kawal na prima aprilis, ma\u0142y ksi\u0105\u017ce cytaty o przyja\u017ani, alan imie, przyja\u017a\u0144 cytaty, imie leon, wiersz o marzannie, atrakcje do 30 km od wroc\u0142awia, cukierku ty \u0142obuzie test, zagadki dla starszych dzieci, dinozaur bajka, pomys\u0142 na prezent dla nastolatki, jak narysowa\u0107 anio\u0142ka, zadania logiczne dla dzieci, znaczenie imiona justyna, gabriela, pomys\u0142y na prezent dla nastolatki, jeremi<\/p>\n<p>yyyyy<\/p>\n<p>&nbsp;<\/p>\n","protected":false},"excerpt":{"rendered":"<p>Mio Bio Alaskan \u017belki Suplement diety Mio Bio Alaskan dla dzieci powy\u017cej 3 roku \u017cycia w celu uzupe\u0142nienia codziennej diety w sk\u0142adniki, kt\u00f3re wp\u0142ywaj\u0105 na wzmocnienie odporno\u015bci organizmu oraz s\u0105 potrzebne do wzrostu i rozwoju dziecka.Dzia\u0142anie-Wzmocnienie odporno\u015bci wzrost i rozw\u00f3j dziecka-poprawa funkcjonowania uk\u0142adu nerwowego, zw\u0142aszcza m\u00f3zgu; procesy my\u015blowe (zapami\u0119tywanie, koncentracja)-wzmocnienie uz\u0119bienia i ko\u015bci-poprawa funkcjonowania narz\u0105du [&hellip;]<\/p>\n","protected":false},"featured_media":7691,"comment_status":"closed","ping_status":"open","template":"","meta":[],"product_cat":[1636,1533],"product_tag":[702,680,696,723,605,590,872],"class_list":["post-7690","product","type-product","status-publish","has-post-thumbnail","hentry","product_cat-s-lab","product_cat-suplementy-dla-dzieci","product_tag-co-kupic-na-roczek-dla-dziewczynki","product_tag-cytaty-z-malego-ksiecia","product_tag-film-rodzinny-o-swietach","product_tag-krotkie-bajki-do-czytania-na-dobranoc","product_tag-milena","product_tag-plac-zabaw-warszawa","product_tag-zagadki-dla-dzieci-6-lat"],"_links":{"self":[{"href":"http:\/\/klubmamgdynia.pl\/index.php\/wp-json\/wp\/v2\/product\/7690","targetHints":{"allow":["GET"]}}],"collection":[{"href":"http:\/\/klubmamgdynia.pl\/index.php\/wp-json\/wp\/v2\/product"}],"about":[{"href":"http:\/\/klubmamgdynia.pl\/index.php\/wp-json\/wp\/v2\/types\/product"}],"replies":[{"embeddable":true,"href":"http:\/\/klubmamgdynia.pl\/index.php\/wp-json\/wp\/v2\/comments?post=7690"}],"wp:featuredmedia":[{"embeddable":true,"href":"http:\/\/klubmamgdynia.pl\/index.php\/wp-json\/wp\/v2\/media\/7691"}],"wp:attachment":[{"href":"http:\/\/klubmamgdynia.pl\/index.php\/wp-json\/wp\/v2\/media?parent=7690"}],"wp:term":[{"taxonomy":"product_cat","embeddable":true,"href":"http:\/\/klubmamgdynia.pl\/index.php\/wp-json\/wp\/v2\/product_cat?post=7690"},{"taxonomy":"product_tag","embeddable":true,"href":"http:\/\/klubmamgdynia.pl\/index.php\/wp-json\/wp\/v2\/product_tag?post=7690"}],"curies":[{"name":"wp","href":"https:\/\/api.w.org\/{rel}","templated":true}]}}