{"id":7692,"date":"2011-10-03T23:19:15","date_gmt":"2011-10-03T21:19:15","guid":{"rendered":"http:\/\/klubmamgdynia.pl\/index.php\/produkt\/dwustronny-spiworek-z-nozkami-3-4-lata-happy-dino\/"},"modified":"2026-04-27T19:36:37","modified_gmt":"2026-04-27T17:36:37","slug":"dwustronny-spiworek-z-nozkami-3-4-lata-happy-dino","status":"publish","type":"product","link":"http:\/\/klubmamgdynia.pl\/index.php\/produkt\/dwustronny-spiworek-z-nozkami-3-4-lata-happy-dino\/","title":{"rendered":"Dwustronny \u015apiworek Z N\u00f3\u017ckami 3 4 Lata Happy Dino"},"content":{"rendered":"<p>Dwustronny \u015bpiworek z n\u00f3\u017ckami dla dzieci w wieku 3-4 lata Dwustronne \u015bpiworki z n\u00f3\u017ckami to wspania\u0142a alternatywa dla pid\u017camek oraz ca\u0142oroczne, funkcjonalne ubranko, kt\u00f3re \u015bwietnie sprawdzi si\u0119 zar\u00f3wno w dzie\u0144 jak i w nocy, podczas drzemki oraz podczas d\u0142u\u017cszego snu, zapewni prawdziwy komfort Twojemu maluchowi. Dwustronne \u015bpiworki Bellochi w wyj\u0105tkowych, fantazyjnych wzorach zosta\u0142y wyprodukowane z wysokiej jako\u015bci materia\u0142\u00f3w premium posiadaj\u0105cych mi\u0119dzynarodowy certyfikat OEKO-TEX Standard 100. Oznacza to, \u017ce s\u0105 polecane i bezpieczne nawet dla wyj\u0105tkowo wra\u017cliwej sk\u00f3ry noworodka. Wyprodukowane z mi\u0119kkiej, certyfikowanej bawe\u0142ny premium z domieszk\u0105 elastanu, dzi\u0119ki czemu s\u0105 wyj\u0105tkowo mi\u0119ciutkie, g\u0142adkie, delikatne i przyjemne w dotyku a r\u00f3wnocze\u015bnie trwa\u0142e i wygodne w codziennym u\u017cytkowaniu. Posiadaj\u0105 dwustronny zamek z plis\u0105 maskuj\u0105c\u0105, kt\u00f3ra dodatkowo chroni i zabezpiecza przed otarciem delikatnego cia\u0142ka. To wyj\u0105tkowa i najlepsza alternatywa dla tradycyjnych \u015bpioszk\u00f3w lub pid\u017camki dzieci\u0119cej \u2013 wystarczy, \u017ce przekr\u0119cisz je na drug\u0105 stron\u0119, i w czarodziejski spos\u00f3b zyskasz nowy, \u015bwie\u017cy wygl\u0105d! Maluchy uwielbiaj\u0105 sp\u0119dza\u0107 w nich ca\u0142e dnie \u2013 nie kr\u0119puj\u0105 ruch\u00f3w oraz pozwalaj\u0105 na wygodn\u0105 pozycj\u0119 cia\u0142a w ka\u017cdej sytuacji \u2013 zar\u00f3wno podczas spania, le\u017cenia, siedzenia, raczkowania, biegania jak i wsp\u00f3lnych zabaw. \u015apiworki mo\u017cna pra\u0107 w pralce bez obaw o utrat\u0119 koloru. Wyodr\u0119bnione miejsca na n\u00f3\u017cki u\u0142atwiaj\u0105 poruszanie i stawianie pierwszych kroczk\u00f3w, z kolei mi\u0119kkie, elastyczne \u015bci\u0105gacze mog\u0105 znale\u017a\u0107 si\u0119 na kostce lub s\u0142u\u017cy\u0107 jako skarpetki naci\u0105gane na ca\u0142\u0105 st\u00f3pk\u0119. G\u0142adkie, estetyczne obszycia gwarantuj\u0105 najwy\u017cszy mo\u017cliwy komfort u\u017cytkowania bez ryzyka zadrapania czy podra\u017cnienia sk\u00f3ry dziecka. Kupuj\u0105c jeden produkt, otrzymujesz a\u017c dwie mo\u017cliwo\u015bci: unikatowy, kolorowy fason oraz klasyczn\u0105 biel, kt\u00f3re b\u0119d\u0105 pasowa\u0107 na ka\u017cd\u0105 okazj\u0119. Dwustronne \u015bpiworki z n\u00f3\u017ckami to \u015bwietny pomys\u0142 na prezent. Zaufaj sprawdzonym rozwi\u0105zaniom! Do wyboru mamy dwa rodzaje \u015bpiwork\u00f3w z n\u00f3\u017ckami SKALA TOG: 1.0 : idealny na upalne i ciep\u0142e dni, \u015bpiworek uszyty jest z dw\u00f3ch warstw materia\u0142u SKALA TOG: 2.5 : ca\u0142oroczny \u015bpiworek z wype\u0142nieniem (w\u0142\u00f3knina silikonowa) Rozmiar: 3-4 lata &#8211; wymiary: 95x36cm<\/p>\n<h2>Dwustronny \u015apiworek Z N\u00f3\u017ckami 3 4 Lata Happy Dino <\/h2>\n<p>opowie\u015bci z narni test, traktor z przyczep\u0105 kolorowanka do druku, kiedy dzieci chodza na halloween, prezent na roczek dla chrze\u015bniaka, pola imi\u0119, bajki dla niemowl\u0105t do czytania, zagadki matematyczne, carmen imie, test z lektury opowie\u015bci z narnii lew czarownica i stara szafa, natalia, wydarzenia dla dzieci warszawa, wyci\u0119cia szablon korony do druku<\/p>\n<p>yyyyy<\/p>\n<p>&nbsp;<\/p>\n","protected":false},"excerpt":{"rendered":"<p>Dwustronny \u015bpiworek z n\u00f3\u017ckami dla dzieci w wieku 3-4 lata Dwustronne \u015bpiworki z n\u00f3\u017ckami to wspania\u0142a alternatywa dla pid\u017camek oraz ca\u0142oroczne, funkcjonalne ubranko, kt\u00f3re \u015bwietnie sprawdzi si\u0119 zar\u00f3wno w dzie\u0144 jak i w nocy, podczas drzemki oraz podczas d\u0142u\u017cszego snu, zapewni prawdziwy komfort Twojemu maluchowi. Dwustronne \u015bpiworki Bellochi w wyj\u0105tkowych, fantazyjnych wzorach zosta\u0142y wyprodukowane z [&hellip;]<\/p>\n","protected":false},"featured_media":7693,"comment_status":"closed","ping_status":"open","template":"","meta":[],"product_cat":[395],"product_tag":[700,775,690,870,692],"class_list":["post-7692","product","type-product","status-publish","has-post-thumbnail","hentry","product_cat-spiworki","product_tag-bajki-do-czytania-dla-dzieci","product_tag-kolorowanki-do-druku-pokemon","product_tag-pieski-male-dwa-tekst","product_tag-prezent-dla-chlopca-na-roczek","product_tag-prezenty-na-roczek"],"_links":{"self":[{"href":"http:\/\/klubmamgdynia.pl\/index.php\/wp-json\/wp\/v2\/product\/7692","targetHints":{"allow":["GET"]}}],"collection":[{"href":"http:\/\/klubmamgdynia.pl\/index.php\/wp-json\/wp\/v2\/product"}],"about":[{"href":"http:\/\/klubmamgdynia.pl\/index.php\/wp-json\/wp\/v2\/types\/product"}],"replies":[{"embeddable":true,"href":"http:\/\/klubmamgdynia.pl\/index.php\/wp-json\/wp\/v2\/comments?post=7692"}],"wp:featuredmedia":[{"embeddable":true,"href":"http:\/\/klubmamgdynia.pl\/index.php\/wp-json\/wp\/v2\/media\/7693"}],"wp:attachment":[{"href":"http:\/\/klubmamgdynia.pl\/index.php\/wp-json\/wp\/v2\/media?parent=7692"}],"wp:term":[{"taxonomy":"product_cat","embeddable":true,"href":"http:\/\/klubmamgdynia.pl\/index.php\/wp-json\/wp\/v2\/product_cat?post=7692"},{"taxonomy":"product_tag","embeddable":true,"href":"http:\/\/klubmamgdynia.pl\/index.php\/wp-json\/wp\/v2\/product_tag?post=7692"}],"curies":[{"name":"wp","href":"https:\/\/api.w.org\/{rel}","templated":true}]}}