{"id":7694,"date":"2011-06-03T10:55:37","date_gmt":"2011-06-03T08:55:37","guid":{"rendered":"http:\/\/klubmamgdynia.pl\/index.php\/produkt\/spiworek-otulacz-petit-ours-brazowy-6-9-miesiecy\/"},"modified":"2026-04-04T01:29:57","modified_gmt":"2026-04-03T23:29:57","slug":"spiworek-otulacz-petit-ours-brazowy-6-9-miesiecy","status":"publish","type":"product","link":"http:\/\/klubmamgdynia.pl\/index.php\/produkt\/spiworek-otulacz-petit-ours-brazowy-6-9-miesiecy\/","title":{"rendered":"\u015apiworek Otulacz Petit Ours Br\u0105zowy 6 9 Miesi\u0119cy"},"content":{"rendered":"<p>Otulacz ro\u017cek Petit Ours to praktyczny produkt i prawdziwy must-have ka\u017cdego rodzica.\u015apiworek Petit Ours przeznaczony dla dzieci od pierwszych dni \u017cycia.Zapakowany w kartonowe opakowani idealnie nadaje si\u0119 na prezent.Zosta\u0142 stworzony z my\u015bl\u0105 o podr\u00f3\u017cowaniu z niemowlakiem. Zawini\u0119ty w niego maluch b\u0119dzie czu\u0142 si\u0119 bezpiecznie i przytulnie w ka\u017cdej sytuacji \u2013 podczas podr\u00f3\u017cy w foteliku samochodowym, gondoli, noside\u0142ku, w w\u00f3zku spacerowym czy na r\u0119kach.Otulacz posiada miejsce na nogi, kaptur, wewn\u0119trzny pas do przykrycia na brzuszku oraz dwie klapy na rzepy, dzi\u0119ki kt\u00f3rym owijanie w niego jest szybkie i bezproblemowe.\u015apiworek wykonany jest z mi\u0119kkiej bawe\u0142ny, dzi\u0119ki czemu sk\u00f3ra niemowlaka oddycha i nie poci si\u0119, jest ciep\u0142y oddychaj\u0105cy i komfortowy dla dziecka. Przyjemny wz\u00f3r misia nie tylko spe\u0142nia walory estetyczne ale r\u00f3wnie\u017c praktyczne &#8211; otulaj\u0105c dziecko takim \u015bpiworkiem w foteliku samochodowym mamy pewno\u015b\u0107 \u017ce dziecko si\u0119 nie rozkopie i utrzyma ciep\u0142o. Wype\u0142nienie \u015bpiworka wykonane jest z pogrubionej jedwabistej bawe\u0142ny co sprawia \u017ce jest ciep\u0142y i bezpieczny dla delikatnej i wra\u017cliwej sk\u00f3ry niemowlaka.G\u0142\u00f3wne cechy:bezpieczny dla sk\u00f3ry oddychaj\u0105cyNie traci kolorunie mechaci si\u0119 nie gubi w\u0142os\u00f3wtrzyma ciep\u0142o \u015apiworek dost\u0119pny w dw\u00f3ch rozmiarach 0-9miesi\u0119cy (66cm)oraz 6-9 miesi\u0119cy (73cm). Dost\u0119pne inne, przyjemne delikatne kolory&#8230;.<\/p>\n<h2>\u015apiworek Otulacz Petit Ours Br\u0105zowy 6 9 Miesi\u0119cy <\/h2>\n<p>znaczenie imienia marcel, quiz bo\u017ce narodzenie, filmy na \u015bwi\u0119ta bo\u017cego narodzenia, wiersze o wio\u015bnie jana brzechwy, \u015bwinka peppa kolorowanka do druku, anio\u0142ki w niebie pisz\u0105, zagadki do rozwi\u0105zania, sentencje ma\u0142y ksi\u0105\u017ce cytaty, mia, korczak cytaty, t\u0119cza kolorowanka, kr\u00f3tkie zagadki dla dzieci<\/p>\n<p>yyyyy<\/p>\n<p>&nbsp;<\/p>\n","protected":false},"excerpt":{"rendered":"<p>Otulacz ro\u017cek Petit Ours to praktyczny produkt i prawdziwy must-have ka\u017cdego rodzica.\u015apiworek Petit Ours przeznaczony dla dzieci od pierwszych dni \u017cycia.Zapakowany w kartonowe opakowani idealnie nadaje si\u0119 na prezent.Zosta\u0142 stworzony z my\u015bl\u0105 o podr\u00f3\u017cowaniu z niemowlakiem. Zawini\u0119ty w niego maluch b\u0119dzie czu\u0142 si\u0119 bezpiecznie i przytulnie w ka\u017cdej sytuacji \u2013 podczas podr\u00f3\u017cy w foteliku samochodowym, [&hellip;]<\/p>\n","protected":false},"featured_media":7695,"comment_status":"closed","ping_status":"open","template":"","meta":[],"product_cat":[395],"product_tag":[758,688,639,778,791,805],"class_list":["post-7694","product","type-product","status-publish","has-post-thumbnail","hentry","product_cat-spiworki","product_tag-julian","product_tag-kolysanki-tekst","product_tag-nela-imie","product_tag-zabawki-na-roczek-dla-chlopca","product_tag-zagadki-na-myslenie","product_tag-znaczenie-imienia-alan"],"_links":{"self":[{"href":"http:\/\/klubmamgdynia.pl\/index.php\/wp-json\/wp\/v2\/product\/7694","targetHints":{"allow":["GET"]}}],"collection":[{"href":"http:\/\/klubmamgdynia.pl\/index.php\/wp-json\/wp\/v2\/product"}],"about":[{"href":"http:\/\/klubmamgdynia.pl\/index.php\/wp-json\/wp\/v2\/types\/product"}],"replies":[{"embeddable":true,"href":"http:\/\/klubmamgdynia.pl\/index.php\/wp-json\/wp\/v2\/comments?post=7694"}],"wp:featuredmedia":[{"embeddable":true,"href":"http:\/\/klubmamgdynia.pl\/index.php\/wp-json\/wp\/v2\/media\/7695"}],"wp:attachment":[{"href":"http:\/\/klubmamgdynia.pl\/index.php\/wp-json\/wp\/v2\/media?parent=7694"}],"wp:term":[{"taxonomy":"product_cat","embeddable":true,"href":"http:\/\/klubmamgdynia.pl\/index.php\/wp-json\/wp\/v2\/product_cat?post=7694"},{"taxonomy":"product_tag","embeddable":true,"href":"http:\/\/klubmamgdynia.pl\/index.php\/wp-json\/wp\/v2\/product_tag?post=7694"}],"curies":[{"name":"wp","href":"https:\/\/api.w.org\/{rel}","templated":true}]}}