{"id":7696,"date":"2018-09-04T04:51:32","date_gmt":"2018-09-04T02:51:32","guid":{"rendered":"http:\/\/klubmamgdynia.pl\/index.php\/produkt\/dickie-s-o-s-kwatera-glowna-policji-63572\/"},"modified":"2026-05-17T22:38:37","modified_gmt":"2026-05-17T20:38:37","slug":"dickie-s-o-s-kwatera-glowna-policji-63572","status":"publish","type":"product","link":"http:\/\/klubmamgdynia.pl\/index.php\/produkt\/dickie-s-o-s-kwatera-glowna-policji-63572\/","title":{"rendered":"Dickie S.O.S Kwatera G\u0142\u00f3wna Policji 63572"},"content":{"rendered":"<p>Dickie SOS Kwatera g\u0142\u00f3wna Policji zestaw Dron + 5 Pojazd\u00f3w \u015awiat\u0142o D\u017awi\u0119k. Ten niezwyk\u0142y zestaw sk\u0142ada si\u0119 z walizeczki w formie bazy dla pojazd\u00f3w policyjnych z otwieranymi panelami bocznymi. Na dachu umieszczono modu\u0142 misji &#8211; \u017c\u00f3\u0142te obracane pokr\u0119t\u0142o zmieniaj\u0105ce obrazki z motywem oraz uruchamiaj\u0105ce funkcje d\u017awi\u0119kowe i \u015bwietlne, odpowiednio dostosowane do wybranej misji. W zestawie znajduje si\u0119 pi\u0119\u0107 pojazd\u00f3w oraz gara\u017c dla pojazdu SWAT, kt\u00f3ry posiada tarcz\u0119 do strzelania wod\u0105. Dodatkow\u0105 atrakcj\u0105 jest wyrzutnia, wystarczy poci\u0105gn\u0105\u0107 za sznureczek, aby dron odlecia\u0142 oraz wi\u0119zienie, kt\u00f3rego kraty otwieraj\u0105 si\u0119 dopiero po wybraniu odpowiedniego zaszyfrowanego kodu. Przy tak wielu funkcjonalno\u015bciach zestaw z pewno\u015bci\u0105 zapewni wiele godzin zabawy!Zawarto\u015b\u0107 oraz funkcjonalno\u015b\u0107 zestawu DickieKwatera g\u0142\u00f3wna Policjize \u015bwiat\u0142em i d\u017awi\u0119kiemOtwierane boczne paneleEfekty \u015bwietlne: mrugaj\u0105ce \u015bwiat\u0142aEfekty d\u017awi\u0119kowe: d\u017awi\u0119ki syreny, alarmuModu\u0142 misji &#8211; obracane, \u017c\u00f3\u0142te pokr\u0119t\u0142o uruchamiaj\u0105ce funkcje d\u017awi\u0119kowe i \u015bwietlneRuchomy daszek z napisem &#8222;Police&#8221;R\u0105czka do przenoszeniaWyrzutniaTarcza do strzelania wod\u0105 za pomoc\u0105 pojazdu SWATWi\u0119zienie z otwieranymi kratami po wybraniu odpowiedniego zaszyfrowanego koduSamoch\u00f3d policyjny PorscheSamoch\u00f3d policyjny CitroenSamoch\u00f3d policyjny SWAT wyposa\u017cony w funkcj\u0119 strzelania wod\u0105Samoch\u00f3d Dodge Hellcat Villian ze \u015bwiat\u0142em i d\u017awi\u0119kiem oraz z podnoszon\u0105 mask\u0105 i funkcj\u0105 crash na drzwiachHelikopter z otwieranymi drzwiami i obracanymi \u015bmig\u0142amiSamochody bez nap\u0119duNapisy na pojazdach w wersji polskiejbaterie 2 x AAA (baterie testowe w zestawie)Dickie to cz\u0119\u015b\u0107 jednego z najwi\u0119kszych producent\u00f3w zabawek na \u015bwiecie, Simba &#8211; Dickie Group, tworz\u0105ca, produkuj\u0105ca i dystrybuuj\u0105ca bardzo szerok\u0105 gam\u0119 zabawek. Firma Dickie jest odpowiedzialna za produkcje zabawek dla ch\u0142opc\u00f3w, w tym modeli samochod\u00f3w, pojazd\u00f3w zdalnie sterowanych i ca\u0142ych miast.<\/p>\n<h2>Dickie S.O.S Kwatera G\u0142\u00f3wna Policji 63572 Dickie<\/h2>\n<p>pi\u0119kne kr\u00f3tkie wiersze, roczek prezenty, historia andrzejek dla dzieci, kolorowanka peppa do druku, bruno, nadia imi\u0119, cytat dla mamy, cytaty korczak, swinka peppa do czytania, co kupi\u0107 nastolatce na \u015bwi\u0119ta, bajka terapeutyczna o emocjach, szkic jak narysowa\u0107 kota<\/p>\n<p>yyyyy<\/p>\n<p>&nbsp;<\/p>\n","protected":false},"excerpt":{"rendered":"<p>Dickie SOS Kwatera g\u0142\u00f3wna Policji zestaw Dron + 5 Pojazd\u00f3w \u015awiat\u0142o D\u017awi\u0119k. Ten niezwyk\u0142y zestaw sk\u0142ada si\u0119 z walizeczki w formie bazy dla pojazd\u00f3w policyjnych z otwieranymi panelami bocznymi. Na dachu umieszczono modu\u0142 misji &#8211; \u017c\u00f3\u0142te obracane pokr\u0119t\u0142o zmieniaj\u0105ce obrazki z motywem oraz uruchamiaj\u0105ce funkcje d\u017awi\u0119kowe i \u015bwietlne, odpowiednio dostosowane do wybranej misji. W zestawie [&hellip;]<\/p>\n","protected":false},"featured_media":7697,"comment_status":"closed","ping_status":"open","template":"","meta":[],"product_cat":[1637,141],"product_tag":[610,859,752,690,687],"class_list":["post-7696","product","type-product","status-publish","has-post-thumbnail","hentry","product_cat-dickie","product_cat-parkingi-garaze-i-tory-wyscigowe","product_tag-co-na-prezent-dla-nastolatkow","product_tag-dobranoc-pchly-na-noc","product_tag-kuba-imie","product_tag-pieski-male-dwa-tekst","product_tag-podchwytliwe-zagadki-matematyczne"],"_links":{"self":[{"href":"http:\/\/klubmamgdynia.pl\/index.php\/wp-json\/wp\/v2\/product\/7696","targetHints":{"allow":["GET"]}}],"collection":[{"href":"http:\/\/klubmamgdynia.pl\/index.php\/wp-json\/wp\/v2\/product"}],"about":[{"href":"http:\/\/klubmamgdynia.pl\/index.php\/wp-json\/wp\/v2\/types\/product"}],"replies":[{"embeddable":true,"href":"http:\/\/klubmamgdynia.pl\/index.php\/wp-json\/wp\/v2\/comments?post=7696"}],"wp:featuredmedia":[{"embeddable":true,"href":"http:\/\/klubmamgdynia.pl\/index.php\/wp-json\/wp\/v2\/media\/7697"}],"wp:attachment":[{"href":"http:\/\/klubmamgdynia.pl\/index.php\/wp-json\/wp\/v2\/media?parent=7696"}],"wp:term":[{"taxonomy":"product_cat","embeddable":true,"href":"http:\/\/klubmamgdynia.pl\/index.php\/wp-json\/wp\/v2\/product_cat?post=7696"},{"taxonomy":"product_tag","embeddable":true,"href":"http:\/\/klubmamgdynia.pl\/index.php\/wp-json\/wp\/v2\/product_tag?post=7696"}],"curies":[{"name":"wp","href":"https:\/\/api.w.org\/{rel}","templated":true}]}}