{"id":7698,"date":"2014-07-17T23:14:21","date_gmt":"2014-07-17T21:14:21","guid":{"rendered":"http:\/\/klubmamgdynia.pl\/index.php\/produkt\/bburago-tor-wyscigowy-go-gears-extreme-double-vortex-z-2-samochodami-30532\/"},"modified":"2026-04-06T03:08:54","modified_gmt":"2026-04-06T01:08:54","slug":"bburago-tor-wyscigowy-go-gears-extreme-double-vortex-z-2-samochodami-30532","status":"publish","type":"product","link":"http:\/\/klubmamgdynia.pl\/index.php\/produkt\/bburago-tor-wyscigowy-go-gears-extreme-double-vortex-z-2-samochodami-30532\/","title":{"rendered":"Bburago Tor Wy\u015bcigowy Go Gears Extreme Double Vortex Z 2 Samochodami (30532)"},"content":{"rendered":"<p>Tor wy\u015bcigowy BBURAGO GO Gears Extreme Double Vortex z dwoma samochodzikami<\/p>\n<h2>Bburago Tor Wy\u015bcigowy Go Gears Extreme Double Vortex Z 2 Samochodami (30532) Bburago<\/h2>\n<p>kolorowanki dla dziewczynek do druku, kolorowanka traktor, co oznacza imi\u0119 alan, gda\u0144sk atrakcje dla m\u0142odzie\u017cy, zagadki z odpowiedziami, wzruszajace cytaty o rodzinie, ko\u0142ysanka tekst, mia<\/p>\n<p>yyyyy<\/p>\n<p>&nbsp;<\/p>\n","protected":false},"excerpt":{"rendered":"<p>Tor wy\u015bcigowy BBURAGO GO Gears Extreme Double Vortex z dwoma samochodzikami Bburago Tor Wy\u015bcigowy Go Gears Extreme Double Vortex Z 2 Samochodami (30532) Bburago kolorowanki dla dziewczynek do druku, kolorowanka traktor, co oznacza imi\u0119 alan, gda\u0144sk atrakcje dla m\u0142odzie\u017cy, zagadki z odpowiedziami, wzruszajace cytaty o rodzinie, ko\u0142ysanka tekst, mia yyyyy &nbsp;<\/p>\n","protected":false},"featured_media":7699,"comment_status":"closed","ping_status":"open","template":"","meta":[],"product_cat":[519,141],"product_tag":[775,621,737],"class_list":["post-7698","product","type-product","status-publish","has-post-thumbnail","hentry","product_cat-bburago","product_cat-parkingi-garaze-i-tory-wyscigowe","product_tag-kolorowanki-do-druku-pokemon","product_tag-prezenty-roczek","product_tag-test-z-lektury-felix-net-i-nika-oraz-gang-niewidzialnych-ludzi"],"_links":{"self":[{"href":"http:\/\/klubmamgdynia.pl\/index.php\/wp-json\/wp\/v2\/product\/7698","targetHints":{"allow":["GET"]}}],"collection":[{"href":"http:\/\/klubmamgdynia.pl\/index.php\/wp-json\/wp\/v2\/product"}],"about":[{"href":"http:\/\/klubmamgdynia.pl\/index.php\/wp-json\/wp\/v2\/types\/product"}],"replies":[{"embeddable":true,"href":"http:\/\/klubmamgdynia.pl\/index.php\/wp-json\/wp\/v2\/comments?post=7698"}],"wp:featuredmedia":[{"embeddable":true,"href":"http:\/\/klubmamgdynia.pl\/index.php\/wp-json\/wp\/v2\/media\/7699"}],"wp:attachment":[{"href":"http:\/\/klubmamgdynia.pl\/index.php\/wp-json\/wp\/v2\/media?parent=7698"}],"wp:term":[{"taxonomy":"product_cat","embeddable":true,"href":"http:\/\/klubmamgdynia.pl\/index.php\/wp-json\/wp\/v2\/product_cat?post=7698"},{"taxonomy":"product_tag","embeddable":true,"href":"http:\/\/klubmamgdynia.pl\/index.php\/wp-json\/wp\/v2\/product_tag?post=7698"}],"curies":[{"name":"wp","href":"https:\/\/api.w.org\/{rel}","templated":true}]}}