{"id":770,"date":"2012-05-22T02:32:02","date_gmt":"2012-05-22T00:32:02","guid":{"rendered":"http:\/\/klubmamgdynia.pl\/index.php\/produkt\/baby-born-butelka-z-nakladka-826904\/"},"modified":"2026-04-28T20:50:38","modified_gmt":"2026-04-28T18:50:38","slug":"baby-born-butelka-z-nakladka-826904","status":"publish","type":"product","link":"http:\/\/klubmamgdynia.pl\/index.php\/produkt\/baby-born-butelka-z-nakladka-826904\/","title":{"rendered":"Baby Born Butelka Z Nak\u0142adk\u0105 826904"},"content":{"rendered":"<p>Butelka dla lalki Niebieska                            <\/p>\n<p>Kolorowa buteleczka dla lalek Baby born posiada dwie, wymienne ko\u0144c\u00f3wki, kt\u00f3re pozwalaj\u0105 na u\u017cycie jej dla wszystkich laleczek Baby born. W zestawie znajduje si\u0119 tak\u017ce nakr\u0119tka, zabezpieczaj\u0105ca przed wylaniem wody.                            <\/p>\n<p>Zapf Creation &#8211; Baby Born<br \/>\nBaby Born to urocza lalka, kt\u00f3ra ro\u015bnie razem z dziewczynk\u0105. Czasami Baby Born jest jak ma\u0142e dziecko, kt\u00f3re potrzebuje troskliwej opieki, a innym razem to towarzysz zabaw i najlepszy przyjaciel, kt\u00f3ry pod\u0105\u017ca za swoj\u0105 &#8222;mam\u0105&#8221;. W tym celu marka Zapf Creation stworzy\u0142a lalki tematyczne takie jak ksi\u0119\u017cniczka, lekarz czy baletnica, a tak\u017ce mn\u00f3stwo interaktywnych akcesori\u00f3w.<\/p>\n<h2>Baby Born Butelka Z Nak\u0142adk\u0105 826904 BABY BORN<\/h2>\n<p>plan lekcji do druku, uk\u0142ad s\u0142oneczny dla dzieci do druku, test z pana kleksa, zagadki o lesie, imi\u0119 nela<\/p>\n<p>yyyyy<\/p>\n<p>&nbsp;<\/p>\n","protected":false},"excerpt":{"rendered":"<p>Butelka dla lalki Niebieska Kolorowa buteleczka dla lalek Baby born posiada dwie, wymienne ko\u0144c\u00f3wki, kt\u00f3re pozwalaj\u0105 na u\u017cycie jej dla wszystkich laleczek Baby born. W zestawie znajduje si\u0119 tak\u017ce nakr\u0119tka, zabezpieczaj\u0105ca przed wylaniem wody. Zapf Creation &#8211; Baby Born Baby Born to urocza lalka, kt\u00f3ra ro\u015bnie razem z dziewczynk\u0105. Czasami Baby Born jest jak ma\u0142e [&hellip;]<\/p>\n","protected":false},"featured_media":771,"comment_status":"closed","ping_status":"open","template":"","meta":[],"product_cat":[172,176],"product_tag":[871,730,689,687],"class_list":["post-770","product","type-product","status-publish","has-post-thumbnail","hentry","product_cat-akcesoria-dla-lalek","product_cat-baby-born","product_tag-bajka-o-smoku-wawelskim","product_tag-karyna","product_tag-linda","product_tag-podchwytliwe-zagadki-matematyczne"],"_links":{"self":[{"href":"http:\/\/klubmamgdynia.pl\/index.php\/wp-json\/wp\/v2\/product\/770","targetHints":{"allow":["GET"]}}],"collection":[{"href":"http:\/\/klubmamgdynia.pl\/index.php\/wp-json\/wp\/v2\/product"}],"about":[{"href":"http:\/\/klubmamgdynia.pl\/index.php\/wp-json\/wp\/v2\/types\/product"}],"replies":[{"embeddable":true,"href":"http:\/\/klubmamgdynia.pl\/index.php\/wp-json\/wp\/v2\/comments?post=770"}],"wp:featuredmedia":[{"embeddable":true,"href":"http:\/\/klubmamgdynia.pl\/index.php\/wp-json\/wp\/v2\/media\/771"}],"wp:attachment":[{"href":"http:\/\/klubmamgdynia.pl\/index.php\/wp-json\/wp\/v2\/media?parent=770"}],"wp:term":[{"taxonomy":"product_cat","embeddable":true,"href":"http:\/\/klubmamgdynia.pl\/index.php\/wp-json\/wp\/v2\/product_cat?post=770"},{"taxonomy":"product_tag","embeddable":true,"href":"http:\/\/klubmamgdynia.pl\/index.php\/wp-json\/wp\/v2\/product_tag?post=770"}],"curies":[{"name":"wp","href":"https:\/\/api.w.org\/{rel}","templated":true}]}}