{"id":7702,"date":"2013-09-02T01:00:30","date_gmt":"2013-09-01T23:00:30","guid":{"rendered":"http:\/\/klubmamgdynia.pl\/index.php\/produkt\/ortanol-max-20mg-14-tabletek\/"},"modified":"2026-04-19T21:24:14","modified_gmt":"2026-04-19T19:24:14","slug":"ortanol-max-20mg-14-tabletek","status":"publish","type":"product","link":"http:\/\/klubmamgdynia.pl\/index.php\/produkt\/ortanol-max-20mg-14-tabletek\/","title":{"rendered":"Ortanol Max 20mg 14 tabletek"},"content":{"rendered":"<p>Ortanol Max<\/p>\n<p>Wskazania:\u00a0leczenie objaw\u00f3w refluksu \u017co\u0142\u0105dkowo &#8211; prze\u0142ykowego (np. zgaga, zarzucanie tre\u015bci \u017co\u0142\u0105dkowej) u doros\u0142ych.Sk\u0142ad:\u00a01 kapsu\u0142ka Ortanol Max\u00a0zawiera 20mg omeprazolu oraz substancje pomocnicze: Granulki: hydroksypropyloceluloza o niskim stopniu podstawienia, celuloza mikrokrystaliczna, laktoza bezwodna, powidon, polisorbat 80, magnezu tlenek, talk, kwasu metakrylowego kopolimer, dyspersja typu C, 30% wodna dyspersja (d.s. 38,700 mg), trietylu cytrynian, magnezu stearynian.Otoczka: \u017celatyna, tytanu dwutlenek (E171).Tusz: szelak, glikol propylenowy, amonowy wodorotlenek, \u017celaza tlenek czarny (E172) lub szelak, \u017celaza tlenek czarny (E172), glikol propylenowy, st\u0119\u017cony roztw\u00f3r amoniaku, potasu wodorotlenek.Dzia\u0142anie:\u00a0inhibitor pompy protonowej w kom\u00f3rkach ok\u0142adzinowych \u017co\u0142\u0105dka. Hamuje wydzielanie kwasu solnego.Dawkowanie:\u00a0nale\u017cy przyjmowa\u0107 jedn\u0105 kapsu\u0142k\u0119 20mg raz na dob\u0119 przez 14dni.Przeciwwskazania:\u00a0nadwra\u017cliwo\u015b\u0107 na sk\u0142adniki preparatu. Pacjenci z zaburzeniami czynno\u015bci w\u0105troby leczeni klarytromycyn\u0105. Pacjenci leczeni atazanawirem lub nelfinawir. Nale\u017cy zachowa\u0107 ostro\u017cno\u015b\u0107 podczas terapii skojarzonej, szczeg\u00f3lnie u pacjent\u00f3w z zaburzeniami czynno\u015bci w\u0105troby i nerek. Nie stosowa\u0107 u pacjent\u00f3w z wyst\u0119puj\u0105c\u0105 dziedziczn\u0105 nietolerancj\u0105 galaktozy, niedoborem laktazy (typu Lapp) lub zespo\u0142em z\u0142ego wch\u0142aniania glukozy-galaktozy.<\/p>\n<h2>Ortanol Max 20mg 14 tabletek Sandoz<\/h2>\n<p>gry dla m\u0142odzie\u017cy, kolorowanki lol surprise, macierzy\u0144stwo cytaty, kolorowanka piesek, wz\u00f3r drzewo genealogiczne szablon do wydruku, misie z film\u00f3w animowanych, zagadka dla dzieci, kolorowanka prezent, maska wilka szablon, test z opowie\u015bci z narnii, zagadki o wiosnie<\/p>\n<p>yyyyy<\/p>\n<p>&nbsp;<\/p>\n","protected":false},"excerpt":{"rendered":"<p>Ortanol Max Wskazania:\u00a0leczenie objaw\u00f3w refluksu \u017co\u0142\u0105dkowo &#8211; prze\u0142ykowego (np. zgaga, zarzucanie tre\u015bci \u017co\u0142\u0105dkowej) u doros\u0142ych.Sk\u0142ad:\u00a01 kapsu\u0142ka Ortanol Max\u00a0zawiera 20mg omeprazolu oraz substancje pomocnicze: Granulki: hydroksypropyloceluloza o niskim stopniu podstawienia, celuloza mikrokrystaliczna, laktoza bezwodna, powidon, polisorbat 80, magnezu tlenek, talk, kwasu metakrylowego kopolimer, dyspersja typu C, 30% wodna dyspersja (d.s. 38,700 mg), trietylu cytrynian, magnezu stearynian.Otoczka: [&hellip;]<\/p>\n","protected":false},"featured_media":7703,"comment_status":"closed","ping_status":"open","template":"","meta":[],"product_cat":[1638,212],"product_tag":[734,739,627,635],"class_list":["post-7702","product","type-product","status-publish","has-post-thumbnail","hentry","product_cat-sandoz","product_cat-uklad-pokarmowy","product_tag-milan-imie","product_tag-prima-aprilis-w-szkole","product_tag-quiz-dzieci-z-bullerbyn","product_tag-znaki-drogowe-do-druku"],"_links":{"self":[{"href":"http:\/\/klubmamgdynia.pl\/index.php\/wp-json\/wp\/v2\/product\/7702","targetHints":{"allow":["GET"]}}],"collection":[{"href":"http:\/\/klubmamgdynia.pl\/index.php\/wp-json\/wp\/v2\/product"}],"about":[{"href":"http:\/\/klubmamgdynia.pl\/index.php\/wp-json\/wp\/v2\/types\/product"}],"replies":[{"embeddable":true,"href":"http:\/\/klubmamgdynia.pl\/index.php\/wp-json\/wp\/v2\/comments?post=7702"}],"wp:featuredmedia":[{"embeddable":true,"href":"http:\/\/klubmamgdynia.pl\/index.php\/wp-json\/wp\/v2\/media\/7703"}],"wp:attachment":[{"href":"http:\/\/klubmamgdynia.pl\/index.php\/wp-json\/wp\/v2\/media?parent=7702"}],"wp:term":[{"taxonomy":"product_cat","embeddable":true,"href":"http:\/\/klubmamgdynia.pl\/index.php\/wp-json\/wp\/v2\/product_cat?post=7702"},{"taxonomy":"product_tag","embeddable":true,"href":"http:\/\/klubmamgdynia.pl\/index.php\/wp-json\/wp\/v2\/product_tag?post=7702"}],"curies":[{"name":"wp","href":"https:\/\/api.w.org\/{rel}","templated":true}]}}