{"id":7704,"date":"2011-05-01T02:35:04","date_gmt":"2011-05-01T00:35:04","guid":{"rendered":"http:\/\/klubmamgdynia.pl\/index.php\/produkt\/sterntaler-recznik-kapielowy-z-kapturem-mabel-rozowy-100x100cm-r-100x100cm\/"},"modified":"2026-04-11T06:28:52","modified_gmt":"2026-04-11T04:28:52","slug":"sterntaler-recznik-kapielowy-z-kapturem-mabel-rozowy-100x100cm-r-100x100cm","status":"publish","type":"product","link":"http:\/\/klubmamgdynia.pl\/index.php\/produkt\/sterntaler-recznik-kapielowy-z-kapturem-mabel-rozowy-100x100cm-r-100x100cm\/","title":{"rendered":"Sterntaler R\u0119cznik K\u0105pielowy Z Kapturem Mabel R\u00f3\u017cowy 100X100Cm &#8211; R. 100X100Cm"},"content":{"rendered":"<p>Szczeg\u00f3\u0142y produktu: R\u0119cznik k\u0105pielowy z kapturem wykonany z mi\u0119kkiej tkaniny frotte (ekologicznej). Z wyhaftowanym motywem myszki Mabel Wymiary i waga: Wymiary: 100 x 100 cm Materia\u0142 i piel\u0119gnacja: Materia\u0142: 100 % bawe\u0142na organiczna Mo\u017cna pra\u0107 w temperaturze do 60\u00b0 C Sucho\u015b\u0107 przy zmniejszonym obci\u0105\u017ceniu cieplnym Nie czy\u015bci\u0107 na sucho Nie wybiela\u0107<\/p>\n<h2>Sterntaler R\u0119cznik K\u0105pielowy Z Kapturem Mabel R\u00f3\u017cowy 100X100Cm &#8211; R. 100X100Cm Sterntaler<\/h2>\n<p>alina, kr\u00f3tkie bajki do czytania pdf, dziecko cytaty z\u0142ote my\u015bli, kolorowanki miasto dzieci, bajka o emocjach, jak zrobi\u0107 wulkan, test dynastia mizio\u0142k\u00f3w, gry i zabawy ruchowe, dzie\u0144 matki w\u0142asnor\u0119czny prezent dla mamy od dziecka, zagadki logiczne dla dzieci, cytaty dla dzieci, cytat mama, psikusy na prima aprilis<\/p>\n<p>yyyyy<\/p>\n<p>&nbsp;<\/p>\n","protected":false},"excerpt":{"rendered":"<p>Szczeg\u00f3\u0142y produktu: R\u0119cznik k\u0105pielowy z kapturem wykonany z mi\u0119kkiej tkaniny frotte (ekologicznej). Z wyhaftowanym motywem myszki Mabel Wymiary i waga: Wymiary: 100 x 100 cm Materia\u0142 i piel\u0119gnacja: Materia\u0142: 100 % bawe\u0142na organiczna Mo\u017cna pra\u0107 w temperaturze do 60\u00b0 C Sucho\u015b\u0107 przy zmniejszonym obci\u0105\u017ceniu cieplnym Nie czy\u015bci\u0107 na sucho Nie wybiela\u0107 Sterntaler R\u0119cznik K\u0105pielowy Z [&hellip;]<\/p>\n","protected":false},"featured_media":7705,"comment_status":"closed","ping_status":"open","template":"","meta":[],"product_cat":[30,33],"product_tag":[645,735,621,820],"class_list":["post-7704","product","type-product","status-publish","has-post-thumbnail","hentry","product_cat-reczniki-i-okrycia-kapielowe","product_cat-sterntaler","product_tag-latwe-zagadki","product_tag-prezent-na-roczek-dziewczynka","product_tag-prezenty-roczek","product_tag-ziemia-wyspa-zielona-tekst"],"_links":{"self":[{"href":"http:\/\/klubmamgdynia.pl\/index.php\/wp-json\/wp\/v2\/product\/7704","targetHints":{"allow":["GET"]}}],"collection":[{"href":"http:\/\/klubmamgdynia.pl\/index.php\/wp-json\/wp\/v2\/product"}],"about":[{"href":"http:\/\/klubmamgdynia.pl\/index.php\/wp-json\/wp\/v2\/types\/product"}],"replies":[{"embeddable":true,"href":"http:\/\/klubmamgdynia.pl\/index.php\/wp-json\/wp\/v2\/comments?post=7704"}],"wp:featuredmedia":[{"embeddable":true,"href":"http:\/\/klubmamgdynia.pl\/index.php\/wp-json\/wp\/v2\/media\/7705"}],"wp:attachment":[{"href":"http:\/\/klubmamgdynia.pl\/index.php\/wp-json\/wp\/v2\/media?parent=7704"}],"wp:term":[{"taxonomy":"product_cat","embeddable":true,"href":"http:\/\/klubmamgdynia.pl\/index.php\/wp-json\/wp\/v2\/product_cat?post=7704"},{"taxonomy":"product_tag","embeddable":true,"href":"http:\/\/klubmamgdynia.pl\/index.php\/wp-json\/wp\/v2\/product_tag?post=7704"}],"curies":[{"name":"wp","href":"https:\/\/api.w.org\/{rel}","templated":true}]}}