{"id":7706,"date":"2023-03-22T13:44:58","date_gmt":"2023-03-22T12:44:58","guid":{"rendered":"http:\/\/klubmamgdynia.pl\/?post_type=product&#038;p=7706"},"modified":"2026-04-29T01:05:45","modified_gmt":"2026-04-28T23:05:45","slug":"sterntaler-pokrywka-na-kubek","status":"publish","type":"product","link":"http:\/\/klubmamgdynia.pl\/index.php\/produkt\/sterntaler-pokrywka-na-kubek\/","title":{"rendered":"Sterntaler Pokrywka Na Kubek"},"content":{"rendered":"<p>Nak\u0142adka zamykaj\u0105ca (pokrywka do picia) na kubki z uchwytami. Idealny dodatek do kubk\u00f3w z uchwytami Sterntaler. Szczeg\u00f3\u0142y: wymiary (d\u0142. x szer. x wys.): 5 x 7,5 x 7,5 cm Materia\u0142: 65 % Polipropylen, 35 % Polietylen Wk\u0142adka: 80 % Polipropylen, 20 % Polietylen + Silikon piel\u0119gnacja: Nadaje si\u0119 do mycia w zmywarce wysokiej jako\u015bci wykonanie Produkt przeznaczony dla dzieci od 6 miesi\u0105ca \u017cycia. Uwaga! Produktu nie nale\u017cy u\u017cywa\u0107 w mikrofal\u00f3wce.<\/p>\n<h2>Sterntaler Pokrywka Na Kubek Sterntaler<\/h2>\n<p>quiz o zwierz\u0119tach domowych, zagadki dla dzieci 9-10 lat z odpowiedziami, cytat o dzieciach, test z dzieci z bullerbyn, quizy flagi, adrian imie, listy do \u015bwi\u0119tego miko\u0142aja, wzruszaj\u0105ce s\u0142owa dla przyjaci\u00f3\u0142ki, kolorowanka pokemon<\/p>\n<p>yyyyy<\/p>\n<p>&nbsp;<\/p>\n","protected":false},"excerpt":{"rendered":"<p>Nak\u0142adka zamykaj\u0105ca (pokrywka do picia) na kubki z uchwytami. Idealny dodatek do kubk\u00f3w z uchwytami Sterntaler. Szczeg\u00f3\u0142y: wymiary (d\u0142. x szer. x wys.): 5 x 7,5 x 7,5 cm Materia\u0142: 65 % Polipropylen, 35 % Polietylen Wk\u0142adka: 80 % Polipropylen, 20 % Polietylen + Silikon piel\u0119gnacja: Nadaje si\u0119 do mycia w zmywarce wysokiej jako\u015bci wykonanie [&hellip;]<\/p>\n","protected":false},"featured_media":7707,"comment_status":"closed","ping_status":"open","template":"","meta":[],"product_cat":[215,33],"product_tag":[603,864,692,621],"class_list":["post-7706","product","type-product","status-publish","has-post-thumbnail","hentry","product_cat-naczynia-i-sztucce-dla-dzieci","product_cat-sterntaler","product_tag-bajki-do-czytania","product_tag-basen-warszawa","product_tag-prezenty-na-roczek","product_tag-prezenty-roczek"],"_links":{"self":[{"href":"http:\/\/klubmamgdynia.pl\/index.php\/wp-json\/wp\/v2\/product\/7706","targetHints":{"allow":["GET"]}}],"collection":[{"href":"http:\/\/klubmamgdynia.pl\/index.php\/wp-json\/wp\/v2\/product"}],"about":[{"href":"http:\/\/klubmamgdynia.pl\/index.php\/wp-json\/wp\/v2\/types\/product"}],"replies":[{"embeddable":true,"href":"http:\/\/klubmamgdynia.pl\/index.php\/wp-json\/wp\/v2\/comments?post=7706"}],"wp:featuredmedia":[{"embeddable":true,"href":"http:\/\/klubmamgdynia.pl\/index.php\/wp-json\/wp\/v2\/media\/7707"}],"wp:attachment":[{"href":"http:\/\/klubmamgdynia.pl\/index.php\/wp-json\/wp\/v2\/media?parent=7706"}],"wp:term":[{"taxonomy":"product_cat","embeddable":true,"href":"http:\/\/klubmamgdynia.pl\/index.php\/wp-json\/wp\/v2\/product_cat?post=7706"},{"taxonomy":"product_tag","embeddable":true,"href":"http:\/\/klubmamgdynia.pl\/index.php\/wp-json\/wp\/v2\/product_tag?post=7706"}],"curies":[{"name":"wp","href":"https:\/\/api.w.org\/{rel}","templated":true}]}}