{"id":7708,"date":"2023-11-06T02:59:09","date_gmt":"2023-11-06T01:59:09","guid":{"rendered":"http:\/\/klubmamgdynia.pl\/?post_type=product&#038;p=7708"},"modified":"2026-04-12T16:24:37","modified_gmt":"2026-04-12T14:24:37","slug":"klein-pas-bosch-z-narzedziami-z-wkretarka-ixolino-2-8313-zabawka","status":"publish","type":"product","link":"http:\/\/klubmamgdynia.pl\/index.php\/produkt\/klein-pas-bosch-z-narzedziami-z-wkretarka-ixolino-2-8313-zabawka\/","title":{"rendered":"Klein Pas Bosch z narz\u0119dziami z wkr\u0119tark\u0105 Ixolino 2 (8313) &#8211; Zabawka"},"content":{"rendered":"<p>Klein Pas Bosch z narz\u0119dziami z wkr\u0119tark\u0105 Ixolino 2 8313<\/p>\n<h2>Klein Pas Bosch z narz\u0119dziami z wkr\u0119tark\u0105 Ixolino 2 (8313) &#8211; Zabawka Klein<\/h2>\n<p>najlepsze \u017carty na prima aprilis, zyczenia walentynkowe dla dzieci, skalne miasto, kr\u00f3tkie zagadki logiczne, kolorowanki konie, kolorowanki konie do druku, test z lektury asiunia joanna papuzi\u0144ska, karnawa\u0142 maska karnawa\u0142owa szablon, znaki drogowe quizy, smieszne zagadki, platformy edukacyjne dla dzieci<\/p>\n<p>yyyyy<\/p>\n<p>&nbsp;<\/p>\n","protected":false},"excerpt":{"rendered":"<p>Klein Pas Bosch z narz\u0119dziami z wkr\u0119tark\u0105 Ixolino 2 8313 Klein Pas Bosch z narz\u0119dziami z wkr\u0119tark\u0105 Ixolino 2 (8313) &#8211; Zabawka Klein najlepsze \u017carty na prima aprilis, zyczenia walentynkowe dla dzieci, skalne miasto, kr\u00f3tkie zagadki logiczne, kolorowanki konie, kolorowanki konie do druku, test z lektury asiunia joanna papuzi\u0144ska, karnawa\u0142 maska karnawa\u0142owa szablon, znaki drogowe [&hellip;]<\/p>\n","protected":false},"featured_media":7709,"comment_status":"closed","ping_status":"open","template":"","meta":[],"product_cat":[53,52],"product_tag":[667,609,592,712],"class_list":["post-7708","product","type-product","status-publish","has-post-thumbnail","hentry","product_cat-kaciki-zabaw","product_cat-klein","product_tag-kolorowanka-lol","product_tag-quiz-flagi-europy","product_tag-zagadki-dla-dzieci","product_tag-zagadki-o-zwierzetach"],"_links":{"self":[{"href":"http:\/\/klubmamgdynia.pl\/index.php\/wp-json\/wp\/v2\/product\/7708","targetHints":{"allow":["GET"]}}],"collection":[{"href":"http:\/\/klubmamgdynia.pl\/index.php\/wp-json\/wp\/v2\/product"}],"about":[{"href":"http:\/\/klubmamgdynia.pl\/index.php\/wp-json\/wp\/v2\/types\/product"}],"replies":[{"embeddable":true,"href":"http:\/\/klubmamgdynia.pl\/index.php\/wp-json\/wp\/v2\/comments?post=7708"}],"wp:featuredmedia":[{"embeddable":true,"href":"http:\/\/klubmamgdynia.pl\/index.php\/wp-json\/wp\/v2\/media\/7709"}],"wp:attachment":[{"href":"http:\/\/klubmamgdynia.pl\/index.php\/wp-json\/wp\/v2\/media?parent=7708"}],"wp:term":[{"taxonomy":"product_cat","embeddable":true,"href":"http:\/\/klubmamgdynia.pl\/index.php\/wp-json\/wp\/v2\/product_cat?post=7708"},{"taxonomy":"product_tag","embeddable":true,"href":"http:\/\/klubmamgdynia.pl\/index.php\/wp-json\/wp\/v2\/product_tag?post=7708"}],"curies":[{"name":"wp","href":"https:\/\/api.w.org\/{rel}","templated":true}]}}