{"id":7710,"date":"2014-08-19T01:36:18","date_gmt":"2014-08-18T23:36:18","guid":{"rendered":"http:\/\/klubmamgdynia.pl\/index.php\/produkt\/inglesina-sketch-navy-spacerowy\/"},"modified":"2026-05-17T22:12:32","modified_gmt":"2026-05-17T20:12:32","slug":"inglesina-sketch-navy-spacerowy","status":"publish","type":"product","link":"http:\/\/klubmamgdynia.pl\/index.php\/produkt\/inglesina-sketch-navy-spacerowy\/","title":{"rendered":"Inglesina Sketch Navy Spacerowy"},"content":{"rendered":"<p>Lekka, komfortowa i wygodna&#8230;<\/p>\n<h2>Inglesina Sketch Navy Spacerowy Inglesina<\/h2>\n<p>zagadki o zwierz\u0119tach wiejskich, sonia imi\u0119, piesek kolorowanka, bajki dla dzieci na dobranoc, super zings kolorowanki, jak narysowa\u0107 oko, psi patrol kolorowanka, mia i ja kolorowanki do druku, dyplomy szablony pdf, pomys\u0142 na roczek, wzory dyplom\u00f3w do pobrania, bajka o emocjach, film o \u015bwi\u0119tach dla dzieci, prezent dla nastoletniego ch\u0142opca, w\u0142ochy, filmy wigilijne dla dzieci, plan lekcji do druku<\/p>\n<p>yyyyy<\/p>\n<p>&nbsp;<\/p>\n","protected":false},"excerpt":{"rendered":"<p>Lekka, komfortowa i wygodna&#8230; Inglesina Sketch Navy Spacerowy Inglesina zagadki o zwierz\u0119tach wiejskich, sonia imi\u0119, piesek kolorowanka, bajki dla dzieci na dobranoc, super zings kolorowanki, jak narysowa\u0107 oko, psi patrol kolorowanka, mia i ja kolorowanki do druku, dyplomy szablony pdf, pomys\u0142 na roczek, wzory dyplom\u00f3w do pobrania, bajka o emocjach, film o \u015bwi\u0119tach dla dzieci, [&hellip;]<\/p>\n","protected":false},"featured_media":7711,"comment_status":"closed","ping_status":"open","template":"","meta":[],"product_cat":[1268,71],"product_tag":[728,618,582,621,770,714],"class_list":["post-7710","product","type-product","status-publish","has-post-thumbnail","hentry","product_cat-inglesina","product_cat-wozki-spacerowe","product_tag-bezwarunkowa-milosc-do-dziecka-cytaty","product_tag-lato-lato-lato-czeka-tekst","product_tag-nauka-pisania-literek-do-wydruku-pdf","product_tag-prezenty-roczek","product_tag-samolot-z-papieru","product_tag-zagadki-logiczne"],"_links":{"self":[{"href":"http:\/\/klubmamgdynia.pl\/index.php\/wp-json\/wp\/v2\/product\/7710","targetHints":{"allow":["GET"]}}],"collection":[{"href":"http:\/\/klubmamgdynia.pl\/index.php\/wp-json\/wp\/v2\/product"}],"about":[{"href":"http:\/\/klubmamgdynia.pl\/index.php\/wp-json\/wp\/v2\/types\/product"}],"replies":[{"embeddable":true,"href":"http:\/\/klubmamgdynia.pl\/index.php\/wp-json\/wp\/v2\/comments?post=7710"}],"wp:featuredmedia":[{"embeddable":true,"href":"http:\/\/klubmamgdynia.pl\/index.php\/wp-json\/wp\/v2\/media\/7711"}],"wp:attachment":[{"href":"http:\/\/klubmamgdynia.pl\/index.php\/wp-json\/wp\/v2\/media?parent=7710"}],"wp:term":[{"taxonomy":"product_cat","embeddable":true,"href":"http:\/\/klubmamgdynia.pl\/index.php\/wp-json\/wp\/v2\/product_cat?post=7710"},{"taxonomy":"product_tag","embeddable":true,"href":"http:\/\/klubmamgdynia.pl\/index.php\/wp-json\/wp\/v2\/product_tag?post=7710"}],"curies":[{"name":"wp","href":"https:\/\/api.w.org\/{rel}","templated":true}]}}