{"id":7712,"date":"2020-03-09T11:17:52","date_gmt":"2020-03-09T10:17:52","guid":{"rendered":"http:\/\/klubmamgdynia.pl\/index.php\/produkt\/viga-stemple-puzzle-6236\/"},"modified":"2026-05-02T18:25:44","modified_gmt":"2026-05-02T16:25:44","slug":"viga-stemple-puzzle-6236","status":"publish","type":"product","link":"http:\/\/klubmamgdynia.pl\/index.php\/produkt\/viga-stemple-puzzle-6236\/","title":{"rendered":"Viga Stemple Puzzle 6236"},"content":{"rendered":"<p>Viga Stemple drewniane &#8211; zwierz\u0119ta. Aktywna zabawa od najm\u0142odszych lat! Stemple drewniane &#8211; zwierz\u0119ta zach\u0119ca do stymuluj\u0105cej i rozwijaj\u0105cej zabawy Korzystnie wp\u0142ywa na rozw\u00f3j psychoruchowy oraz wyobra\u017ani\u0119 dziecka Produkt wykonany z bezpiecznych i trwa\u0142ych materia\u0142\u00f3w Zabaw\u0119 czas zacz\u0105\u0107! Solidne stemple w kszta\u0142cie zwierz\u0105tek wykonane z wysokiej jako\u015bci drewna s\u0105 \u015bwietn\u0105 zabawk\u0105 rozwijaj\u0105c\u0105 kreatywno\u015b\u0107 oraz tw\u00f3rczo\u015b\u0107 Twojego male\u0144stwa. Stemple maj\u0105 kszta\u0142t pi\u0119ciu r\u00f3\u017cno-kolorowych zwierz\u0105tek. Wzbogac\u0105 zabaw\u0119 z piaskiem kinetycznym jak i zwyk\u0142\u0105 plastelin\u0105, dziecko b\u0119dzie mog\u0142o odrysowa\u0107 kszta\u0142t ulubionego zwierz\u0105tka na kartce. Najm\u0142odsi u\u017cytkownicy naucz\u0105 si\u0119 dopasowywania. Ka\u017cde zwierz\u0105tko \u2013 puzzel posiada wygodny uchwyt u\u0142atwiaj\u0105cy chwytanie stempli. Do walor\u00f3w edukacyjnych mo\u017cemy zaliczy\u0107 rozw\u00f3j koordynacji r\u0119ka-oko oraz percepcji wzrokowej. Zabawka, kt\u00f3ra zach\u0119ca do rozwoju! Elementy uk\u0142adanki s\u0105 idealne dla ma\u0142ych r\u0105czek, dzi\u0119ki czemu nauka nigdy si\u0119 nie znudzi. Takie \u0107wiczenia to doskona\u0142e przygotowanie do przysz\u0142ej edukacji przedszkolnej jak i wsp\u00f3lna zabawa z dzieckiem. Nie bez znaczenia jest fakt, \u017ce ta zabawka wspiera rozw\u00f3j umiej\u0119tno\u015bci, takich jak motoryka d\u0142oni, zr\u0119czno\u015b\u0107, zdolno\u015bci manualne, kojarzenie kszta\u0142t\u00f3w i kolor\u00f3w dzi\u0119ki przypisaniu do odpowiedniej grupy wiekowej. Przede wszystkim &#8211; jako\u015b\u0107! Zabawki marki VIGA- to innowacyjne po\u0142\u0105czenie zabawy i nauki, wysoka jako\u015b\u0107 materia\u0142\u00f3w i precyzja wykonania pozwalaj\u0105 na ca\u0142\u0105 mas\u0119 beztroskiej i radosnej zabawy. Ponadto zabawki Viga rozwijaj\u0105 zmys\u0142 wzroku, s\u0142uchu, dotyku i r\u00f3wnowagi. Wspomagaj\u0105 rozw\u00f3j dziecka poprzez mnogo\u015b\u0107 funkcji, kontakt z estetycznymi materia\u0142ami, wysokiej jako\u015bci takimi jak drewno czy karton. Wszystkie zabawki s\u0105 przypisane do odpowiedniej kategorii wiekowej, aby Nasze pociechy wspiera\u0107 i \u0107wiczy\u0107 adekwatnych do wieku umiej\u0119tno\u015bci, takich jak motoryka d\u0142oni, zr\u0119czno\u015b\u0107, zdolno\u015bci manualne, kojarzenie kszta\u0142t\u00f3w i kolor\u00f3w czy nauka chodzenia.<\/p>\n<h2>Viga Stemple Puzzle 6236 Viga<\/h2>\n<p>znaczenie imienia milan, lucyna, zaproszenie na urodziny dziecka do druku, kanapki na urodziny dziecka, jak narysowa\u0107 kr\u00f3lika, szablon krokus kolorowanka, tajemniczy ogr\u00f3d test z lektury, bajki na dobranoc do czytania, piosenki na dobranoc tekst, cytat matka, zdania do pisania dla dzieci do wydruku, bajka o biedronce, \u015bmieszne zagadki logiczne, quiz o \u015bwi\u0119tach bo\u017cego narodzenia, ninjago kolorowanki, malowane kamienie, kolorowanka piesek, zagadki do rozwi\u0105zania, ilona<\/p>\n<p>yyyyy<\/p>\n<p>&nbsp;<\/p>\n","protected":false},"excerpt":{"rendered":"<p>Viga Stemple drewniane &#8211; zwierz\u0119ta. Aktywna zabawa od najm\u0142odszych lat! Stemple drewniane &#8211; zwierz\u0119ta zach\u0119ca do stymuluj\u0105cej i rozwijaj\u0105cej zabawy Korzystnie wp\u0142ywa na rozw\u00f3j psychoruchowy oraz wyobra\u017ani\u0119 dziecka Produkt wykonany z bezpiecznych i trwa\u0142ych materia\u0142\u00f3w Zabaw\u0119 czas zacz\u0105\u0107! Solidne stemple w kszta\u0142cie zwierz\u0105tek wykonane z wysokiej jako\u015bci drewna s\u0105 \u015bwietn\u0105 zabawk\u0105 rozwijaj\u0105c\u0105 kreatywno\u015b\u0107 oraz tw\u00f3rczo\u015b\u0107 [&hellip;]<\/p>\n","protected":false},"featured_media":7713,"comment_status":"closed","ping_status":"open","template":"","meta":[],"product_cat":[1106,99],"product_tag":[706,582,866,876],"class_list":["post-7712","product","type-product","status-publish","has-post-thumbnail","hentry","product_cat-viga","product_cat-zabawki-ekologiczne","product_tag-imie-kuba","product_tag-nauka-pisania-literek-do-wydruku-pdf","product_tag-opis-do-zdjecia-dziecka-na-fb","product_tag-przyjazn"],"_links":{"self":[{"href":"http:\/\/klubmamgdynia.pl\/index.php\/wp-json\/wp\/v2\/product\/7712","targetHints":{"allow":["GET"]}}],"collection":[{"href":"http:\/\/klubmamgdynia.pl\/index.php\/wp-json\/wp\/v2\/product"}],"about":[{"href":"http:\/\/klubmamgdynia.pl\/index.php\/wp-json\/wp\/v2\/types\/product"}],"replies":[{"embeddable":true,"href":"http:\/\/klubmamgdynia.pl\/index.php\/wp-json\/wp\/v2\/comments?post=7712"}],"wp:featuredmedia":[{"embeddable":true,"href":"http:\/\/klubmamgdynia.pl\/index.php\/wp-json\/wp\/v2\/media\/7713"}],"wp:attachment":[{"href":"http:\/\/klubmamgdynia.pl\/index.php\/wp-json\/wp\/v2\/media?parent=7712"}],"wp:term":[{"taxonomy":"product_cat","embeddable":true,"href":"http:\/\/klubmamgdynia.pl\/index.php\/wp-json\/wp\/v2\/product_cat?post=7712"},{"taxonomy":"product_tag","embeddable":true,"href":"http:\/\/klubmamgdynia.pl\/index.php\/wp-json\/wp\/v2\/product_tag?post=7712"}],"curies":[{"name":"wp","href":"https:\/\/api.w.org\/{rel}","templated":true}]}}