{"id":7714,"date":"2024-11-15T15:43:45","date_gmt":"2024-11-15T14:43:45","guid":{"rendered":"http:\/\/klubmamgdynia.pl\/?post_type=product&#038;p=7714"},"modified":"2026-04-06T11:05:58","modified_gmt":"2026-04-06T09:05:58","slug":"alvi-sleep-overall-light-zoo-animals-taupe-r-100-cm","status":"publish","type":"product","link":"http:\/\/klubmamgdynia.pl\/index.php\/produkt\/alvi-sleep-overall-light-zoo-animals-taupe-r-100-cm\/","title":{"rendered":"Alvi Sleep Overall Light Zoo Animals Taupe R. 100 Cm"},"content":{"rendered":"<p>Szczeg\u00f3\u0142y produktu: Warto\u015b\u0107 TOG: 1.0 Sen og\u00f3lnie Light Du\u017co swobody, \u017ceby si\u0119 wyszale\u0107 Zatrzaski do szybkiej wymiany D\u0142ugi bezpieczny zamek b\u0142yskawiczny z os\u0142on\u0105 podbr\u00f3dka Mi\u0119kkie, pr\u0105\u017ckowane mankiety Oeko-Tex Standard 100 Materia\u0142 i piel\u0119gnacja: Materia\u0142: 100% bawe\u0142na Normalny cykl prania w temperaturze do 60\u00b0 C Suszy\u0107 w suszarce b\u0119bnowej W zestawie: 1x sen og\u00f3\u0142em Light Kt\u00f3ry rozmiar jest w\u0142a\u015bciwy? Je\u015bli Tw\u00f3j ma\u0142y ulubieniec mie\u015bci si\u0119 mi\u0119dzy 2 rozmiarami, to zasada jest zawsze taka: Wyro\u015bnij, nie bud\u017a si\u0119. W tym przypadku lepiej wybra\u0107 ma\u0142y rozmiar, poniewa\u017c w przeciwnym razie dekolt m\u00f3g\u0142by by\u0107 zbyt du\u017cy. Co dziecko nosi pod \u015bpiworkiem? Z warto\u015bciami TOG do optymalnego klimatu snu. Odpowiednia temperatura w \u0142\u00f3\u017ceczku dziecka jest nie tylko wa\u017cna, ale r\u00f3wnie\u017c rodzi pytania rodzic\u00f3w o odpowiednie ubranko: Czy \u015bpiw\u00f3r jest wystarczaj\u0105cy, czy te\u017c aktualna temperatura w pomieszczeniu sprawia, \u017ce konieczna jest dodatkowa bielizna do spania? Ta tabela warto\u015bci TOG zapewnia jasno\u015b\u0107. Warto\u015b\u0107 TOG s\u0142u\u017cy do okre\u015blenia oporu cieplnego tekstyli\u00f3w. Og\u00f3lnie rzecz bior\u0105c, im wy\u017csza warto\u015b\u0107 TOG, tym \u015bpiw\u00f3r b\u0119dzie cieplejszy. Dzi\u0119ki temu przegl\u0105dowi rodzice wiedz\u0105 dok\u0142adnie, jakie kombinacje \u015bpiworka i ubranka Alvi \u00ae zapewniaj\u0105 dziecku optymalny klimat do spania &#8211; dla bezpiecznego i spokojnego snu dziecka.<\/p>\n<h2>Alvi Sleep Overall Light Zoo Animals Taupe R. 100 Cm Alvi<\/h2>\n<p>bardzo trudne zagadki, najrzadsze imiona w polsce, urodziny dziecka pomys\u0142y, kornelia, znaczenie imienia julian, pomys\u0142 na roczek, zagadki o psach, bajka psi patrol do czytania, jasmin imie, imiona \u017ce\u0144skie nietypowe, pomys\u0142 na prezent na roczek, test z lektury asiunia joanna papuzi\u0144ska, jak narysowa\u0107 sanie miko\u0142aja, prezent na \u015bwi\u0119ta dla nastolatka, cytaty korczak, zagadki o bajkach, ba\u015bniowe imiona \u017ce\u0144skie, narodziny dziecka cytat, zaproszenia na urodziny dla dzieci do druku, test magiczne drzewo czerwone krzes\u0142o, hymn g\u00f3rniczy<\/p>\n<p>yyyyy<\/p>\n<p>&nbsp;<\/p>\n","protected":false},"excerpt":{"rendered":"<p>Szczeg\u00f3\u0142y produktu: Warto\u015b\u0107 TOG: 1.0 Sen og\u00f3lnie Light Du\u017co swobody, \u017ceby si\u0119 wyszale\u0107 Zatrzaski do szybkiej wymiany D\u0142ugi bezpieczny zamek b\u0142yskawiczny z os\u0142on\u0105 podbr\u00f3dka Mi\u0119kkie, pr\u0105\u017ckowane mankiety Oeko-Tex Standard 100 Materia\u0142 i piel\u0119gnacja: Materia\u0142: 100% bawe\u0142na Normalny cykl prania w temperaturze do 60\u00b0 C Suszy\u0107 w suszarce b\u0119bnowej W zestawie: 1x sen og\u00f3\u0142em Light Kt\u00f3ry [&hellip;]<\/p>\n","protected":false},"featured_media":7715,"comment_status":"closed","ping_status":"open","template":"","meta":[],"product_cat":[121,395],"product_tag":[642,604,767],"class_list":["post-7714","product","type-product","status-publish","has-post-thumbnail","hentry","product_cat-alvi","product_cat-spiworki","product_tag-mia-imie","product_tag-zagadki-trudne","product_tag-zaproszenia-urodzinowe-do-druku"],"_links":{"self":[{"href":"http:\/\/klubmamgdynia.pl\/index.php\/wp-json\/wp\/v2\/product\/7714","targetHints":{"allow":["GET"]}}],"collection":[{"href":"http:\/\/klubmamgdynia.pl\/index.php\/wp-json\/wp\/v2\/product"}],"about":[{"href":"http:\/\/klubmamgdynia.pl\/index.php\/wp-json\/wp\/v2\/types\/product"}],"replies":[{"embeddable":true,"href":"http:\/\/klubmamgdynia.pl\/index.php\/wp-json\/wp\/v2\/comments?post=7714"}],"wp:featuredmedia":[{"embeddable":true,"href":"http:\/\/klubmamgdynia.pl\/index.php\/wp-json\/wp\/v2\/media\/7715"}],"wp:attachment":[{"href":"http:\/\/klubmamgdynia.pl\/index.php\/wp-json\/wp\/v2\/media?parent=7714"}],"wp:term":[{"taxonomy":"product_cat","embeddable":true,"href":"http:\/\/klubmamgdynia.pl\/index.php\/wp-json\/wp\/v2\/product_cat?post=7714"},{"taxonomy":"product_tag","embeddable":true,"href":"http:\/\/klubmamgdynia.pl\/index.php\/wp-json\/wp\/v2\/product_tag?post=7714"}],"curies":[{"name":"wp","href":"https:\/\/api.w.org\/{rel}","templated":true}]}}