{"id":7716,"date":"2025-09-23T13:41:33","date_gmt":"2025-09-23T11:41:33","guid":{"rendered":"http:\/\/klubmamgdynia.pl\/?post_type=product&#038;p=7716"},"modified":"2026-05-17T23:05:37","modified_gmt":"2026-05-17T21:05:37","slug":"drewniana-wiata-garazowa-zadaszenie-na-kampera","status":"publish","type":"product","link":"http:\/\/klubmamgdynia.pl\/index.php\/produkt\/drewniana-wiata-garazowa-zadaszenie-na-kampera\/","title":{"rendered":"Drewniana Wiata Gara\u017cowa Zadaszenie Na Kampera"},"content":{"rendered":"<p>Cena 640 pln netto\/m2 &#8211; jest to cena, od kt\u00f3rej rozpoczynamy produkcj\u0119. W zale\u017cno\u015bci od u\u017cytych materia\u0142\u00f3w, dadatk\u00f3w lub zam\u00f3wienia wiaty gara\u017cowej wraz z monta\u017cem finalna cena wzrasta.Wiata gara\u017cowa drewnianaWiaty gara\u017cowe wykonujemy w ca\u0142o\u015bci z drewna klejonego warstwowo. Konstrukcja zadaszenia zosta\u0142a zaprojektowana zgodnie z najnowszymi normami na obci\u0105\u017cenie \u015bniegiem i wiatrem. Parametry konstrukcji mo\u017cemy dowolnie modyfikowa\u0107 na d\u0142ugo\u015b\u0107 na szeroko\u015b\u0107 i na wysoko\u015b\u0107.Wiata na samoch\u00f3dPokrycia dach\u00f3w przez nas stosowane to r\u00f3\u017cnego rodzaju poliw\u0119glany lite b\u0105d\u017a komorowe. Poliw\u0119glan jest materia\u0142em lekkim z du\u017c\u0105 odporno\u015bci\u0105 na r\u00f3\u017cnic\u0119 temperatur, wstrz\u0105sy i uderzenia. W ofercie posiadamy pokrycia o r\u00f3\u017cnej grubo\u015bci, strukturze oraz kolorystyce. Wszystkie poliw\u0119glany posiadaj\u0105 filtr UV.Kolor konstrukcji zadaszenia samochodowegoKonstrukcje wiat gara\u017cowych malowane s\u0105 trzema warstwami najwy\u017cszej jako\u015bci ekologicznymi impregnatami akrylowymi firmy TEKNOS. Technologia malowania zapewnia profesjonaln\u0105 ochron\u0119 drewna przez wiele lat. Podstawowa paleta kolor\u00f3w znajduje si\u0119 poni\u017cej, pozosta\u0142e kolory ze strony producenta dost\u0119pne s\u0105 na specjalne zam\u00f3wienie.Wiata drewniana dodatkiJako dodatki do oferowanych przez nas wiat drewnianych oferujemy:- drewniane \u017caluzje ogrodowe na taras z mo\u017cliwo\u015bci\u0105 ich regulacji,- balustrady,- wysokiej jako\u015bci elementy wykonane ze stali nierdzewnej,- systemy rynnowe,- o\u015bwietlenie LED,- wodoodporne nag\u0142o\u015bnienie zewn\u0119trzne.DZIA\u0141AMY KOMPLEKSOWO Z DOSTAW\u0104 I MONTA\u017bEM NA TERENIE CA\u0141EJ POLSKISzczeg\u00f3\u0142y naszej oferty w tym ceny, wymiary i pe\u0142ny opis oferowanych przez nas carport\u00f3w znajd\u0105 Pa\u0144stwo stronie internetowejCena 640 pln netto\/m2 &#8211; jest to cena, od kt\u00f3rej rozpoczynamy produkcj\u0119. W zale\u017cno\u015bci od u\u017cytych materia\u0142\u00f3w, dadatk\u00f3w lub zam\u00f3wienia wiaty gara\u017cowej wraz z monta\u017cem finalna cena wzrasta.<\/p>\n<h2>Drewniana Wiata Gara\u017cowa Zadaszenie Na Kampera Inny<\/h2>\n<p>rozalia imi\u0119, zagadka logiczna, prezent dla 1 latka, kr\u00f3tkie \u017cyczenia wielkanocne dla dzieci, zagadki wielkanocne dla doros\u0142ych, wierszyk o choince, zagadki dla dzieci z odpowiedziami, wz\u00f3r drzewo genealogiczne szablon do wydruku, krok jak narysowa\u0107 konia, lucyna, \u015bmigus dyngus lany poniedzia\u0142ek zyczenia, trudne zagadki na inteligencj\u0119<\/p>\n<p>yyyyy<\/p>\n<p>&nbsp;<\/p>\n","protected":false},"excerpt":{"rendered":"<p>Cena 640 pln netto\/m2 &#8211; jest to cena, od kt\u00f3rej rozpoczynamy produkcj\u0119. W zale\u017cno\u015bci od u\u017cytych materia\u0142\u00f3w, dadatk\u00f3w lub zam\u00f3wienia wiaty gara\u017cowej wraz z monta\u017cem finalna cena wzrasta.Wiata gara\u017cowa drewnianaWiaty gara\u017cowe wykonujemy w ca\u0142o\u015bci z drewna klejonego warstwowo. Konstrukcja zadaszenia zosta\u0142a zaprojektowana zgodnie z najnowszymi normami na obci\u0105\u017cenie \u015bniegiem i wiatrem. Parametry konstrukcji mo\u017cemy dowolnie [&hellip;]<\/p>\n","protected":false},"featured_media":7717,"comment_status":"closed","ping_status":"open","template":"","meta":[],"product_cat":[169,1041],"product_tag":[844,669,612,624],"class_list":["post-7716","product","type-product","status-publish","has-post-thumbnail","hentry","product_cat-inny","product_cat-pawilony-altanki-i-domki","product_tag-co-kupic-na-roczek","product_tag-kolorowanki","product_tag-kolorowanki-do-druku","product_tag-krotkie-zagadki"],"_links":{"self":[{"href":"http:\/\/klubmamgdynia.pl\/index.php\/wp-json\/wp\/v2\/product\/7716","targetHints":{"allow":["GET"]}}],"collection":[{"href":"http:\/\/klubmamgdynia.pl\/index.php\/wp-json\/wp\/v2\/product"}],"about":[{"href":"http:\/\/klubmamgdynia.pl\/index.php\/wp-json\/wp\/v2\/types\/product"}],"replies":[{"embeddable":true,"href":"http:\/\/klubmamgdynia.pl\/index.php\/wp-json\/wp\/v2\/comments?post=7716"}],"wp:featuredmedia":[{"embeddable":true,"href":"http:\/\/klubmamgdynia.pl\/index.php\/wp-json\/wp\/v2\/media\/7717"}],"wp:attachment":[{"href":"http:\/\/klubmamgdynia.pl\/index.php\/wp-json\/wp\/v2\/media?parent=7716"}],"wp:term":[{"taxonomy":"product_cat","embeddable":true,"href":"http:\/\/klubmamgdynia.pl\/index.php\/wp-json\/wp\/v2\/product_cat?post=7716"},{"taxonomy":"product_tag","embeddable":true,"href":"http:\/\/klubmamgdynia.pl\/index.php\/wp-json\/wp\/v2\/product_tag?post=7716"}],"curies":[{"name":"wp","href":"https:\/\/api.w.org\/{rel}","templated":true}]}}