{"id":772,"date":"2020-06-18T05:20:37","date_gmt":"2020-06-18T03:20:37","guid":{"rendered":"http:\/\/klubmamgdynia.pl\/index.php\/produkt\/simba-abc-koziolkujaca-straz-pozarna-104011699\/"},"modified":"2026-04-30T20:56:19","modified_gmt":"2026-04-30T18:56:19","slug":"simba-abc-koziolkujaca-straz-pozarna-104011699","status":"publish","type":"product","link":"http:\/\/klubmamgdynia.pl\/index.php\/produkt\/simba-abc-koziolkujaca-straz-pozarna-104011699\/","title":{"rendered":"Simba Abc Kozio\u0142kuj\u0105ca Stra\u017c Po\u017carna (104011699)"},"content":{"rendered":"<p>ABC Kozio\u0142kuj\u0105ca stra\u017c po\u017carnaPo naci\u015bni\u0119ciu koguta na dachu stra\u017c kozio\u0142kuje, zabawka z d\u017awi\u0119kiem, d\u0142ugo\u015b\u0107 20 cm, na baterie 4&#215;1,5V LR6 (brak w zestawie).Informacje o produkcieMarka (Zabawki) ABCNr katalogowy104011699Rodzaj (pojazdy\/modele) Stra\u017cackieWymagania wiekowe od 12 miesi\u0119cyP\u0142e\u0107 (zabawki) Ch\u0142opcyKolor (wyliczeniowy) CzerwonyD\u0142ugo\u015b\u0107 20 cmZasilanie Baterie\/akumulatory AAPozosta\u0142e parametryWymiary opakowania: 18,7 x 14,7 x 22,3 cm<\/p>\n<h2>Simba Abc Kozio\u0142kuj\u0105ca Stra\u017c Po\u017carna (104011699) Simba<\/h2>\n<p>prezenty dla 16 latki, znaczenie imienia julian, bianka, kolorowanki do druku dla dziewczyn, miko\u0142ajki 2021 warszawa, zak\u0142adka do ksi\u0105\u017cki szablon do druku, cytaty o mi\u0142o\u015bci do dziecka, melania znaczenie imienia, bajka do czytania na dobranoc, pomys\u0142y na prima aprilis w szkole, otto, twarz wiosny do druku<\/p>\n<p>yyyyy<\/p>\n<p>&nbsp;<\/p>\n","protected":false},"excerpt":{"rendered":"<p>ABC Kozio\u0142kuj\u0105ca stra\u017c po\u017carnaPo naci\u015bni\u0119ciu koguta na dachu stra\u017c kozio\u0142kuje, zabawka z d\u017awi\u0119kiem, d\u0142ugo\u015b\u0107 20 cm, na baterie 4&#215;1,5V LR6 (brak w zestawie).Informacje o produkcieMarka (Zabawki) ABCNr katalogowy104011699Rodzaj (pojazdy\/modele) Stra\u017cackieWymagania wiekowe od 12 miesi\u0119cyP\u0142e\u0107 (zabawki) Ch\u0142opcyKolor (wyliczeniowy) CzerwonyD\u0142ugo\u015b\u0107 20 cmZasilanie Baterie\/akumulatory AAPozosta\u0142e parametryWymiary opakowania: 18,7 x 14,7 x 22,3 cm Simba Abc Kozio\u0142kuj\u0105ca Stra\u017c Po\u017carna [&hellip;]<\/p>\n","protected":false},"featured_media":773,"comment_status":"closed","ping_status":"open","template":"","meta":[],"product_cat":[279,61],"product_tag":[589,846,576,873],"class_list":["post-772","product","type-product","status-publish","has-post-thumbnail","hentry","product_cat-simba","product_cat-zabawki-edukacyjne-dla-niemowlat","product_tag-prezent-dla-rocznego-dziecka","product_tag-rysowanki","product_tag-trudne-zagadki","product_tag-zagadki-z-odpowiedziami-dla-dzieci"],"_links":{"self":[{"href":"http:\/\/klubmamgdynia.pl\/index.php\/wp-json\/wp\/v2\/product\/772","targetHints":{"allow":["GET"]}}],"collection":[{"href":"http:\/\/klubmamgdynia.pl\/index.php\/wp-json\/wp\/v2\/product"}],"about":[{"href":"http:\/\/klubmamgdynia.pl\/index.php\/wp-json\/wp\/v2\/types\/product"}],"replies":[{"embeddable":true,"href":"http:\/\/klubmamgdynia.pl\/index.php\/wp-json\/wp\/v2\/comments?post=772"}],"wp:featuredmedia":[{"embeddable":true,"href":"http:\/\/klubmamgdynia.pl\/index.php\/wp-json\/wp\/v2\/media\/773"}],"wp:attachment":[{"href":"http:\/\/klubmamgdynia.pl\/index.php\/wp-json\/wp\/v2\/media?parent=772"}],"wp:term":[{"taxonomy":"product_cat","embeddable":true,"href":"http:\/\/klubmamgdynia.pl\/index.php\/wp-json\/wp\/v2\/product_cat?post=772"},{"taxonomy":"product_tag","embeddable":true,"href":"http:\/\/klubmamgdynia.pl\/index.php\/wp-json\/wp\/v2\/product_tag?post=772"}],"curies":[{"name":"wp","href":"https:\/\/api.w.org\/{rel}","templated":true}]}}