{"id":7720,"date":"2024-02-09T13:03:31","date_gmt":"2024-02-09T12:03:31","guid":{"rendered":"http:\/\/klubmamgdynia.pl\/?post_type=product&#038;p=7720"},"modified":"2026-05-17T22:52:45","modified_gmt":"2026-05-17T20:52:45","slug":"kirkman-childrens-multi-vitamin-minerals-with-5-mthf-120-kaps","status":"publish","type":"product","link":"http:\/\/klubmamgdynia.pl\/index.php\/produkt\/kirkman-childrens-multi-vitamin-minerals-with-5-mthf-120-kaps\/","title":{"rendered":"Kirkman Children\u2019s Multi-Vitamin Minerals with 5-MTHF 120 kaps"},"content":{"rendered":"<p>Suplement diety to zestaw witamin i minera\u0142\u00f3w dla dzieci, zawieraj\u0105cy witaminy: A, C, D, E, B1, B2, B6, B12, kwas foliowy w postaci 5-MTHF (s\u00f3l glukozaminowa kwasu (6S)-5-metylotetrahydrofoliowego), niacyn\u0119, kwas pantotenowy, biotyn\u0119, minera\u0142y: jod, cynk, selen, mangan, chrom, molibden oraz koenzym Q10.Zastosowanie: uzupe\u0142nienie diety w sk\u0142adniki zawarte w suplemencie.Zalecane spo\u017cycie: 1 kapsu\u0142ka dziennie.Sk\u0142adniki: kwas L-askorbinowy, octan DL-alfa tokoferylu, pikolinian cynku, diglicynian magnezu, tlenek magnezu (E530 &#8211; regulator kwasowo\u015bci), celuloza ro\u015blinna (E460 &#8211; no\u015bnik), D-biotyna, amid kwasu nikotynowego, D-pantotenian wapnia, ubichinon, cytrynian manganu, dwutlenek krzemu (E551 &#8211; substancja przeciwzbrylaj\u0105ca), L-selenometionina, cholekalcyferol, octan retinylu, chlorowodorek pirydoksyny, palmitynian askorbylu (E304 \u2013 substancja przeciwutleniaj\u0105ca), monoazotan tiaminy, ryboflawina, metylokobalamina, molibdenian amonu, beta-karoten, pikolinian chromu, s\u00f3l glukozaminowa kwasu 6S-5-metylotetrahydrofoliowego, jodek potasu, celuloza ro\u015blinna (os\u0142onka kapsu\u0142ki).1 kapsu\u0142ka produktu zawiera: witamina A 325mcg (41%*), w tym octan retinylu 300mcg, beta-karoten 150mcg**, witamina C (kwas L-askorbinowy) 75mg (94%*), wiamina D (cholekalcyferol) 5mcg (100%*), witamina E (octan DL-alfa tokoferylu) 30mg alfa-TE*** (250%*), witamina B1 (monoazotan tiaminy) 1,5mg (136%*), witamina B2 (ryboflawina) 1,7mg (121%*), niacyna (amid kwasu nikotynowego) 10mgNE*** (63%*), witamina B6 (chlorowodorek pirydoksyny) 2mg (143%*), kwa foliowy (s\u00f3l glukozaminowa kwasu 6S-5-metylotetrahydrofoliowego) 200mcg (100%), witamina B12 (metylokobalamina) 12mcg (480%*), biotyna (D-biotyna) 150mcg (300%*), kwas pantonenowy (D-pantotenian wapnia) 5mg (83%*), jod (jodek potasu) 75mcg (50%*), cynk (pikolinian cynku) 10mg (100%), selen (L-selenometionina) 35mcg (64%*), mangan (cytrynian manganu) 1mg (50%*), chrom (pikolinian chromu) 12,5mcg (31%*), molibden (molibdenian amonu) 37,5mcg (75%*), koenzym Q10 (ubichinon) 5mg.* RWS &#8211; Referencyjna Warto\u015b\u0107 Spo\u017cycia** 150mcg beta-karotenu odpowiada 25mcg ekwiwalentu retinolu*** alfa-TE &#8211; ekwiwalent alfa-tokoferolu**** ekwiwalent niacynyWa\u017cne wskaz\u00f3wki:Nie nale\u017cy przekracza\u0107 zalecanej dziennej porcji.Zr\u00f3wnowa\u017cony spos\u00f3b \u017cywienia i prawid\u0142owy tryb \u017cycia jest wa\u017cny dla funkcjonowania organizmu cz\u0142owieka.Suplement diety nie mo\u017ce by\u0107 stosowany jako substytut (zamiennik) zr\u00f3\u017cnicowanej diety.Produkt nie zawiera sztucznych barwnik\u00f3w i aromat\u00f3w, soi, pszenicy, kazeiny, glutenu, mleka, jaj, dro\u017cd\u017cy, orzech\u00f3w, ryb ani skorupiak\u00f3w.Produkt hipoalergiczny.Kapsu\u0142ki ro\u015blinne.Produkt nale\u017cy przechowywa\u0107 w zamkni\u0119tym opakowaniu, w ch\u0142odnym, suchym miejscu.Produkt nale\u017cy przechowywa\u0107 w miejscu niedost\u0119pnym dla ma\u0142ych dzieci.Producent:Kirkman Group,6400 SW Rosewood Street,Lake Oswego, OR 97035.<\/p>\n<h2>Kirkman Children\u2019s Multi-Vitamin Minerals with 5-MTHF 120 kaps Kirkman<\/h2>\n<p>zagadki o zwierz\u0119tach, test z lektury ten obcy, kolorowanka kotek do druku, kartki na dobranoc dla przyjaci\u00f3\u0142, prezent dla nastolatka, dzie\u0144 pluszowego misia napis, kolorowanki do wydruku, gry i zabawy ruchowe, ostatni dzwonek tekst, dzie\u0144 pluszowego misia 2021, zawiedziona przyja\u017a\u0144 cytaty, kolorowanka potwory, prezenty dla rocznego dziecka, pierwsze urodziny prezent na roczek dla dziewczynki, jak narysowa\u0107 konia, marianna, wiktor, julian znaczenie imienia<\/p>\n<p>yyyyy<\/p>\n<p>&nbsp;<\/p>\n","protected":false},"excerpt":{"rendered":"<p>Suplement diety to zestaw witamin i minera\u0142\u00f3w dla dzieci, zawieraj\u0105cy witaminy: A, C, D, E, B1, B2, B6, B12, kwas foliowy w postaci 5-MTHF (s\u00f3l glukozaminowa kwasu (6S)-5-metylotetrahydrofoliowego), niacyn\u0119, kwas pantotenowy, biotyn\u0119, minera\u0142y: jod, cynk, selen, mangan, chrom, molibden oraz koenzym Q10.Zastosowanie: uzupe\u0142nienie diety w sk\u0142adniki zawarte w suplemencie.Zalecane spo\u017cycie: 1 kapsu\u0142ka dziennie.Sk\u0142adniki: kwas L-askorbinowy, [&hellip;]<\/p>\n","protected":false},"featured_media":7721,"comment_status":"closed","ping_status":"open","template":"","meta":[],"product_cat":[1639,1533],"product_tag":[702,686,589,769,726],"class_list":["post-7720","product","type-product","status-publish","has-post-thumbnail","hentry","product_cat-kirkman","product_cat-suplementy-dla-dzieci","product_tag-co-kupic-na-roczek-dla-dziewczynki","product_tag-co-na-roczek-dla-chlopca","product_tag-prezent-dla-rocznego-dziecka","product_tag-psi-patrol-do-czytania","product_tag-quiz-zemsta"],"_links":{"self":[{"href":"http:\/\/klubmamgdynia.pl\/index.php\/wp-json\/wp\/v2\/product\/7720","targetHints":{"allow":["GET"]}}],"collection":[{"href":"http:\/\/klubmamgdynia.pl\/index.php\/wp-json\/wp\/v2\/product"}],"about":[{"href":"http:\/\/klubmamgdynia.pl\/index.php\/wp-json\/wp\/v2\/types\/product"}],"replies":[{"embeddable":true,"href":"http:\/\/klubmamgdynia.pl\/index.php\/wp-json\/wp\/v2\/comments?post=7720"}],"wp:featuredmedia":[{"embeddable":true,"href":"http:\/\/klubmamgdynia.pl\/index.php\/wp-json\/wp\/v2\/media\/7721"}],"wp:attachment":[{"href":"http:\/\/klubmamgdynia.pl\/index.php\/wp-json\/wp\/v2\/media?parent=7720"}],"wp:term":[{"taxonomy":"product_cat","embeddable":true,"href":"http:\/\/klubmamgdynia.pl\/index.php\/wp-json\/wp\/v2\/product_cat?post=7720"},{"taxonomy":"product_tag","embeddable":true,"href":"http:\/\/klubmamgdynia.pl\/index.php\/wp-json\/wp\/v2\/product_tag?post=7720"}],"curies":[{"name":"wp","href":"https:\/\/api.w.org\/{rel}","templated":true}]}}