{"id":7722,"date":"2014-06-06T09:52:04","date_gmt":"2014-06-06T07:52:04","guid":{"rendered":"http:\/\/klubmamgdynia.pl\/index.php\/produkt\/cybex-epriam-4-0-innowacyjny-z-napedem-elektrycznym-mountain-blue-spacerowy\/"},"modified":"2026-04-30T18:52:35","modified_gmt":"2026-04-30T16:52:35","slug":"cybex-epriam-4-0-innowacyjny-z-napedem-elektrycznym-mountain-blue-spacerowy","status":"publish","type":"product","link":"http:\/\/klubmamgdynia.pl\/index.php\/produkt\/cybex-epriam-4-0-innowacyjny-z-napedem-elektrycznym-mountain-blue-spacerowy\/","title":{"rendered":"Cybex Epriam 4.0 Innowacyjny Z Nap\u0119dem Elektrycznym Mountain Blue Spacerowy"},"content":{"rendered":"<h2>Cybex Epriam 4.0 Innowacyjny Z Nap\u0119dem Elektrycznym Mountain Blue Spacerowy Cybex<\/h2>\n<p>cytaty na dzien dziecka, medrcy swiata, wobies, testy z lektury tajemniczy ogr\u00f3d, zagadki o zwierz\u0119tach, pisanki woskiem wzory, zagadki logiczne na inteligencj\u0119, test ze znak\u00f3w drogowych, zagadki dla dzieci 5 lat, alfabet kolorowanka, asiunia test, miko\u0142ajkowe zabawy, po\u0142\u0105cz kropki do druku, zabawy na dzie\u0144 dziecka w szkole, kuba imi\u0119, \u015bmieszne kanapki kanapki dla dzieci<\/p>\n<p>yyyyy<\/p>\n<p>&nbsp;<\/p>\n","protected":false},"excerpt":{"rendered":"<p>Cybex Epriam 4.0 Innowacyjny Z Nap\u0119dem Elektrycznym Mountain Blue Spacerowy Cybex cytaty na dzien dziecka, medrcy swiata, wobies, testy z lektury tajemniczy ogr\u00f3d, zagadki o zwierz\u0119tach, pisanki woskiem wzory, zagadki logiczne na inteligencj\u0119, test ze znak\u00f3w drogowych, zagadki dla dzieci 5 lat, alfabet kolorowanka, asiunia test, miko\u0142ajkowe zabawy, po\u0142\u0105cz kropki do druku, zabawy na dzie\u0144 [&hellip;]<\/p>\n","protected":false},"featured_media":7723,"comment_status":"closed","ping_status":"open","template":"","meta":[],"product_cat":[34,71],"product_tag":[731,737,625],"class_list":["post-7722","product","type-product","status-publish","has-post-thumbnail","hentry","product_cat-cybex","product_cat-wozki-spacerowe","product_tag-maly-ksiaze-cytaty","product_tag-test-z-lektury-felix-net-i-nika-oraz-gang-niewidzialnych-ludzi","product_tag-trojmiasto-atrakcje-dla-dzieci"],"_links":{"self":[{"href":"http:\/\/klubmamgdynia.pl\/index.php\/wp-json\/wp\/v2\/product\/7722","targetHints":{"allow":["GET"]}}],"collection":[{"href":"http:\/\/klubmamgdynia.pl\/index.php\/wp-json\/wp\/v2\/product"}],"about":[{"href":"http:\/\/klubmamgdynia.pl\/index.php\/wp-json\/wp\/v2\/types\/product"}],"replies":[{"embeddable":true,"href":"http:\/\/klubmamgdynia.pl\/index.php\/wp-json\/wp\/v2\/comments?post=7722"}],"wp:featuredmedia":[{"embeddable":true,"href":"http:\/\/klubmamgdynia.pl\/index.php\/wp-json\/wp\/v2\/media\/7723"}],"wp:attachment":[{"href":"http:\/\/klubmamgdynia.pl\/index.php\/wp-json\/wp\/v2\/media?parent=7722"}],"wp:term":[{"taxonomy":"product_cat","embeddable":true,"href":"http:\/\/klubmamgdynia.pl\/index.php\/wp-json\/wp\/v2\/product_cat?post=7722"},{"taxonomy":"product_tag","embeddable":true,"href":"http:\/\/klubmamgdynia.pl\/index.php\/wp-json\/wp\/v2\/product_tag?post=7722"}],"curies":[{"name":"wp","href":"https:\/\/api.w.org\/{rel}","templated":true}]}}