{"id":7726,"date":"2022-03-07T12:36:40","date_gmt":"2022-03-07T11:36:40","guid":{"rendered":"http:\/\/klubmamgdynia.pl\/index.php\/produkt\/ecotoys-drewniane-klocki-edukacyjne-miasto-100szt-1355\/"},"modified":"2026-05-17T22:30:04","modified_gmt":"2026-05-17T20:30:04","slug":"ecotoys-drewniane-klocki-edukacyjne-miasto-100szt-1355","status":"publish","type":"product","link":"http:\/\/klubmamgdynia.pl\/index.php\/produkt\/ecotoys-drewniane-klocki-edukacyjne-miasto-100szt-1355\/","title":{"rendered":"Ecotoys Drewniane Klocki Edukacyjne Miasto 100Szt. 1355"},"content":{"rendered":"<p>Stan: NowyFaktura: Wystawiam faktur\u0119 VATMarka: EcotoysRodzaj: zestawWiek dziecka: 3 lata +Bohater: brakLiczba element\u00f3w: 100 szt.Materia\u0142: DrewnoWysoko\u015b\u0107 produktu: 23 cmSzeroko\u015b\u0107 produktu: 20.5 cmG\u0142\u0119boko\u015b\u0107 produktu: 20.5 cmWaga produktu z opakowaniem jednostkowym: 1.8 kgKod producenta: SR19001P\u0142e\u0107: Ch\u0142opcy, DziewczynkiCertyfikaty, opinie, atesty: CE, EN 71<\/p>\n<h2>Ecotoys Drewniane Klocki Edukacyjne Miasto 100Szt. 1355 EcoToys<\/h2>\n<p>szlaczki dla dzieci do druku, zagadki o wio\u015bnie dla dzieci, quizy flagi, pch\u0142y na noc, ferie zimowe 2022 warszawa, wierszyki o wakacjach kr\u00f3tkie, prezenty na dzie\u0144 dziecka dla nastolatk\u00f3w, bajki dla ch\u0142opc\u00f3w do czytania, karyna, kundel bury tekst, imi\u0119 iwo, kolorowanki star wars, myszka minnie kolorowanka, papierowe ozdoby \u015bwi\u0105teczne, malowanie past\u0105 do z\u0119b\u00f3w, \u017carty na prima aprilis dla ch\u0142opaka, o\u015brodki wczasowe nad morzem dla rodzin z dzie\u0107mi, \u015bmieszne zagadki dla dzieci, prezent dla 15 latka, test z lektury opowie\u015bci z narnii lew czarownica i stara szafa z odpowiedziami<\/p>\n<p>yyyyy<\/p>\n<p>&nbsp;<\/p>\n","protected":false},"excerpt":{"rendered":"<p>Stan: NowyFaktura: Wystawiam faktur\u0119 VATMarka: EcotoysRodzaj: zestawWiek dziecka: 3 lata +Bohater: brakLiczba element\u00f3w: 100 szt.Materia\u0142: DrewnoWysoko\u015b\u0107 produktu: 23 cmSzeroko\u015b\u0107 produktu: 20.5 cmG\u0142\u0119boko\u015b\u0107 produktu: 20.5 cmWaga produktu z opakowaniem jednostkowym: 1.8 kgKod producenta: SR19001P\u0142e\u0107: Ch\u0142opcy, DziewczynkiCertyfikaty, opinie, atesty: CE, EN 71 Ecotoys Drewniane Klocki Edukacyjne Miasto 100Szt. 1355 EcoToys szlaczki dla dzieci do druku, zagadki o [&hellip;]<\/p>\n","protected":false},"featured_media":7727,"comment_status":"closed","ping_status":"open","template":"","meta":[],"product_cat":[463,99],"product_tag":[676,755,612,638,818],"class_list":["post-7726","product","type-product","status-publish","has-post-thumbnail","hentry","product_cat-ecotoys","product_cat-zabawki-ekologiczne","product_tag-bursztynek","product_tag-henryk","product_tag-kolorowanki-do-druku","product_tag-miastodzieci","product_tag-oliwier"],"_links":{"self":[{"href":"http:\/\/klubmamgdynia.pl\/index.php\/wp-json\/wp\/v2\/product\/7726","targetHints":{"allow":["GET"]}}],"collection":[{"href":"http:\/\/klubmamgdynia.pl\/index.php\/wp-json\/wp\/v2\/product"}],"about":[{"href":"http:\/\/klubmamgdynia.pl\/index.php\/wp-json\/wp\/v2\/types\/product"}],"replies":[{"embeddable":true,"href":"http:\/\/klubmamgdynia.pl\/index.php\/wp-json\/wp\/v2\/comments?post=7726"}],"wp:featuredmedia":[{"embeddable":true,"href":"http:\/\/klubmamgdynia.pl\/index.php\/wp-json\/wp\/v2\/media\/7727"}],"wp:attachment":[{"href":"http:\/\/klubmamgdynia.pl\/index.php\/wp-json\/wp\/v2\/media?parent=7726"}],"wp:term":[{"taxonomy":"product_cat","embeddable":true,"href":"http:\/\/klubmamgdynia.pl\/index.php\/wp-json\/wp\/v2\/product_cat?post=7726"},{"taxonomy":"product_tag","embeddable":true,"href":"http:\/\/klubmamgdynia.pl\/index.php\/wp-json\/wp\/v2\/product_tag?post=7726"}],"curies":[{"name":"wp","href":"https:\/\/api.w.org\/{rel}","templated":true}]}}