{"id":7728,"date":"2023-03-26T01:45:20","date_gmt":"2023-03-26T00:45:20","guid":{"rendered":"http:\/\/klubmamgdynia.pl\/?post_type=product&#038;p=7728"},"modified":"2026-04-24T03:39:48","modified_gmt":"2026-04-24T01:39:48","slug":"monumi-dino-velociraptor-cube-head-mch000113","status":"publish","type":"product","link":"http:\/\/klubmamgdynia.pl\/index.php\/produkt\/monumi-dino-velociraptor-cube-head-mch000113\/","title":{"rendered":"Monumi Dino Velociraptor Cube Head Mch000113"},"content":{"rendered":"<p>Cube Head Dino kolorowanka sk\u0142adanka.Wymiary produktu 24,5 x 14 x 14cmGramatuta papieru 235gWymiary opakowania 32,5 x 25Seria Cube Head Dino to nie tylko kreatywne kolorowanki, to r\u00f3wnie\u017c wspania\u0142a okazja, aby pozna\u0107 \u015bwiat 3D.Cube Head Dino to r\u00f3wnie\u017c wspania\u0142a podr\u00f3\u017c w prehistoryczny \u015bwiat dinozaur\u00f3w, kt\u00f3re rz\u0105dzi\u0142y \u015bwiatem a\u017c przez sto sze\u015b\u0107dziesi\u0105t milion\u00f3w lat! Z tej serii dot\u0119pne te\u017c s\u0105 inne dinuzaury.Wiek: +3<\/p>\n<h2>Monumi Dino Velociraptor Cube Head Mch000113 <\/h2>\n<p>zagadki dla starszych dzieci, kolorowanki konie do druku, pomys\u0142y na prezent dla nastolatki, prezent dla nastolatek, kolorowanki uk\u0142ad s\u0142oneczny, tajemniczy ogr\u00f3d test z odpowiedziami, psikusy na prima aprilis<\/p>\n<p>yyyyy<\/p>\n<p>&nbsp;<\/p>\n","protected":false},"excerpt":{"rendered":"<p>Cube Head Dino kolorowanka sk\u0142adanka.Wymiary produktu 24,5 x 14 x 14cmGramatuta papieru 235gWymiary opakowania 32,5 x 25Seria Cube Head Dino to nie tylko kreatywne kolorowanki, to r\u00f3wnie\u017c wspania\u0142a okazja, aby pozna\u0107 \u015bwiat 3D.Cube Head Dino to r\u00f3wnie\u017c wspania\u0142a podr\u00f3\u017c w prehistoryczny \u015bwiat dinozaur\u00f3w, kt\u00f3re rz\u0105dzi\u0142y \u015bwiatem a\u017c przez sto sze\u015b\u0107dziesi\u0105t milion\u00f3w lat! Z tej serii [&hellip;]<\/p>\n","protected":false},"featured_media":7729,"comment_status":"closed","ping_status":"open","template":"","meta":[],"product_cat":[21],"product_tag":[777,742,824,736,778],"class_list":["post-7728","product","type-product","status-publish","has-post-thumbnail","hentry","product_cat-zabawki-plastyczne","product_tag-co-na-roczek","product_tag-piosenki-dla-dzieci-tekst","product_tag-warszawa-atrakcje-dla-dzieci","product_tag-zabawki-na-roczek","product_tag-zabawki-na-roczek-dla-chlopca"],"_links":{"self":[{"href":"http:\/\/klubmamgdynia.pl\/index.php\/wp-json\/wp\/v2\/product\/7728","targetHints":{"allow":["GET"]}}],"collection":[{"href":"http:\/\/klubmamgdynia.pl\/index.php\/wp-json\/wp\/v2\/product"}],"about":[{"href":"http:\/\/klubmamgdynia.pl\/index.php\/wp-json\/wp\/v2\/types\/product"}],"replies":[{"embeddable":true,"href":"http:\/\/klubmamgdynia.pl\/index.php\/wp-json\/wp\/v2\/comments?post=7728"}],"wp:featuredmedia":[{"embeddable":true,"href":"http:\/\/klubmamgdynia.pl\/index.php\/wp-json\/wp\/v2\/media\/7729"}],"wp:attachment":[{"href":"http:\/\/klubmamgdynia.pl\/index.php\/wp-json\/wp\/v2\/media?parent=7728"}],"wp:term":[{"taxonomy":"product_cat","embeddable":true,"href":"http:\/\/klubmamgdynia.pl\/index.php\/wp-json\/wp\/v2\/product_cat?post=7728"},{"taxonomy":"product_tag","embeddable":true,"href":"http:\/\/klubmamgdynia.pl\/index.php\/wp-json\/wp\/v2\/product_tag?post=7728"}],"curies":[{"name":"wp","href":"https:\/\/api.w.org\/{rel}","templated":true}]}}