{"id":7730,"date":"2020-11-10T07:20:27","date_gmt":"2020-11-10T06:20:27","guid":{"rendered":"http:\/\/klubmamgdynia.pl\/index.php\/produkt\/mesoestetic-mesofiller-global-1ml\/"},"modified":"2026-04-12T16:34:33","modified_gmt":"2026-04-12T14:34:33","slug":"mesoestetic-mesofiller-global-1ml","status":"publish","type":"product","link":"http:\/\/klubmamgdynia.pl\/index.php\/produkt\/mesoestetic-mesofiller-global-1ml\/","title":{"rendered":"Mesoestetic Mesofiller Global 1ml"},"content":{"rendered":"<p>mesofiller\u00ae global &#8211; wysoko usieciowany kwas hialuronowyKwas hialuronowy: 20 mg\/mlMasa cz\u0105steczkowa: 2,4 &#8211; 4 MdaWskazania:Zmarszczki \u015brednio g\u0142\u0119bokieKorekcja i nawil\u017cenie ustPoliczkiBruzdy nosowo-wargoweOkolica wok\u00f3\u0142 ustLinie marionetkiD\u0142onieG\u0142\u0119boko\u015b\u0107 iniekcji: \u015ar\u00f3dsk\u00f3rniePojemno\u015b\u0107: 1x1mlIg\u0142y w zestawie: 2 x 27G 1\/2\u201dmesofiller\u00ae: rozwi\u0105zanie mesoestetic\u00aePo czterech latach bada\u0144 i rozwoju, mesoestetic\u00ae stworzy\u0142 now\u0105 gam\u0119 wype\u0142niaczy na bazie usieciowanego kwasu hialuronowego. Wype\u0142niacze mesoestetic\u00ae maj\u0105 pochodzenie w pe\u0142ni biotechnologiczne oraz s\u0105 kompatybilne ze sk\u00f3r\u0105 i ca\u0142kowicie biodegradowalne. Laboratorium mesoestetic\u00ae, specjalista od ponad 30 lat obecny w dziedzinie medycyny estetycznej, przedstawia gam\u0119 mesofi ller\u00ae \u2013 najnowszej generacji wype\u0142niacze na bazie wysoko usieciowanego i wysoko oczyszczonego kwasu hialuronowego do korekcji zmarszczek i odnowy wolumetrii sk\u00f3ry twarzy.Ampu\u0142kostrzykawki jednorazowego u\u017cytku. Trwa\u0142o\u015b\u0107 i \u0142atwo\u015b\u0107 przechowywania.Ergonomiczny t\u0142ok, zakres ruchu 360o gwarantuj\u0105 stabilno\u015b\u0107 i pe\u0142n\u0105 kontrol\u0119 podczas iniekcji.Zabezpieczenie luer-lock dla maksymalnego bezpiecze\u0144stwa i komfortu zabiegu.Odwr\u00f3cona podzia\u0142ka na strzykawce.Jednolito\u015b\u0107 iniekcji i jednorodno\u015b\u0107 dyfuzji gwarantuje maksymaln\u0105 dok\u0142adno\u015b\u0107 iniekcji.Du\u017ca \u0142atwo\u015b\u0107 i komfort iniekcji.Jako\u015b\u0107 kwasu hialuronowegoNajwy\u017cszej jako\u015bci usieciowany kwas hialuronowy do wype\u0142nie\u0144.Transparentny \u017cel, w 100% jednofazowy (nie zawiera wolnego kwasu hialuronowego), wiskoelastyczny, pochodzenia biotechnologicznego. Biokompatybilny i ca\u0142kowicie wch\u0142anialny.Innowacyjna technologia densiMatrix\u00ae od mesoestetic\u00aeProces jednolitego sieciowania czynnikiem BDDE pozwala na uzyskanie wysoko usieciowanej macierzy kwasu hialuronowego. 100% usieciowanych \u0142a\u0144cuch\u00f3w kwasu hialuronowego = doskona\u0142a trwa\u0142o\u015b\u0107 i odporno\u015b\u0107 na degradacj\u0119.Wyj\u0105tkowy proces oczyszczania: pozwala na maksymaln\u0105 redukcj\u0119 poziomu szcz\u0105tkowego BDDE i uzyskanie wysoko oczyszczonego, jednofazowego kwasu hialuronowego (zawarto\u015b\u0107 szcz\u0105tkowego BDDE poni\u017cej 0,001 ppm). Mo\u017cliwie najni\u017csza zawarto\u015b\u0107 szcz\u0105tkowego BDDE gwarantuje minimalne ryzyko nietolerancji i wyst\u0105pienia skutk\u00f3w ubocznych.Maksymalne bezpiecze\u0144stwo: nadrz\u0119dn\u0105 misj\u0105 mesoestetic\u00ae jest zagwarantowanie najwy\u017cszej jako\u015bci wytwarzanych produkt\u00f3w. Produkcja wype\u0142niaczy mesofi ller\u00ae przebiega zgodnie z procedur\u0105 E.P.P.S (Esterilization Permanent Production System) oraz standardami GMP, a tak\u017ce ISO 13485 i ISO 9001. Wype\u0142niacze mesofi ller\u00ae posiadaj\u0105 certyfi kacj\u0119 CE0373, zgodn\u0105 z European Medical Devices Directive MDD 93\/42\/EEC.<\/p>\n<h2>Mesoestetic Mesofiller Global 1ml <\/h2>\n<p>imi\u0119 kuba, zadania dla 7 latka do druku, kanapeczki na urodziny dziecka, mamo mamusiu pusto w mym brzusiu tekst, kr\u00f3tkie bajki na dobranoc do czytania<\/p>\n<p>yyyyy<\/p>\n<p>&nbsp;<\/p>\n","protected":false},"excerpt":{"rendered":"<p>mesofiller\u00ae global &#8211; wysoko usieciowany kwas hialuronowyKwas hialuronowy: 20 mg\/mlMasa cz\u0105steczkowa: 2,4 &#8211; 4 MdaWskazania:Zmarszczki \u015brednio g\u0142\u0119bokieKorekcja i nawil\u017cenie ustPoliczkiBruzdy nosowo-wargoweOkolica wok\u00f3\u0142 ustLinie marionetkiD\u0142onieG\u0142\u0119boko\u015b\u0107 iniekcji: \u015ar\u00f3dsk\u00f3rniePojemno\u015b\u0107: 1x1mlIg\u0142y w zestawie: 2 x 27G 1\/2\u201dmesofiller\u00ae: rozwi\u0105zanie mesoestetic\u00aePo czterech latach bada\u0144 i rozwoju, mesoestetic\u00ae stworzy\u0142 now\u0105 gam\u0119 wype\u0142niaczy na bazie usieciowanego kwasu hialuronowego. Wype\u0142niacze mesoestetic\u00ae maj\u0105 pochodzenie w [&hellip;]<\/p>\n","protected":false},"featured_media":7731,"comment_status":"closed","ping_status":"open","template":"","meta":[],"product_cat":[1640],"product_tag":[825,587,872,823,712,715],"class_list":["post-7730","product","type-product","status-publish","has-post-thumbnail","hentry","product_cat-wyposazenie-medyczne","product_tag-bajka-na-dobranoc-do-czytania","product_tag-skalne-miasto","product_tag-zagadki-dla-dzieci-6-lat","product_tag-zagadki-dla-dzieci-7-lat","product_tag-zagadki-o-zwierzetach","product_tag-zosia-samosia"],"_links":{"self":[{"href":"http:\/\/klubmamgdynia.pl\/index.php\/wp-json\/wp\/v2\/product\/7730","targetHints":{"allow":["GET"]}}],"collection":[{"href":"http:\/\/klubmamgdynia.pl\/index.php\/wp-json\/wp\/v2\/product"}],"about":[{"href":"http:\/\/klubmamgdynia.pl\/index.php\/wp-json\/wp\/v2\/types\/product"}],"replies":[{"embeddable":true,"href":"http:\/\/klubmamgdynia.pl\/index.php\/wp-json\/wp\/v2\/comments?post=7730"}],"wp:featuredmedia":[{"embeddable":true,"href":"http:\/\/klubmamgdynia.pl\/index.php\/wp-json\/wp\/v2\/media\/7731"}],"wp:attachment":[{"href":"http:\/\/klubmamgdynia.pl\/index.php\/wp-json\/wp\/v2\/media?parent=7730"}],"wp:term":[{"taxonomy":"product_cat","embeddable":true,"href":"http:\/\/klubmamgdynia.pl\/index.php\/wp-json\/wp\/v2\/product_cat?post=7730"},{"taxonomy":"product_tag","embeddable":true,"href":"http:\/\/klubmamgdynia.pl\/index.php\/wp-json\/wp\/v2\/product_tag?post=7730"}],"curies":[{"name":"wp","href":"https:\/\/api.w.org\/{rel}","templated":true}]}}