{"id":7732,"date":"2015-01-28T22:16:39","date_gmt":"2015-01-28T21:16:39","guid":{"rendered":"http:\/\/klubmamgdynia.pl\/index.php\/produkt\/hudora-wirnik-magnezowy-air-12-czarno-limegreen-10372-czarny\/"},"modified":"2026-05-17T22:46:52","modified_gmt":"2026-05-17T20:46:52","slug":"hudora-wirnik-magnezowy-air-12-czarno-limegreen-10372-czarny","status":"publish","type":"product","link":"http:\/\/klubmamgdynia.pl\/index.php\/produkt\/hudora-wirnik-magnezowy-air-12-czarno-limegreen-10372-czarny\/","title":{"rendered":"Hudora Wirnik Magnezowy Air 12 Czarno Limegreen 10372 Czarny"},"content":{"rendered":"<p>Rower Hudora Eco 12 | Rozmiar: OS | Kolor: Czarny | Taniej o 16% | Zakup na Raty, Gwarancja 24mies. Sportano, profesjonalny sklep sportowy.<\/p>\n<h2>Hudora Wirnik Magnezowy Air 12 Czarno Limegreen 10372 Czarny BINO<\/h2>\n<p>\u015bmieszne zagadki dla dzieci, literki do pisania do druku, proste szczere \u017cyczenia bo\u017conarodzeniowe, szlaczki literopodobne do wydruku, co mo\u017cna zrobi\u0107 na prima aprilis, prezent na \u015bwi\u0119ta dla nastolatka, szkic jak narysowa\u0107 kota, zagadki o wio\u015bnie dla dzieci, kwiecien plecien, atrakcje dla dzieci warszawa i okolice, test z lektury opowie\u015bci z narnii lew czarownica i stara szafa, z\u0142ote my\u015bli o rodzinie, aurelia imi\u0119, carmen imie, bajki dla dzieci do czytania na dobranoc, nauka zegara do druku pdf<\/p>\n<p>yyyyy<\/p>\n<p>&nbsp;<\/p>\n","protected":false},"excerpt":{"rendered":"<p>Rower Hudora Eco 12 | Rozmiar: OS | Kolor: Czarny | Taniej o 16% | Zakup na Raty, Gwarancja 24mies. Sportano, profesjonalny sklep sportowy. Hudora Wirnik Magnezowy Air 12 Czarno Limegreen 10372 Czarny BINO \u015bmieszne zagadki dla dzieci, literki do pisania do druku, proste szczere \u017cyczenia bo\u017conarodzeniowe, szlaczki literopodobne do wydruku, co mo\u017cna zrobi\u0107 na [&hellip;]<\/p>\n","protected":false},"featured_media":7733,"comment_status":"closed","ping_status":"open","template":"","meta":[],"product_cat":[322,453],"product_tag":[723,734,760],"class_list":["post-7732","product","type-product","status-publish","has-post-thumbnail","hentry","product_cat-bino","product_cat-rowerki-biegowe","product_tag-krotkie-bajki-do-czytania-na-dobranoc","product_tag-milan-imie","product_tag-zagadka-matematyczna"],"_links":{"self":[{"href":"http:\/\/klubmamgdynia.pl\/index.php\/wp-json\/wp\/v2\/product\/7732","targetHints":{"allow":["GET"]}}],"collection":[{"href":"http:\/\/klubmamgdynia.pl\/index.php\/wp-json\/wp\/v2\/product"}],"about":[{"href":"http:\/\/klubmamgdynia.pl\/index.php\/wp-json\/wp\/v2\/types\/product"}],"replies":[{"embeddable":true,"href":"http:\/\/klubmamgdynia.pl\/index.php\/wp-json\/wp\/v2\/comments?post=7732"}],"wp:featuredmedia":[{"embeddable":true,"href":"http:\/\/klubmamgdynia.pl\/index.php\/wp-json\/wp\/v2\/media\/7733"}],"wp:attachment":[{"href":"http:\/\/klubmamgdynia.pl\/index.php\/wp-json\/wp\/v2\/media?parent=7732"}],"wp:term":[{"taxonomy":"product_cat","embeddable":true,"href":"http:\/\/klubmamgdynia.pl\/index.php\/wp-json\/wp\/v2\/product_cat?post=7732"},{"taxonomy":"product_tag","embeddable":true,"href":"http:\/\/klubmamgdynia.pl\/index.php\/wp-json\/wp\/v2\/product_tag?post=7732"}],"curies":[{"name":"wp","href":"https:\/\/api.w.org\/{rel}","templated":true}]}}