{"id":7734,"date":"2018-12-21T04:50:03","date_gmt":"2018-12-21T03:50:03","guid":{"rendered":"http:\/\/klubmamgdynia.pl\/index.php\/produkt\/fotelik-samochodowy-cybex-0-13-kg-aton-m-i-size-deep-black\/"},"modified":"2026-04-29T10:49:36","modified_gmt":"2026-04-29T08:49:36","slug":"fotelik-samochodowy-cybex-0-13-kg-aton-m-i-size-deep-black","status":"publish","type":"product","link":"http:\/\/klubmamgdynia.pl\/index.php\/produkt\/fotelik-samochodowy-cybex-0-13-kg-aton-m-i-size-deep-black\/","title":{"rendered":"Fotelik samochodowy Cybex 0-13 Kg Aton M I-Size Deep Black"},"content":{"rendered":"<h2>Fotelik samochodowy Cybex 0-13 Kg Aton M I-Size Deep Black Cybex<\/h2>\n<p>ju\u017c blisko kol\u0119da tekst, laura, mapa europy do druku, test czerwone krzes\u0142o, atrakcje we wroc\u0142awiu dla dzieci, imie lilianna, bajka do czytania na dobranoc, zaproszenie na urodziny dziecka do druku, zagadki na logike, kartki na dobranoc dla przyjaci\u00f3\u0142, nauczyciel cytaty, origami dla dzieci, lody kolorowanka, prezent dla nastolatki, darmowe quizy<\/p>\n<p>yyyyy<\/p>\n<p>&nbsp;<\/p>\n","protected":false},"excerpt":{"rendered":"<p>Fotelik samochodowy Cybex 0-13 Kg Aton M I-Size Deep Black Cybex ju\u017c blisko kol\u0119da tekst, laura, mapa europy do druku, test czerwone krzes\u0142o, atrakcje we wroc\u0142awiu dla dzieci, imie lilianna, bajka do czytania na dobranoc, zaproszenie na urodziny dziecka do druku, zagadki na logike, kartki na dobranoc dla przyjaci\u00f3\u0142, nauczyciel cytaty, origami dla dzieci, lody [&hellip;]<\/p>\n","protected":false},"featured_media":7735,"comment_status":"closed","ping_status":"open","template":"","meta":[],"product_cat":[34,32],"product_tag":[696,626,711],"class_list":["post-7734","product","type-product","status-publish","has-post-thumbnail","hentry","product_cat-cybex","product_cat-foteliki-samochodowe","product_tag-film-rodzinny-o-swietach","product_tag-jacek","product_tag-prezenty-dla-nastolatkow"],"_links":{"self":[{"href":"http:\/\/klubmamgdynia.pl\/index.php\/wp-json\/wp\/v2\/product\/7734","targetHints":{"allow":["GET"]}}],"collection":[{"href":"http:\/\/klubmamgdynia.pl\/index.php\/wp-json\/wp\/v2\/product"}],"about":[{"href":"http:\/\/klubmamgdynia.pl\/index.php\/wp-json\/wp\/v2\/types\/product"}],"replies":[{"embeddable":true,"href":"http:\/\/klubmamgdynia.pl\/index.php\/wp-json\/wp\/v2\/comments?post=7734"}],"wp:featuredmedia":[{"embeddable":true,"href":"http:\/\/klubmamgdynia.pl\/index.php\/wp-json\/wp\/v2\/media\/7735"}],"wp:attachment":[{"href":"http:\/\/klubmamgdynia.pl\/index.php\/wp-json\/wp\/v2\/media?parent=7734"}],"wp:term":[{"taxonomy":"product_cat","embeddable":true,"href":"http:\/\/klubmamgdynia.pl\/index.php\/wp-json\/wp\/v2\/product_cat?post=7734"},{"taxonomy":"product_tag","embeddable":true,"href":"http:\/\/klubmamgdynia.pl\/index.php\/wp-json\/wp\/v2\/product_tag?post=7734"}],"curies":[{"name":"wp","href":"https:\/\/api.w.org\/{rel}","templated":true}]}}