{"id":7736,"date":"2011-02-14T01:04:37","date_gmt":"2011-02-14T00:04:37","guid":{"rendered":"http:\/\/klubmamgdynia.pl\/index.php\/produkt\/small-foot-design-ukryte-dziury\/"},"modified":"2026-05-01T06:02:38","modified_gmt":"2026-05-01T04:02:38","slug":"small-foot-design-ukryte-dziury","status":"publish","type":"product","link":"http:\/\/klubmamgdynia.pl\/index.php\/produkt\/small-foot-design-ukryte-dziury\/","title":{"rendered":"Small Foot Design Ukryte Dziury"},"content":{"rendered":"<p>Ukryte dziuryW tej wyrafinowanej grze, przeznaczonej maksymalnie dla czterech graczy chodzi o to, aby znale\u017a\u0107 patyczki pasuj\u0105ce do konsoli i odpowiednio je zamocowa\u0107. Zadanie, wbrew pozorom, wcale nie jest takie proste! Systematyczne my\u015blenie, ryzyko i troch\u0119 szcz\u0119\u015bcia poprowadz\u0105 odwa\u017cnych do zwyci\u0119stwa! Ca\u0142y zestaw wykonano z wysokiej jako\u015bci drewna. Solidna konstrukcja &#8222;Ukrytych dziur&#8221; gwarantuje trwa\u0142o\u015b\u0107 gry na d\u0142ugie lata.Wymiary: 11 x 8 x 30 cm<\/p>\n<h2>Small Foot Design Ukryte Dziury Small Foot Design<\/h2>\n<p>zagadki z odpowiedziami dla dzieci, wroc\u0142aw dla dzieci, audiobooki dla dzieci za darmo, wroc\u0142aw atrakcje dla m\u0142odzie\u017cy, rymowanki o pisankach, proste dekoracje bo\u017conarodzeniowe dla dzieci, zagadki sprawdzaj\u0105ce inteligencj\u0119, gabriela imie, tabliczka mno\u017cenia karty pracy do druku, zabawki na roczek dla dziewczynki, zabawy logiczne dla dzieci, test wiedzy z lektury przygody tomka sawyera z odpowiedziami, laura, rzadkie imiona \u017ce\u0144skie, zagadki z odpowiedziami \u015bmieszne, historia pluszowego misia, everest psi patrol, zaproszenie na urodziny do druku<\/p>\n<p>yyyyy<\/p>\n<p>&nbsp;<\/p>\n","protected":false},"excerpt":{"rendered":"<p>Ukryte dziuryW tej wyrafinowanej grze, przeznaczonej maksymalnie dla czterech graczy chodzi o to, aby znale\u017a\u0107 patyczki pasuj\u0105ce do konsoli i odpowiednio je zamocowa\u0107. Zadanie, wbrew pozorom, wcale nie jest takie proste! Systematyczne my\u015blenie, ryzyko i troch\u0119 szcz\u0119\u015bcia poprowadz\u0105 odwa\u017cnych do zwyci\u0119stwa! Ca\u0142y zestaw wykonano z wysokiej jako\u015bci drewna. Solidna konstrukcja &#8222;Ukrytych dziur&#8221; gwarantuje trwa\u0142o\u015b\u0107 gry [&hellip;]<\/p>\n","protected":false},"featured_media":7737,"comment_status":"closed","ping_status":"open","template":"","meta":[],"product_cat":[147,99],"product_tag":[699,594,630,627,623,604],"class_list":["post-7736","product","type-product","status-publish","has-post-thumbnail","hentry","product_cat-small-foot-design","product_cat-zabawki-ekologiczne","product_tag-kolorowanki-do-druku-dla-dziewczyn","product_tag-podchwytliwe-zagadki-dla-dzieci","product_tag-podchwytliwe-zagadki-z-odpowiedziami","product_tag-quiz-dzieci-z-bullerbyn","product_tag-zagadki-logiczne-smieszne","product_tag-zagadki-trudne"],"_links":{"self":[{"href":"http:\/\/klubmamgdynia.pl\/index.php\/wp-json\/wp\/v2\/product\/7736","targetHints":{"allow":["GET"]}}],"collection":[{"href":"http:\/\/klubmamgdynia.pl\/index.php\/wp-json\/wp\/v2\/product"}],"about":[{"href":"http:\/\/klubmamgdynia.pl\/index.php\/wp-json\/wp\/v2\/types\/product"}],"replies":[{"embeddable":true,"href":"http:\/\/klubmamgdynia.pl\/index.php\/wp-json\/wp\/v2\/comments?post=7736"}],"wp:featuredmedia":[{"embeddable":true,"href":"http:\/\/klubmamgdynia.pl\/index.php\/wp-json\/wp\/v2\/media\/7737"}],"wp:attachment":[{"href":"http:\/\/klubmamgdynia.pl\/index.php\/wp-json\/wp\/v2\/media?parent=7736"}],"wp:term":[{"taxonomy":"product_cat","embeddable":true,"href":"http:\/\/klubmamgdynia.pl\/index.php\/wp-json\/wp\/v2\/product_cat?post=7736"},{"taxonomy":"product_tag","embeddable":true,"href":"http:\/\/klubmamgdynia.pl\/index.php\/wp-json\/wp\/v2\/product_tag?post=7736"}],"curies":[{"name":"wp","href":"https:\/\/api.w.org\/{rel}","templated":true}]}}