{"id":7738,"date":"2021-12-19T21:53:00","date_gmt":"2021-12-19T20:53:00","guid":{"rendered":"http:\/\/klubmamgdynia.pl\/index.php\/produkt\/lawka-cmentarna-przygrobowa-skladana50cmgratis\/"},"modified":"2026-04-05T23:16:46","modified_gmt":"2026-04-05T21:16:46","slug":"lawka-cmentarna-przygrobowa-skladana50cmgratis","status":"publish","type":"product","link":"http:\/\/klubmamgdynia.pl\/index.php\/produkt\/lawka-cmentarna-przygrobowa-skladana50cmgratis\/","title":{"rendered":"\u0141awka cmentarna, przygrobowa, sk\u0142adana,50cm+GRATIS"},"content":{"rendered":"<p>Dzi\u0119kujemy za zainteresowanie nasz\u0105 ofert\u0105.Przedmiotem sprzeda\u017cy jest jednoosobowa \u0142awka na cmentarz, przygrobowa, sk\u0142adana obrotowo, \u0142aweczka po z\u0142o\u017ceniu siedziska ma zaledwie 4-5 cm grubo\u015bci, zajmuje ma\u0142o miejsca.Proponowana \u0142awka sprawdzi si\u0119 szczeg\u00f3lnie w sytuacjach, gdy obszar do jej zamontowania jest mocno ograniczony, wynikaj\u0105cy ze specyfiki danej infrastruktury:Produkt najwy\u017cszej jako\u015bci. Prosimy zwr\u00f3ci\u0107 uwag\u0119, \u017ce wszystkie \u0142awki wykonujemy z profili grubszych, szerszych i ci\u0119\u017cszych (20&#215;40 mm), ni\u017c mo\u017cna spotka\u0107 u konkurencji. Na pierwszy rzut oka ze zdj\u0119\u0107 nasze \u0142awki niczym si\u0119 nie r\u00f3\u017cni\u0105, jednak w rzeczywisto\u015bci s\u0105 zupe\u0142nie inne, jako\u015b\u0107 materia\u0142\u00f3w, wykonania oraz wygl\u0105d naszych \u0142awek znacznie wyprzedzaj\u0105 standardy innych producent\u00f3w podobnych produkt\u00f3w.D\u0142. siedziska 45 cmD\u0142. ca\u0142kowita 50 cmSzer. siedziska 25 cm (sk\u0142adane)Wys. 80 cmProsimy o przemy\u015blane zakupy i wykonanie pomiaru przed zakupem, aby mie\u0107 pewno\u015b\u0107, \u017ce \u0142awka w\u0142a\u015bnie w tym rozmiarze b\u0119dzie odpowiednia. Pozwoli to Pa\u0144stwu unikn\u0105\u0107 rozczarowania wybranym rozmiarem \u0142awki, czasoch\u0142onnej i kosztownej procedury zwrotu oraz wymiany. Jest to \u0142aweczka jednoosobowa, najmniejsza w Naszej ofercie.Do ka\u017cdego zam\u00f3wienia dodajemy 2 zapasowe \u017ceberka do siedzisk (na wypadek uszkodze\u0144, kt\u00f3rym \u017ceberka do\u015b\u0107 cz\u0119sto ulegaj\u0105 podczas transportu.Tego rodzaju \u0142aweczki cmentarne wykonujemy ze stalowych profili zamkni\u0119tych 40&#215;20, zako\u0144czonych za\u015blepk\u0105 z tworzywa sztucznego. \u0141awka posiada wzmocnienie poprzeczne 30&#215;20. Rama siedziska zosta\u0142a wykonana z k\u0105townika 25*25.Profile s\u0105 obowi\u0105zkowo dok\u0142adnie odt\u0142uszczane i malowane r\u0119cznie najpierw podk\u0142adem antykorozyjnym, nast\u0119pnie chlorokauczukiem na wysoki po\u0142ysk.Materia\u0142 siedziska to 7 \u017ceberek PCV koloru czarnego z dodatkiem filtra UV chroni\u0105cego kolor przed p\u0142owieniem od s\u0142o\u0144ca.Produkt jest odporny na niskie i wysokie temperatury, wilgo\u0107 i brud, jest \u0142atwy w utrzymaniu w czysto\u015bci, nie posiada zb\u0119dnych zakamark\u00f3w, trudno dost\u0119pnych miejsc.Stela\u017c siedziska jest dodatkowo wzmocniony stalowymi k\u0105townikami dzi\u0119ki czemu siedzisko nie ugina si\u0119 i wytrzymuje du\u017ce ci\u0119\u017cary. \u0141awka jest bardzo stabilna i posiada przy nogach dodatkowe otwory, dzi\u0119ki kt\u00f3rym mo\u017cna j\u0105 skutecznie zabezpieczy\u0107 przed ewentualn\u0105 pr\u00f3b\u0105 kradzie\u017cy.Co odr\u00f3\u017cnia nas od innych producent\u00f3w:Nasze \u0142awki to produkt w 100% polski, co mo\u017cemy przedstawi\u0107 w dokumentacji firmy, wszystkie cz\u0119\u015bci pochodz\u0105 od polskich wytw\u00f3rc\u00f3w. \u0141aweczki wykonujemy z solidnej i grubej stali produkowanej w polskiej hucie, nie jest to tania, cienka stal importowana z Chin, kt\u00f3rej a\u017c roi si\u0119 w ofertach innych sprzedawc\u00f3w i producent\u00f3w. Przestrzegamy przed niefortunnymi zakupami, gdy\u017c takie \u0142awki s\u0105 \u017ale wykonane, krzywo i niedok\u0142adnie zespawane, szybko ulegaj\u0105 korozji, zrobione z lekkiej i cienkiej stali, dzi\u0119ki czemu sprzedawcy zarabiaj\u0105 dodatkowo podwy\u017cszaj\u0105c nieuzasadnienie ceny wszystkich zwi\u0105zanych ze sprzeda\u017c\u0105 wysy\u0142kow\u0105 us\u0142ug, tacy producenci k\u0142ad\u0105 po prostu nacisk na ilo\u015b\u0107, a nie na jako\u015b\u0107 produktu. Typowa mas\u00f3wka.Ponadto \u0142aweczki wykonujemy w ca\u0142o\u015bci r\u0119cznie, ci\u0119cie, spawanie oraz malowanie, to praca ludzkich r\u0105k, a nie maszyn. Ka\u017cda \u0142awka wychodzi z r\u0105k wykwalifikowanych i do\u015bwiadczonych rzemie\u015blnik\u00f3w i jest sprawdzana przed wysy\u0142k\u0105 pod ka\u017cdym k\u0105tem, ka\u017cdy sprzedawany przez nas przedmiot musi spe\u0142nia\u0107 wysokie normy jako\u015bci. Nie jest to masowa produkcja. Nasze \u0142awki s\u0105 masywniejsze i ci\u0119\u017csze od \u0142awek innych producent\u00f3w, co idzie w parze z jako\u015bci\u0105 i niestety wp\u0142ywa r\u00f3wnie\u017c na cen\u0119 transportu, staramy si\u0119 jednak utrzymywa\u0107 ceny przesy\u0142ek na najni\u017cszym z mo\u017cliwych poziomie, uczciwie.Dok\u0142adamy wszelkich stara\u0144, aby finalny przedmiot by\u0142 w 100% zgodny z oczekiwaniami klient\u00f3w i naszymi standardami. Zach\u0119camy do zapoznania si\u0119 z naszymi warunkami i do kontaktu z nami, je\u015bli s\u0105 jakie\u015b pytania lub w\u0105tpliwo\u015bci, ch\u0119tnie pomo\u017cemy. \u017byczymy udanych zakup\u00f3w.<\/p>\n<h2>\u0141awka cmentarna, przygrobowa, sk\u0142adana,50cm+GRATIS Inny<\/h2>\n<p>zagadki dla 6 latka, karty pracy dla uczni\u00f3w z ukrainy, ma\u0142y ksi\u0105\u017c\u0119 cytaty o przyja\u017ani, kr\u00f3tkie bajki do czytania na dobranoc, zabawy dla 7 latka, wpad\u0142a bomba do piwnicy, imi\u0119 alan, bajka krecik, narysowa\u0107 rysunki \u0142atwe, basen dla dzieci warszawa, zagadki rymowanki dla dzieci, zabawki na roczek, cytaty o macierzy\u0144stwie, bajka o piesku do czytania, prezent na roczek od babci, zagadki dla 9 latk\u00f3w<\/p>\n<p>yyyyy<\/p>\n<p>&nbsp;<\/p>\n","protected":false},"excerpt":{"rendered":"<p>Dzi\u0119kujemy za zainteresowanie nasz\u0105 ofert\u0105.Przedmiotem sprzeda\u017cy jest jednoosobowa \u0142awka na cmentarz, przygrobowa, sk\u0142adana obrotowo, \u0142aweczka po z\u0142o\u017ceniu siedziska ma zaledwie 4-5 cm grubo\u015bci, zajmuje ma\u0142o miejsca.Proponowana \u0142awka sprawdzi si\u0119 szczeg\u00f3lnie w sytuacjach, gdy obszar do jej zamontowania jest mocno ograniczony, wynikaj\u0105cy ze specyfiki danej infrastruktury:Produkt najwy\u017cszej jako\u015bci. Prosimy zwr\u00f3ci\u0107 uwag\u0119, \u017ce wszystkie \u0142awki wykonujemy z [&hellip;]<\/p>\n","protected":false},"featured_media":7739,"comment_status":"closed","ping_status":"open","template":"","meta":[],"product_cat":[1641,169],"product_tag":[642,795,785],"class_list":["post-7738","product","type-product","status-publish","has-post-thumbnail","hentry","product_cat-akcesoria-do-mebli-ogrodowych","product_cat-inny","product_tag-mia-imie","product_tag-mini-zoo-warszawa","product_tag-prezent-dla-nastolatkow"],"_links":{"self":[{"href":"http:\/\/klubmamgdynia.pl\/index.php\/wp-json\/wp\/v2\/product\/7738","targetHints":{"allow":["GET"]}}],"collection":[{"href":"http:\/\/klubmamgdynia.pl\/index.php\/wp-json\/wp\/v2\/product"}],"about":[{"href":"http:\/\/klubmamgdynia.pl\/index.php\/wp-json\/wp\/v2\/types\/product"}],"replies":[{"embeddable":true,"href":"http:\/\/klubmamgdynia.pl\/index.php\/wp-json\/wp\/v2\/comments?post=7738"}],"wp:featuredmedia":[{"embeddable":true,"href":"http:\/\/klubmamgdynia.pl\/index.php\/wp-json\/wp\/v2\/media\/7739"}],"wp:attachment":[{"href":"http:\/\/klubmamgdynia.pl\/index.php\/wp-json\/wp\/v2\/media?parent=7738"}],"wp:term":[{"taxonomy":"product_cat","embeddable":true,"href":"http:\/\/klubmamgdynia.pl\/index.php\/wp-json\/wp\/v2\/product_cat?post=7738"},{"taxonomy":"product_tag","embeddable":true,"href":"http:\/\/klubmamgdynia.pl\/index.php\/wp-json\/wp\/v2\/product_tag?post=7738"}],"curies":[{"name":"wp","href":"https:\/\/api.w.org\/{rel}","templated":true}]}}