{"id":7742,"date":"2019-05-05T18:09:36","date_gmt":"2019-05-05T16:09:36","guid":{"rendered":"http:\/\/klubmamgdynia.pl\/index.php\/produkt\/fotelik-samochodowy-coletto-avanti-blue-isofix-15-36kg\/"},"modified":"2026-04-23T01:40:21","modified_gmt":"2026-04-22T23:40:21","slug":"fotelik-samochodowy-coletto-avanti-blue-isofix-15-36kg","status":"publish","type":"product","link":"http:\/\/klubmamgdynia.pl\/index.php\/produkt\/fotelik-samochodowy-coletto-avanti-blue-isofix-15-36kg\/","title":{"rendered":"Fotelik samochodowy Coletto Avanti Blue Isofix 15-36Kg"},"content":{"rendered":"<p>To fotelik przeznaczony dla dzieci o wadze 15-36 kg (4-12 lat), montowany jest na Isofix przodem do kierunku jazdy, a dziecko zapinane jest w nim za pomoc\u0105 trzypunktowego pasa samochodowego. Najwa\u017cniejsz\u0105 i wyj\u0105tkow\u0105 jego zalet\u0105 jest to, \u017ce ro\u015bnie wraz z dzieckiem &#8211; boki i zag\u0142\u00f3wek rozszerzaj\u0105 si\u0119, co pozwala na idealne dopasowanie do wzrostu malucha przez ca\u0142y okres u\u017cywania fotelika.Najwa\u017cniejsze cechy produktu:solidna konstrukcja, wykonana z wysokiej jako\u015bci materia\u0142\u00f3w, daj\u0105ca bezpiecze\u0144stwo i ochron\u0119 w podr\u00f3\u017cy;regulacja wysoko\u015bci zag\u0142\u00f3wka;regulowana szeroko\u015b\u0107 oparcia;mo\u017cliwo\u015b\u0107 demonta\u017cu oparcia i u\u017cywania samej podstawki;siedzisko wykonane z materia\u0142u zapewniaj\u0105cego komfort siedzenia i zapobiegaj\u0105cego poceniu;monta\u017c za pomoc\u0105 trzypunktowego samochodowego pasa bezpiecze\u0144stwa oraz systemu ISOFIX, przodem do kierunku jazdy;fotelik przeszed\u0142 test zderzeniowy sprawdzaj\u0105cy zgodno\u015b\u0107 z norm\u0105 ECE R44\/04 &#8211; test odby\u0142 si\u0119 zgodnie z zaleceniami i specyfikacj\u0105 TNO;do fotelika do\u0142\u0105czona jest przejrzysta instrukcja obs\u0142ugi;tapicerk\u0119 fotelika mo\u017cna zdj\u0105\u0107 i wypra\u0107 w pralce gdy zajdzie taka potrzeba;Dane techniczne:wymiary oparcia: wys. 63 &#8211; 74cm, szer. 35 &#8211; 42cmwymiary siedziska: g\u0142. 34 cm, szer. 31 cmwaga: 6kgDo ka\u017cdego fotelika Coletto tabliczka z napisem &#8222;Dziecko w aucie&#8221; gratis.<\/p>\n<h2>Fotelik samochodowy Coletto Avanti Blue Isofix 15-36Kg Coletto<\/h2>\n<p>opowie\u015bci z narni lew czarownica i stara szafa test, wierszyki o marzannie, proste dekoracje bo\u017conarodzeniowe dla dzieci, ostatni dzwonek tekst, ch\u0142opcy z placu broni &#8211; test z odpowiedziami, warszawa z dzieckiem, felix net i nika oraz gang niewidzialnych ludzi test z odpowiedziami, my little pony kolorowanki celestia, mapa polski do druku, lucyna, lol kolorowanka do druku, opowie\u015bci z narni test<\/p>\n<p>yyyyy<\/p>\n<p>&nbsp;<\/p>\n","protected":false},"excerpt":{"rendered":"<p>To fotelik przeznaczony dla dzieci o wadze 15-36 kg (4-12 lat), montowany jest na Isofix przodem do kierunku jazdy, a dziecko zapinane jest w nim za pomoc\u0105 trzypunktowego pasa samochodowego. Najwa\u017cniejsz\u0105 i wyj\u0105tkow\u0105 jego zalet\u0105 jest to, \u017ce ro\u015bnie wraz z dzieckiem &#8211; boki i zag\u0142\u00f3wek rozszerzaj\u0105 si\u0119, co pozwala na idealne dopasowanie do wzrostu [&hellip;]<\/p>\n","protected":false},"featured_media":7743,"comment_status":"closed","ping_status":"open","template":"","meta":[],"product_cat":[1642,32],"product_tag":[664,719],"class_list":["post-7742","product","type-product","status-publish","has-post-thumbnail","hentry","product_cat-coletto","product_cat-foteliki-samochodowe","product_tag-atrakcje-dla-dzieci-trojmiasto","product_tag-dziecko-cytaty-zlote-mysli"],"_links":{"self":[{"href":"http:\/\/klubmamgdynia.pl\/index.php\/wp-json\/wp\/v2\/product\/7742","targetHints":{"allow":["GET"]}}],"collection":[{"href":"http:\/\/klubmamgdynia.pl\/index.php\/wp-json\/wp\/v2\/product"}],"about":[{"href":"http:\/\/klubmamgdynia.pl\/index.php\/wp-json\/wp\/v2\/types\/product"}],"replies":[{"embeddable":true,"href":"http:\/\/klubmamgdynia.pl\/index.php\/wp-json\/wp\/v2\/comments?post=7742"}],"wp:featuredmedia":[{"embeddable":true,"href":"http:\/\/klubmamgdynia.pl\/index.php\/wp-json\/wp\/v2\/media\/7743"}],"wp:attachment":[{"href":"http:\/\/klubmamgdynia.pl\/index.php\/wp-json\/wp\/v2\/media?parent=7742"}],"wp:term":[{"taxonomy":"product_cat","embeddable":true,"href":"http:\/\/klubmamgdynia.pl\/index.php\/wp-json\/wp\/v2\/product_cat?post=7742"},{"taxonomy":"product_tag","embeddable":true,"href":"http:\/\/klubmamgdynia.pl\/index.php\/wp-json\/wp\/v2\/product_tag?post=7742"}],"curies":[{"name":"wp","href":"https:\/\/api.w.org\/{rel}","templated":true}]}}