{"id":7744,"date":"2023-10-02T00:00:26","date_gmt":"2023-10-01T22:00:26","guid":{"rendered":"http:\/\/klubmamgdynia.pl\/?post_type=product&#038;p=7744"},"modified":"2026-04-06T06:20:20","modified_gmt":"2026-04-06T04:20:20","slug":"cybex-mios-3-0-spring-blossom-dark-spacerowy","status":"publish","type":"product","link":"http:\/\/klubmamgdynia.pl\/index.php\/produkt\/cybex-mios-3-0-spring-blossom-dark-spacerowy\/","title":{"rendered":"Cybex Mios 3.0 Spring Blossom Dark Spacerowy"},"content":{"rendered":"<p>Nowa ods\u0142ona lekkiego i zwrotnego w\u00f3zka Cybex Mios w nowoczesnych stylizacjach stworzonych przez \u015bwiatowej s\u0142awy projektant\u00f3w i kreator\u00f3w mody.<\/p>\n<h2>Cybex Mios 3.0 Spring Blossom Dark Spacerowy Cybex<\/h2>\n<p>zagadki trudne, lato, zagadki dla dzieci z odpowiedziami, pomys\u0142 na prezent na roczek, minecraft kolorowanki, flagi pa\u0144stw quiz, alan znaczenie imienia, pytania logiczne, warszawa z dzieckiem, \u015bmieszne zagadki logiczne, na wyspach bergamutach<\/p>\n<p>yyyyy<\/p>\n<p>&nbsp;<\/p>\n","protected":false},"excerpt":{"rendered":"<p>Nowa ods\u0142ona lekkiego i zwrotnego w\u00f3zka Cybex Mios w nowoczesnych stylizacjach stworzonych przez \u015bwiatowej s\u0142awy projektant\u00f3w i kreator\u00f3w mody. Cybex Mios 3.0 Spring Blossom Dark Spacerowy Cybex zagadki trudne, lato, zagadki dla dzieci z odpowiedziami, pomys\u0142 na prezent na roczek, minecraft kolorowanki, flagi pa\u0144stw quiz, alan znaczenie imienia, pytania logiczne, warszawa z dzieckiem, \u015bmieszne zagadki [&hellip;]<\/p>\n","protected":false},"featured_media":7745,"comment_status":"closed","ping_status":"open","template":"","meta":[],"product_cat":[34,71],"product_tag":[740,783,616,796],"class_list":["post-7744","product","type-product","status-publish","has-post-thumbnail","hentry","product_cat-cybex","product_cat-wozki-spacerowe","product_tag-fajne-prezenty-dla-nastolatkow","product_tag-prezenty-na-roczek-dla-chlopca","product_tag-test-mikolajek-25-pytan","product_tag-zagatki"],"_links":{"self":[{"href":"http:\/\/klubmamgdynia.pl\/index.php\/wp-json\/wp\/v2\/product\/7744","targetHints":{"allow":["GET"]}}],"collection":[{"href":"http:\/\/klubmamgdynia.pl\/index.php\/wp-json\/wp\/v2\/product"}],"about":[{"href":"http:\/\/klubmamgdynia.pl\/index.php\/wp-json\/wp\/v2\/types\/product"}],"replies":[{"embeddable":true,"href":"http:\/\/klubmamgdynia.pl\/index.php\/wp-json\/wp\/v2\/comments?post=7744"}],"wp:featuredmedia":[{"embeddable":true,"href":"http:\/\/klubmamgdynia.pl\/index.php\/wp-json\/wp\/v2\/media\/7745"}],"wp:attachment":[{"href":"http:\/\/klubmamgdynia.pl\/index.php\/wp-json\/wp\/v2\/media?parent=7744"}],"wp:term":[{"taxonomy":"product_cat","embeddable":true,"href":"http:\/\/klubmamgdynia.pl\/index.php\/wp-json\/wp\/v2\/product_cat?post=7744"},{"taxonomy":"product_tag","embeddable":true,"href":"http:\/\/klubmamgdynia.pl\/index.php\/wp-json\/wp\/v2\/product_tag?post=7744"}],"curies":[{"name":"wp","href":"https:\/\/api.w.org\/{rel}","templated":true}]}}