{"id":7746,"date":"2016-06-12T03:22:06","date_gmt":"2016-06-12T01:22:06","guid":{"rendered":"http:\/\/klubmamgdynia.pl\/index.php\/produkt\/meteor-rowerek-biegowy-rollo-rozowo-niebieski-22636\/"},"modified":"2026-05-17T21:19:04","modified_gmt":"2026-05-17T19:19:04","slug":"meteor-rowerek-biegowy-rollo-rozowo-niebieski-22636","status":"publish","type":"product","link":"http:\/\/klubmamgdynia.pl\/index.php\/produkt\/meteor-rowerek-biegowy-rollo-rozowo-niebieski-22636\/","title":{"rendered":"Meteor Rowerek biegowy Rollo r\u00f3\u017cowo-niebieski 22636"},"content":{"rendered":"<p>Opis:ROWEREK BIEGOWY METEOR ROLLO Rowerek biegowy to idealny wyb\u00f3r przed nauk\u0105 jazdy na tradycyjnym rowerze. 4 ko\u0142a zapewniaj\u0105 stabilno\u015b\u0107 i sprawiaj\u0105, \u017ce na rowerku biegowym METEOR mog\u0105 je\u017adzi\u0107 dzieci ju\u017c od 12 miesi\u0105ca \u017cycia. Dziecko odpychaj\u0105c si\u0119 oraz hamuj\u0105c nogami w pe\u0142ni samodzielnie kieruje pojazdem. Dzi\u0119ki temu rozwija swoj\u0105 r\u00f3wnowag\u0119, motoryk\u0119 oraz balans. Pojazd zapewni maluchowi zabaw\u0119 przez d\u0142ugi czas na \u015bwie\u017cym powietrzu &#8211; nawet kilka sezon\u00f3w.Piankowe, antypo\u015blizgowe r\u0105czki dbaj\u0105 o bezpiecze\u0144stwo dziecka. Wytrzyma\u0142e i lekkie ko\u0142a z PP i EVA zaoszcz\u0119dz\u0105 Tw\u00f3j czas, poniewa\u017c nie trzeba ich pompowa\u0107. Rowerek jest lekki i \u0142atwo go przenosi\u0107 lub zabra\u0107 ze sob\u0105 na wycieczk\u0119.Parametry techniczne:Materia\u0142: PP, stal Ko\u0142a: plastik, EVA Wymiary rowerka: 45x17x35 cm Wielko\u015b\u0107 k\u00f3\u0142: 140 mm Waga: 1,8 kg Waga z opakowaniem: 2,8 kg Uchwyt kierownicy: EVA Max. waga u\u017cytkownika: 20 kg Wiek u\u017cytkownika: 12m+<\/p>\n<h2>Meteor Rowerek biegowy Rollo r\u00f3\u017cowo-niebieski 22636 Meteor<\/h2>\n<p>prezent roczek, prezenty urodzinowe dla nastolatk\u00f3w, kr\u00f3tkie bajki do czytania, jak zrobi\u0107 du\u017ce jajo wielkanocne, andrzejki dekoracje do druku, kotki do druku, kolorowanki lol do druku, ewelina<\/p>\n<p>yyyyy<\/p>\n<p>&nbsp;<\/p>\n","protected":false},"excerpt":{"rendered":"<p>Opis:ROWEREK BIEGOWY METEOR ROLLO Rowerek biegowy to idealny wyb\u00f3r przed nauk\u0105 jazdy na tradycyjnym rowerze. 4 ko\u0142a zapewniaj\u0105 stabilno\u015b\u0107 i sprawiaj\u0105, \u017ce na rowerku biegowym METEOR mog\u0105 je\u017adzi\u0107 dzieci ju\u017c od 12 miesi\u0105ca \u017cycia. Dziecko odpychaj\u0105c si\u0119 oraz hamuj\u0105c nogami w pe\u0142ni samodzielnie kieruje pojazdem. Dzi\u0119ki temu rozwija swoj\u0105 r\u00f3wnowag\u0119, motoryk\u0119 oraz balans. Pojazd zapewni [&hellip;]<\/p>\n","protected":false},"featured_media":7747,"comment_status":"closed","ping_status":"open","template":"","meta":[],"product_cat":[320,453],"product_tag":[666,781,584,687,726,757],"class_list":["post-7746","product","type-product","status-publish","has-post-thumbnail","hentry","product_cat-meteor","product_cat-rowerki-biegowe","product_tag-afrykanskie-imiona","product_tag-cytaty-o-wychowaniu-dzieci","product_tag-liwia","product_tag-podchwytliwe-zagadki-matematyczne","product_tag-quiz-zemsta","product_tag-test-z-lektury-ania-z-zielonego-wzgorza-klasa-6-z-odpowiedziami"],"_links":{"self":[{"href":"http:\/\/klubmamgdynia.pl\/index.php\/wp-json\/wp\/v2\/product\/7746","targetHints":{"allow":["GET"]}}],"collection":[{"href":"http:\/\/klubmamgdynia.pl\/index.php\/wp-json\/wp\/v2\/product"}],"about":[{"href":"http:\/\/klubmamgdynia.pl\/index.php\/wp-json\/wp\/v2\/types\/product"}],"replies":[{"embeddable":true,"href":"http:\/\/klubmamgdynia.pl\/index.php\/wp-json\/wp\/v2\/comments?post=7746"}],"wp:featuredmedia":[{"embeddable":true,"href":"http:\/\/klubmamgdynia.pl\/index.php\/wp-json\/wp\/v2\/media\/7747"}],"wp:attachment":[{"href":"http:\/\/klubmamgdynia.pl\/index.php\/wp-json\/wp\/v2\/media?parent=7746"}],"wp:term":[{"taxonomy":"product_cat","embeddable":true,"href":"http:\/\/klubmamgdynia.pl\/index.php\/wp-json\/wp\/v2\/product_cat?post=7746"},{"taxonomy":"product_tag","embeddable":true,"href":"http:\/\/klubmamgdynia.pl\/index.php\/wp-json\/wp\/v2\/product_tag?post=7746"}],"curies":[{"name":"wp","href":"https:\/\/api.w.org\/{rel}","templated":true}]}}