{"id":7748,"date":"2020-01-18T13:14:45","date_gmt":"2020-01-18T12:14:45","guid":{"rendered":"http:\/\/klubmamgdynia.pl\/index.php\/produkt\/reumpapai-100-kaps\/"},"modified":"2026-04-23T16:11:45","modified_gmt":"2026-04-23T14:11:45","slug":"reumpapai-100-kaps","status":"publish","type":"product","link":"http:\/\/klubmamgdynia.pl\/index.php\/produkt\/reumpapai-100-kaps\/","title":{"rendered":"Reumpapai 100 kaps."},"content":{"rendered":"<p>Suplement dietyPreparat zawiera wyci\u0105g z korzenia lukrecji g\u0142adkiej, kory cynamonowej oraz owoc\u00f3w pieprzu jawajskiego, kt\u00f3re w naturalny spos\u00f3b wspomagaj\u0105 funkcjonowanie organizmu, w tym tak\u017ce mi\u0119\u015bni i staw\u00f3w.Zastosowanie: suplementacja diety w sk\u0142adniki pomagaj\u0105ce w prawid\u0142owym funkcjonowaniu mi\u0119\u015bni i uk\u0142adu kostnego.Zalecane spo\u017cycie: 2 kapsu\u0142ki 2 razy dziennie.Sk\u0142adniki: suche ekstrakty z korzenia lukrecji g\u0142adkiej, kory cynamonowej, pieprzu jawajskiego, otoczka kapsu\u0142ki: \u017celatyna; substancja wype\u0142niaj\u0105ca: skrobia pszenna; barwniki: dwutlenek tytanu (E171).4 kapsu\u0142ki zawieraj\u0105: 600mg ekstraktu z korzenia lukrecji g\u0142adkiej, 400mg ekstraktu z kory cynamonowej, 300mg ekstraktu z owoc\u00f3w pieprzu jawajskiego.Przeciwwskazania: uczulenie na kt\u00f3rykolwiek ze sk\u0142adnik\u00f3w preparatu.Wa\u017cne wskaz\u00f3wki:Nie nale\u017cy przekracza\u0107 zalecanej porcji do spo\u017cycia w ci\u0105gu dnia.Suplement diety nie mo\u017ce by\u0107 stosowany jako substytut (zamiennik) zr\u00f3\u017cnicowanej diety i zdrowego trybu \u017cycia.Wa\u017cne jest stosowanie zbilansowanej i zr\u00f3\u017cnicowanej diety oraz zdrowego trybu \u017cycia.Przechowywa\u0107 w temperaturze pokojowej, w spos\u00f3b niedost\u0119pny dla ma\u0142ych dzieci.Producent:HerbalmedNerudy 11\/7301-926 Warszawa<\/p>\n<h2>Reumpapai 100 kaps. Herbalmed<\/h2>\n<p>pomys\u0142y na dzie\u0144 dziecka dla nastolatk\u00f3w, cytat na dzie\u0144 matki, atrakcje dla dzieci trojmiasto, karty pracy obrazki do wyklejania plastelin\u0105, quiz konie, dziecko cytaty z\u0142ote my\u015bli, kinderbal przepisy, prima aprilis \u017carty dla rodzic\u00f3w, wierszyki o marzannie, zabawy miko\u0142ajkowe dla dzieci<\/p>\n<p>yyyyy<\/p>\n<p>&nbsp;<\/p>\n","protected":false},"excerpt":{"rendered":"<p>Suplement dietyPreparat zawiera wyci\u0105g z korzenia lukrecji g\u0142adkiej, kory cynamonowej oraz owoc\u00f3w pieprzu jawajskiego, kt\u00f3re w naturalny spos\u00f3b wspomagaj\u0105 funkcjonowanie organizmu, w tym tak\u017ce mi\u0119\u015bni i staw\u00f3w.Zastosowanie: suplementacja diety w sk\u0142adniki pomagaj\u0105ce w prawid\u0142owym funkcjonowaniu mi\u0119\u015bni i uk\u0142adu kostnego.Zalecane spo\u017cycie: 2 kapsu\u0142ki 2 razy dziennie.Sk\u0142adniki: suche ekstrakty z korzenia lukrecji g\u0142adkiej, kory cynamonowej, pieprzu jawajskiego, [&hellip;]<\/p>\n","protected":false},"featured_media":7749,"comment_status":"closed","ping_status":"open","template":"","meta":[],"product_cat":[1643,1131],"product_tag":[676,621,714,623],"class_list":["post-7748","product","type-product","status-publish","has-post-thumbnail","hentry","product_cat-herbalmed","product_cat-stawy-miesnie-i-kosci","product_tag-bursztynek","product_tag-prezenty-roczek","product_tag-zagadki-logiczne","product_tag-zagadki-logiczne-smieszne"],"_links":{"self":[{"href":"http:\/\/klubmamgdynia.pl\/index.php\/wp-json\/wp\/v2\/product\/7748","targetHints":{"allow":["GET"]}}],"collection":[{"href":"http:\/\/klubmamgdynia.pl\/index.php\/wp-json\/wp\/v2\/product"}],"about":[{"href":"http:\/\/klubmamgdynia.pl\/index.php\/wp-json\/wp\/v2\/types\/product"}],"replies":[{"embeddable":true,"href":"http:\/\/klubmamgdynia.pl\/index.php\/wp-json\/wp\/v2\/comments?post=7748"}],"wp:featuredmedia":[{"embeddable":true,"href":"http:\/\/klubmamgdynia.pl\/index.php\/wp-json\/wp\/v2\/media\/7749"}],"wp:attachment":[{"href":"http:\/\/klubmamgdynia.pl\/index.php\/wp-json\/wp\/v2\/media?parent=7748"}],"wp:term":[{"taxonomy":"product_cat","embeddable":true,"href":"http:\/\/klubmamgdynia.pl\/index.php\/wp-json\/wp\/v2\/product_cat?post=7748"},{"taxonomy":"product_tag","embeddable":true,"href":"http:\/\/klubmamgdynia.pl\/index.php\/wp-json\/wp\/v2\/product_tag?post=7748"}],"curies":[{"name":"wp","href":"https:\/\/api.w.org\/{rel}","templated":true}]}}