{"id":7750,"date":"2017-04-19T21:34:07","date_gmt":"2017-04-19T19:34:07","guid":{"rendered":"http:\/\/klubmamgdynia.pl\/index.php\/produkt\/ricokids-organizer-wiszacy-na-zabawki-rk-403-pomaranczowy\/"},"modified":"2026-04-04T10:30:59","modified_gmt":"2026-04-04T08:30:59","slug":"ricokids-organizer-wiszacy-na-zabawki-rk-403-pomaranczowy","status":"publish","type":"product","link":"http:\/\/klubmamgdynia.pl\/index.php\/produkt\/ricokids-organizer-wiszacy-na-zabawki-rk-403-pomaranczowy\/","title":{"rendered":"Ricokids Organizer wisz\u0105cy na zabawki RK-403 pomara\u0144czowy"},"content":{"rendered":"<p>Organizer Wisz\u0105cy na zabawki Ricokids pomara\u0144czowyRicokids<\/p>\n<h2>Ricokids Organizer wisz\u0105cy na zabawki RK-403 pomara\u0144czowy Ricokids<\/h2>\n<p>ci\u0119\u017ckie zagadki, prezent na roczek dla chlopca, p\u0142onie ognisko w lesie, teksty ko\u0142ysanek, esmeralda, prezent roczek, darmowe quizy, wierszyki o wakacjach kr\u00f3tkie, aneta, kornelia, asiunia test, kontynenty dla dzieci do druku, prezent dla rocznego ch\u0142opca, test z lektury magiczne drzewo czerwone krzes\u0142o, kolorowanki do druku, bardzo trudne zagadki, zagadki o bo\u017cym narodzeniu, zabawka dla rocznej dziewczynki, gry planszowe dla nastolatk\u00f3w<\/p>\n<p>yyyyy<\/p>\n<p>&nbsp;<\/p>\n","protected":false},"excerpt":{"rendered":"<p>Organizer Wisz\u0105cy na zabawki Ricokids pomara\u0144czowyRicokids Ricokids Organizer wisz\u0105cy na zabawki RK-403 pomara\u0144czowy Ricokids ci\u0119\u017ckie zagadki, prezent na roczek dla chlopca, p\u0142onie ognisko w lesie, teksty ko\u0142ysanek, esmeralda, prezent roczek, darmowe quizy, wierszyki o wakacjach kr\u00f3tkie, aneta, kornelia, asiunia test, kontynenty dla dzieci do druku, prezent dla rocznego ch\u0142opca, test z lektury magiczne drzewo czerwone [&hellip;]<\/p>\n","protected":false},"featured_media":7751,"comment_status":"closed","ping_status":"open","template":"","meta":[],"product_cat":[1233,990],"product_tag":[844,619,577],"class_list":["post-7750","product","type-product","status-publish","has-post-thumbnail","hentry","product_cat-ricokids","product_cat-skrzynie-i-pojemniki-na-zabawki","product_tag-co-kupic-na-roczek","product_tag-iwo-imie","product_tag-znaki-drogowe-test"],"_links":{"self":[{"href":"http:\/\/klubmamgdynia.pl\/index.php\/wp-json\/wp\/v2\/product\/7750","targetHints":{"allow":["GET"]}}],"collection":[{"href":"http:\/\/klubmamgdynia.pl\/index.php\/wp-json\/wp\/v2\/product"}],"about":[{"href":"http:\/\/klubmamgdynia.pl\/index.php\/wp-json\/wp\/v2\/types\/product"}],"replies":[{"embeddable":true,"href":"http:\/\/klubmamgdynia.pl\/index.php\/wp-json\/wp\/v2\/comments?post=7750"}],"wp:featuredmedia":[{"embeddable":true,"href":"http:\/\/klubmamgdynia.pl\/index.php\/wp-json\/wp\/v2\/media\/7751"}],"wp:attachment":[{"href":"http:\/\/klubmamgdynia.pl\/index.php\/wp-json\/wp\/v2\/media?parent=7750"}],"wp:term":[{"taxonomy":"product_cat","embeddable":true,"href":"http:\/\/klubmamgdynia.pl\/index.php\/wp-json\/wp\/v2\/product_cat?post=7750"},{"taxonomy":"product_tag","embeddable":true,"href":"http:\/\/klubmamgdynia.pl\/index.php\/wp-json\/wp\/v2\/product_tag?post=7750"}],"curies":[{"name":"wp","href":"https:\/\/api.w.org\/{rel}","templated":true}]}}