{"id":7752,"date":"2013-09-12T22:44:29","date_gmt":"2013-09-12T20:44:29","guid":{"rendered":"http:\/\/klubmamgdynia.pl\/index.php\/produkt\/mucosolvan-mini-syrop-dla-dzieci-15-mg-5-ml-100ml\/"},"modified":"2026-05-17T22:05:16","modified_gmt":"2026-05-17T20:05:16","slug":"mucosolvan-mini-syrop-dla-dzieci-15-mg-5-ml-100ml","status":"publish","type":"product","link":"http:\/\/klubmamgdynia.pl\/index.php\/produkt\/mucosolvan-mini-syrop-dla-dzieci-15-mg-5-ml-100ml\/","title":{"rendered":"Mucosolvan Mini Syrop dla dzieci 15 mg\/5 ml 100ml"},"content":{"rendered":"<p>Syrop Mucosolvan to szybka ulga w kaszlu\u00b9. Dzi\u0119ki substancji czynnej, jak\u0105 jest ambroksol, wspomaga naturalny odruch oczyszczania dr\u00f3g oddechowych z zalegaj\u0105cej wydzieliny:<br \/>\n&#8211; rozrzedza zalegaj\u0105c\u0105 wydzielin\u0119<br \/>\n&#8211; chroni przed jej ponownym zaleganiem<br \/>\n&#8211; \u0142agodzi b\u00f3l i podra\u017cnienie gard\u0142a. Ponadto Mucosolvan wspomaga dzia\u0142anie antybiotyk\u00f3w (amoksycylina, cefuroksym, erytromycyna), kt\u00f3re mog\u0105 by\u0107 w\u0142\u0105czone do leczenia. Syrop Mucosolvan przeznaczony jest dla doros\u0142ych i dzieci ju\u017c powy\u017cej 1. roku \u017cycia. Nie zawiera cukru, ani alkoholu. Posiada przyjemny truskawkowo-waniliowy smak. Dost\u0119pny w wariantach 100 ml oraz w rodzinnym opakowaniu 200 ml.                            <\/p>\n<p>1. Ambroksol \u0142agodzi kaszel oraz skraca czas jego trwania. Opracowano na podstawie Wytycznych Niemieckiego Towarzystwa Pneumonologii i Chor\u00f3b uk\u0142adu oddechowego dotycz\u0105cych diagnostyki i leczenia doros\u0142ych pacjent\u00f3w z kaszlem ostrym, podostrym i przewlek\u0142ym. Od pierwszego dnia znacznie u\u0142atwia odksztuszanie oraz znacznie zmniejsza lepko\u015b\u0107 wydzieliny. Na podstawie Germouty J et al. Clinical efficacy of ambroxol in the treatment of bronchial stasis. Clinical trial in 120 patients at two doses Respiration 51 (Suppl 1), 37-41 (1987), (N=60, akute und obstruktive Atemwegserkrankungen). Ambroksol ma znacz\u0105cy wp\u0142yw na lepko\u015b\u0107 plwociny\/ u\u0142atwianie odksztuszania od pierwszego dnia infekcji (120 mg ambroksolu) (RCT vs. placebo n = 60). 2. Mucosolvan Mini, CHPL 05\/2017.<br \/>\nMucosolvan\u00ae MINI, 15 mg\/5 ml, syrop. 5 ml syropu zawiera 15 mg ambroksolu chlorowodorku (Ambroxoli hydrochloridum). Wskazania do stosowania: Ostre i przewlek\u0142e choroby p\u0142uc i oskrzeli przebiegaj\u0105ce z zaburzeniem wydzielania \u015bluzu oraz utrudnieniem jego transportu. Przeciwwskazania: Nadwra\u017cliwo\u015b\u0107 na ambroksolu chlorowodorek lub na kt\u00f3r\u0105kolwiek substancj\u0119 pomocnicz\u0105. {ChPL 05\/2017}. Podmiot odpowiedzialny: Sanofi-Aventis Sp. z o.o.<br \/>\nMAT-PL-2102233-1.0-08\/21<br \/>\nPrzed u\u017cyciem zapoznaj si\u0119 z ulotk\u0105, kt\u00f3ra zawiera wskazania, przeciwwskazania, dane dotycz\u0105ce dzia\u0142a\u0144 niepo\u017c\u0105danych i dawkowanie oraz informacje dotycz\u0105ce stosowania produktu leczniczego, b\u0105d\u017a skonsultuj si\u0119 z lekarzem lub farmaceut\u0105, gdy\u017c ka\u017cdy lek niew\u0142a\u015bciwie stosowany zagra\u017ca Twojemu \u017cyciu lub zdrowiu.<\/p>\n<h2>Mucosolvan Mini Syrop dla dzieci 15 mg\/5 ml 100ml Sanofi-Aventis<\/h2>\n<p>smok wawelski bajka, cytaty korczak, prezenty dla nastolatki, pomys\u0142y na roczek, m.i.a., flagi europy quiz, kalina imi\u0119, dziwne zagadki, malgorzata znaczenie imienia, kolorowanki \u015bwi\u0105teczne do druku pdf, lol kolorowanki do druku, dzieci pl, trudne zagadki logiczne z odpowiedziami, melania znaczenie imienia, zaczarowana zagroda &#8211; test, prezent dla nastolatki, maski do druku kolorowe<\/p>\n<p>yyyyy<\/p>\n<p>&nbsp;<\/p>\n","protected":false},"excerpt":{"rendered":"<p>Syrop Mucosolvan to szybka ulga w kaszlu\u00b9. Dzi\u0119ki substancji czynnej, jak\u0105 jest ambroksol, wspomaga naturalny odruch oczyszczania dr\u00f3g oddechowych z zalegaj\u0105cej wydzieliny: &#8211; rozrzedza zalegaj\u0105c\u0105 wydzielin\u0119 &#8211; chroni przed jej ponownym zaleganiem &#8211; \u0142agodzi b\u00f3l i podra\u017cnienie gard\u0142a. Ponadto Mucosolvan wspomaga dzia\u0142anie antybiotyk\u00f3w (amoksycylina, cefuroksym, erytromycyna), kt\u00f3re mog\u0105 by\u0107 w\u0142\u0105czone do leczenia. Syrop Mucosolvan przeznaczony [&hellip;]<\/p>\n","protected":false},"featured_media":7753,"comment_status":"closed","ping_status":"open","template":"","meta":[],"product_cat":[985,1644],"product_tag":[622,677,589,771,767],"class_list":["post-7752","product","type-product","status-publish","has-post-thumbnail","hentry","product_cat-dzieci-i-niemowleta","product_cat-sanofi-aventis","product_tag-fajne-zagadki","product_tag-milosz-imie","product_tag-prezent-dla-rocznego-dziecka","product_tag-stolice-europy-quiz","product_tag-zaproszenia-urodzinowe-do-druku"],"_links":{"self":[{"href":"http:\/\/klubmamgdynia.pl\/index.php\/wp-json\/wp\/v2\/product\/7752","targetHints":{"allow":["GET"]}}],"collection":[{"href":"http:\/\/klubmamgdynia.pl\/index.php\/wp-json\/wp\/v2\/product"}],"about":[{"href":"http:\/\/klubmamgdynia.pl\/index.php\/wp-json\/wp\/v2\/types\/product"}],"replies":[{"embeddable":true,"href":"http:\/\/klubmamgdynia.pl\/index.php\/wp-json\/wp\/v2\/comments?post=7752"}],"wp:featuredmedia":[{"embeddable":true,"href":"http:\/\/klubmamgdynia.pl\/index.php\/wp-json\/wp\/v2\/media\/7753"}],"wp:attachment":[{"href":"http:\/\/klubmamgdynia.pl\/index.php\/wp-json\/wp\/v2\/media?parent=7752"}],"wp:term":[{"taxonomy":"product_cat","embeddable":true,"href":"http:\/\/klubmamgdynia.pl\/index.php\/wp-json\/wp\/v2\/product_cat?post=7752"},{"taxonomy":"product_tag","embeddable":true,"href":"http:\/\/klubmamgdynia.pl\/index.php\/wp-json\/wp\/v2\/product_tag?post=7752"}],"curies":[{"name":"wp","href":"https:\/\/api.w.org\/{rel}","templated":true}]}}