{"id":7754,"date":"2024-04-09T07:08:12","date_gmt":"2024-04-09T05:08:12","guid":{"rendered":"http:\/\/klubmamgdynia.pl\/?post_type=product&#038;p=7754"},"modified":"2026-04-06T17:16:32","modified_gmt":"2026-04-06T15:16:32","slug":"panasonic-ew-0925-2-szt","status":"publish","type":"product","link":"http:\/\/klubmamgdynia.pl\/index.php\/produkt\/panasonic-ew-0925-2-szt\/","title":{"rendered":"PANASONIC EW 0925 2 SZT."},"content":{"rendered":"<p>Zestaw 2 ko\u0144c\u00f3wek Panasonic EW 0925Ko\u0144c\u00f3wka wyposa\u017cona w bardzo delikatne i drobne w\u0142osie zapewniaj\u0105ce precyzyjne mycie przestrzeni mi\u0119dzyz\u0119bowych.Ko\u0144c\u00f3wki pasuj\u0105 do szczoteczek:- Panasonic EW 1012- Panasonic EW 1031- Panasonic EW 1035- Panasonic EW-DL40- Panasonic EW-DL82 W- Panasonic EW-DE92 SZestaw zawiera:- 2 ko\u0144c\u00f3wki Panasonic EW0925<\/p>\n<h2>PANASONIC EW 0925 2 SZT. Panasonic<\/h2>\n<p>ilona, krzy\u017c\u00f3wki dla dzieci, kolorowanka do wydruku, madre zyczenia bozonarodzeniowe, aurora imi\u0119, test na patologi\u0119 z kubusia puchatka, konkurs dla dzieci, kinderbal przepisy, bajka dla dziewczynek, basen \u015bl\u0105sk, trudne zagadki i odpowiedzi, peppa do czytania, znaki drogowe quizy, fajne prezenty dla nastolatk\u00f3w, kolorowanki lol do druku, maska karnawa\u0142owa pdf, quiz dynastia mizio\u0142k\u00f3w, wiersze o wakacjach, kolorowanki do druku dla doros\u0142ych, szablon choinki do wydruku<\/p>\n<p>yyyyy<\/p>\n<p>&nbsp;<\/p>\n","protected":false},"excerpt":{"rendered":"<p>Zestaw 2 ko\u0144c\u00f3wek Panasonic EW 0925Ko\u0144c\u00f3wka wyposa\u017cona w bardzo delikatne i drobne w\u0142osie zapewniaj\u0105ce precyzyjne mycie przestrzeni mi\u0119dzyz\u0119bowych.Ko\u0144c\u00f3wki pasuj\u0105 do szczoteczek:- Panasonic EW 1012- Panasonic EW 1031- Panasonic EW 1035- Panasonic EW-DL40- Panasonic EW-DL82 W- Panasonic EW-DE92 SZestaw zawiera:- 2 ko\u0144c\u00f3wki Panasonic EW0925 PANASONIC EW 0925 2 SZT. Panasonic ilona, krzy\u017c\u00f3wki dla dzieci, kolorowanka do [&hellip;]<\/p>\n","protected":false},"featured_media":7755,"comment_status":"closed","ping_status":"open","template":"","meta":[],"product_cat":[1646,1645],"product_tag":[622,731,814,762],"class_list":["post-7754","product","type-product","status-publish","has-post-thumbnail","hentry","product_cat-koncowki-do-szczoteczek-elektrycznych","product_cat-panasonic","product_tag-fajne-zagadki","product_tag-maly-ksiaze-cytaty","product_tag-prezenty-dla-nastolatek","product_tag-trudne-zagadki-dla-dzieci"],"_links":{"self":[{"href":"http:\/\/klubmamgdynia.pl\/index.php\/wp-json\/wp\/v2\/product\/7754","targetHints":{"allow":["GET"]}}],"collection":[{"href":"http:\/\/klubmamgdynia.pl\/index.php\/wp-json\/wp\/v2\/product"}],"about":[{"href":"http:\/\/klubmamgdynia.pl\/index.php\/wp-json\/wp\/v2\/types\/product"}],"replies":[{"embeddable":true,"href":"http:\/\/klubmamgdynia.pl\/index.php\/wp-json\/wp\/v2\/comments?post=7754"}],"wp:featuredmedia":[{"embeddable":true,"href":"http:\/\/klubmamgdynia.pl\/index.php\/wp-json\/wp\/v2\/media\/7755"}],"wp:attachment":[{"href":"http:\/\/klubmamgdynia.pl\/index.php\/wp-json\/wp\/v2\/media?parent=7754"}],"wp:term":[{"taxonomy":"product_cat","embeddable":true,"href":"http:\/\/klubmamgdynia.pl\/index.php\/wp-json\/wp\/v2\/product_cat?post=7754"},{"taxonomy":"product_tag","embeddable":true,"href":"http:\/\/klubmamgdynia.pl\/index.php\/wp-json\/wp\/v2\/product_tag?post=7754"}],"curies":[{"name":"wp","href":"https:\/\/api.w.org\/{rel}","templated":true}]}}