{"id":7758,"date":"2018-07-06T09:47:23","date_gmt":"2018-07-06T07:47:23","guid":{"rendered":"http:\/\/klubmamgdynia.pl\/index.php\/produkt\/magne-b6-magnez-50-tabletek\/"},"modified":"2026-04-28T20:19:34","modified_gmt":"2026-04-28T18:19:34","slug":"magne-b6-magnez-50-tabletek","status":"publish","type":"product","link":"http:\/\/klubmamgdynia.pl\/index.php\/produkt\/magne-b6-magnez-50-tabletek\/","title":{"rendered":"Magne B6 magnez 50 tabletek"},"content":{"rendered":"<p>MAGNE B6\u00aeSi\u0142a leku potwierdzona badaniami klinicznymi!1<\/p>\n<p>Zawiera wysoce przyswajalny magnez2\u00a0wzbogacony witamin\u0105 B6                            <\/p>\n<p>Dla os\u00f3b odczuwaj\u0105cych objawy codziennego stresu,<br \/>\nnp. zm\u0119czenie, nerwowo\u015b\u0107, wahania nastroju<br \/>\n3                             <\/p>\n<p>Lek bez recepty                            <\/p>\n<p>Tabletki powlekane, 50 tabletek<\/p>\n<p>Odpowiedni powy\u017cej 6 r.\u017c.                            <\/p>\n<p>Wskazania do stosowania:Wyst\u0119powanie poni\u017cej wymienionych objaw\u00f3w mo\u017ce wskazywa\u0107 na niedob\u00f3r magnezu:nerwowo\u015b\u0107, dra\u017cliwo\u015b\u0107, wahania nastroju, \u0142agodny l\u0119k, niepok\u00f3j, przej\u015bciowe uczucie zm\u0119czenia, ospa\u0142o\u015b\u0107, zaburzenia snu w niewielkim nasileniu;objawy l\u0119ku, takie jak kurcze przewodu pokarmowego lub ko\u0142atanie serca (bez zaburze\u0144 serca);kurcze mi\u0119\u015bni, mrowienie, drganie powiek.<br \/>\nDawkowanie:Doro\u015bli: 6-8 tabletek na dob\u0119 w 2 lub 3 dawkach podzielonych podczas posi\u0142k\u00f3w.Dzieci i m\u0142odzie\u017c: w wieku 6 lat lub powy\u017cej (o masie cia\u0142a ok. 20 kg): 4 do 6 tabletek na dob\u0119, w 2 lub 3 dawkach podzielonych, podczas posi\u0142k\u00f3w.<\/p>\n<p>Magne B6\u00ae, 48 mg jon\u00f3w magnezu + 5 mg pirydoksyny chlorowodorku, tabletki powlekane. Ka\u017cda tabletka powlekana zawiera 48 mg jon\u00f3w magnezu (1,97 mmol) w postaci magnezu mleczanu dwuwodnego i 5 mg pirydoksyny chlorowodorku. Substancja pomocnicza o znanym dzia\u0142aniu: sacharoza 330,569 mg. Wskazania do stosowania: wyst\u0119powanie poni\u017cej wymienionych objaw\u00f3w mo\u017ce wskazywa\u0107 na niedob\u00f3r magnezu: nerwo- wo\u015b\u0107, dra\u017cliwo\u015b\u0107, wahania nastroju, \u0142agodny l\u0119k, niepok\u00f3j, przej\u015bciowe uczucie zm\u0119czenia, ospa\u0142o\u015b\u0107, zaburzenia snu w niewielkim nasileniu; objawy l\u0119ku, takie jak kurcze przewodu pokarmowego lub ko\u0142atanie serca (bez zaburze\u0144 serca); kurcze mi\u0119\u015bni, mrowienie, drganie powiek. Uzupe\u0142nienie magnezu mo\u017ce z\u0142agodzi\u0107 powy\u017csze objawy. W przypadku braku poprawy po miesi\u0105cu stosowania produktu leczniczego Magne B6, kontynuowanie leczenia nie jest zalecane. Przeciwwskazania: nadwra\u017cliwo\u015b\u0107 na substancje czynne lub na kt\u00f3r\u0105kolwiek substancj\u0119 pomocnicz\u0105. Ci\u0119\u017cka niewydolno\u015b\u0107 nerek (klirens kreatyniny mniejszy ni\u017c 30 ml\/min). Jednoczesne stosowanie lewodopy. Podmiot odpowiedzialny:_Sanofi-Aventis Sp. z o.o. ChPL 02.2016.<br \/>\n* IQVIA Poland Pharmascope 09\/2019, CHC3: 04F3 MAGNESIUM SUPPLEMENTS, Units, 09\/2019, \u00a92019 IQVIA and its affiliates. All rights reserved 1. ChPL MAGNE B6\u00ae 07\/2020. 2. Dotyczy mleczanu magnezu, Am J Ther. 2001 Sep-Oct; 8(5): 345-57. Bioavailability and pharmacokinetics of magnesium after administration of magnesium salts to humans. Ranade VV, Somberg JC. 3.\u00a0 <\/p>\n<p>Powstaniu niedobor\u00f3w magnezu sprzyja przewlek\u0142y stres , objawami stresu mog\u0105 by\u0107 zm\u0119czenie, nerwowo\u015b\u0107 i wahania nastroju. Stress symptoms: Effects on your body and behavior, https:\/\/www.mayoclinic.org\/healthy-lifestyle\/stress-management\/in-depth\/stress-symptoms\/art-20050987 sierpien 2020. Uzupe\u0142nienie magnezu mo\u017ce z\u0142agodzi\u0107 powy\u017csze objawy. ChPL MAGNE B6\u00ae 07\/2020. E. Pouteauet al., Superiority of magnesium and vitamin B6 over magnesium alone on severe stress in healthy adults with low magnesemia A randomized, single-blind clinical trial Prot Hlg Epldemlol.<br \/>\nMAT-PL-2000378-1.0-07\/2020                            <\/p>\n<p>MAT-PL-2000378-1.0-07\/2020                            <\/p>\n<p>Przed u\u017cyciem zapoznaj si\u0119 z ulotk\u0105, kt\u00f3ra zawiera wskazania, przeciwwskazania, dane dotycz\u0105ce dzia\u0142a\u0144 niepo\u017c\u0105danych i dawkowanie oraz informacje dotycz\u0105ce stosowania produktu leczniczego, b\u0105d\u017a skonsultuj si\u0119 z lekarzem lub farmaceut\u0105, gdy\u017c ka\u017cdy lek niew\u0142a\u015bciwie stosowany zagra\u017ca Twojemu \u017cyciu lub zdrowiu.                            <\/p>\n<p>Rodzina produkt\u00f3w<\/p>\n<h2>Magne B6 magnez 50 tabletek Sanofi-Aventis<\/h2>\n<p>maski karnawa\u0142owe do druku, bardzo trudne zagadki, bajka o miko\u0142aju do czytania, quiz o akademii pana kleksa, bursztynek, test znaki drogowe<\/p>\n<p>yyyyy<\/p>\n<p>&nbsp;<\/p>\n","protected":false},"excerpt":{"rendered":"<p>MAGNE B6\u00aeSi\u0142a leku potwierdzona badaniami klinicznymi!1 Zawiera wysoce przyswajalny magnez2\u00a0wzbogacony witamin\u0105 B6 Dla os\u00f3b odczuwaj\u0105cych objawy codziennego stresu, np. zm\u0119czenie, nerwowo\u015b\u0107, wahania nastroju 3 Lek bez recepty Tabletki powlekane, 50 tabletek Odpowiedni powy\u017cej 6 r.\u017c. Wskazania do stosowania:Wyst\u0119powanie poni\u017cej wymienionych objaw\u00f3w mo\u017ce wskazywa\u0107 na niedob\u00f3r magnezu:nerwowo\u015b\u0107, dra\u017cliwo\u015b\u0107, wahania nastroju, \u0142agodny l\u0119k, niepok\u00f3j, przej\u015bciowe uczucie zm\u0119czenia, [&hellip;]<\/p>\n","protected":false},"featured_media":7759,"comment_status":"closed","ping_status":"open","template":"","meta":[],"product_cat":[1644,1538],"product_tag":[722,587,794,632],"class_list":["post-7758","product","type-product","status-publish","has-post-thumbnail","hentry","product_cat-sanofi-aventis","product_cat-serce-i-uklad-krazenia","product_tag-cytaty-o-przyjazni","product_tag-skalne-miasto","product_tag-test-opowiesci-z-narnii-lew-czarownica-i-stara-szafa-do-druku","product_tag-warszawa-atrakcje-dla-mlodziezy"],"_links":{"self":[{"href":"http:\/\/klubmamgdynia.pl\/index.php\/wp-json\/wp\/v2\/product\/7758","targetHints":{"allow":["GET"]}}],"collection":[{"href":"http:\/\/klubmamgdynia.pl\/index.php\/wp-json\/wp\/v2\/product"}],"about":[{"href":"http:\/\/klubmamgdynia.pl\/index.php\/wp-json\/wp\/v2\/types\/product"}],"replies":[{"embeddable":true,"href":"http:\/\/klubmamgdynia.pl\/index.php\/wp-json\/wp\/v2\/comments?post=7758"}],"wp:featuredmedia":[{"embeddable":true,"href":"http:\/\/klubmamgdynia.pl\/index.php\/wp-json\/wp\/v2\/media\/7759"}],"wp:attachment":[{"href":"http:\/\/klubmamgdynia.pl\/index.php\/wp-json\/wp\/v2\/media?parent=7758"}],"wp:term":[{"taxonomy":"product_cat","embeddable":true,"href":"http:\/\/klubmamgdynia.pl\/index.php\/wp-json\/wp\/v2\/product_cat?post=7758"},{"taxonomy":"product_tag","embeddable":true,"href":"http:\/\/klubmamgdynia.pl\/index.php\/wp-json\/wp\/v2\/product_tag?post=7758"}],"curies":[{"name":"wp","href":"https:\/\/api.w.org\/{rel}","templated":true}]}}