{"id":776,"date":"2021-12-14T01:06:16","date_gmt":"2021-12-14T00:06:16","guid":{"rendered":"http:\/\/klubmamgdynia.pl\/index.php\/produkt\/barbie-lalka-cukiernik-dvf50-dvf54\/"},"modified":"2026-04-05T03:49:27","modified_gmt":"2026-04-05T01:49:27","slug":"barbie-lalka-cukiernik-dvf50-dvf54","status":"publish","type":"product","link":"http:\/\/klubmamgdynia.pl\/index.php\/produkt\/barbie-lalka-cukiernik-dvf50-dvf54\/","title":{"rendered":"Barbie Lalka Cukiernik DVF50 Dvf54"},"content":{"rendered":"<p>Spe\u0142niaj marzenia o wielkiej karierze\u00a0z lalkami Barbie\u00ae i Ken\u2122!                            <\/p>\n<p>Barbie Lalka Szef Kuchni Cukiernik DVF54Kim chcesz zosta\u0107, gdy doro\u015bniesz? Weterynarz, piosenkark\u0105, aktork\u0105, a mo\u017ce cukiernikiem? Z nowymi lalkami Barbie mo\u017cesz by\u0107 kim chcesz!\u00a0Lalka \u2013 Cukiernik ma d\u0142ugie, pi\u0119kne w\u0142osy, zwi\u0105zane w kucyk. Ubrana jest w spodnie w czarno-bia\u0142\u0105 kratk\u0119, r\u00f3\u017cowy fartuszek i czapk\u0119 cukiernika.Do zestawu do\u0142\u0105czono talerzyk z babeczk\u0105. Lalka Barbie nie stoi samodzielnie. Posiada kilka punkt\u00f3w zgi\u0119cia, wi\u0119c mo\u017cna u\u0142o\u017cy\u0107 j\u0105 w r\u00f3\u017cnych pozycjach, by lepiej odgrywa\u0107 wymy\u015blon\u0105 scenk\u0119.                            <\/p>\n<p>Barbie Cukiernik\u00a0                            <\/p>\n<p>OPIS PRODUKTU                            <\/p>\n<p>Piel\u0119gniarka czy okulistka? Weterynarz, a mo\u017ce naukowiec? Farmerka czy mistrzyni wypiekania babeczek? \u0141y\u017cwiarka? Ratowniczka? A mo\u017ce gwiazda pop? Odkrywaj r\u00f3\u017cnorodne \u015bcie\u017cki kariery z Barbie\u00ae! Lalki Barbie\u00ae Kariera ubrane s\u0105 w tematyczne stroje, typowe dla postaci i towarzysz\u0105 im dodatkowe akcesoria, kt\u00f3re pomog\u0105 zwi\u0119kszy\u0107 mo\u017cliwo\u015bci zabawy. Lalki Barbie\u00ae Kariera ubrane s\u0105 w tematyczne stroje, typowe dla danego zawodu, i towarzysz\u0105 im dodatkowe akcesoria, kt\u00f3re pomog\u0105 zwi\u0119kszy\u0107 mo\u017cliwo\u015bci zabawy. Ka\u017cda lalka Barbie\u00ae ma w\u0142asny unikalny styl, a tak\u017ce typ sylwetki, kolor sk\u00f3ry, oczu i w\u0142os\u00f3w, aby maksymalnie zwi\u0119kszy\u0107 mo\u017cliwo\u015bci zabawy i inspirowa\u0107. Tematycznie dobrane ubranka i akcesoria dodatkowo zach\u0119caj\u0105 do zabawy. W zestawia lalka w ubrankach z akcesoriami.<\/p>\n<h2>Barbie Lalka Cukiernik DVF50 Dvf54 Barbie<\/h2>\n<p>dziecko cytaty z\u0142ote my\u015bli, zabawki dla rocznej dziewczynki, zagadki logiczne dla doros\u0142ych, pomys\u0142 na prezent dla 15 latki, imie gaja, plac zabaw pozna\u0144<\/p>\n<p>yyyyy<\/p>\n<p>&nbsp;<\/p>\n","protected":false},"excerpt":{"rendered":"<p>Spe\u0142niaj marzenia o wielkiej karierze\u00a0z lalkami Barbie\u00ae i Ken\u2122! Barbie Lalka Szef Kuchni Cukiernik DVF54Kim chcesz zosta\u0107, gdy doro\u015bniesz? Weterynarz, piosenkark\u0105, aktork\u0105, a mo\u017ce cukiernikiem? Z nowymi lalkami Barbie mo\u017cesz by\u0107 kim chcesz!\u00a0Lalka \u2013 Cukiernik ma d\u0142ugie, pi\u0119kne w\u0142osy, zwi\u0105zane w kucyk. Ubrana jest w spodnie w czarno-bia\u0142\u0105 kratk\u0119, r\u00f3\u017cowy fartuszek i czapk\u0119 cukiernika.Do zestawu [&hellip;]<\/p>\n","protected":false},"featured_media":777,"comment_status":"closed","ping_status":"open","template":"","meta":[],"product_cat":[173,65],"product_tag":[838,730,682],"class_list":["post-776","product","type-product","status-publish","has-post-thumbnail","hentry","product_cat-barbie","product_cat-lalki","product_tag-bajki-dla-dzieci-na-dobranoc","product_tag-karyna","product_tag-przyjazn-cytaty"],"_links":{"self":[{"href":"http:\/\/klubmamgdynia.pl\/index.php\/wp-json\/wp\/v2\/product\/776","targetHints":{"allow":["GET"]}}],"collection":[{"href":"http:\/\/klubmamgdynia.pl\/index.php\/wp-json\/wp\/v2\/product"}],"about":[{"href":"http:\/\/klubmamgdynia.pl\/index.php\/wp-json\/wp\/v2\/types\/product"}],"replies":[{"embeddable":true,"href":"http:\/\/klubmamgdynia.pl\/index.php\/wp-json\/wp\/v2\/comments?post=776"}],"wp:featuredmedia":[{"embeddable":true,"href":"http:\/\/klubmamgdynia.pl\/index.php\/wp-json\/wp\/v2\/media\/777"}],"wp:attachment":[{"href":"http:\/\/klubmamgdynia.pl\/index.php\/wp-json\/wp\/v2\/media?parent=776"}],"wp:term":[{"taxonomy":"product_cat","embeddable":true,"href":"http:\/\/klubmamgdynia.pl\/index.php\/wp-json\/wp\/v2\/product_cat?post=776"},{"taxonomy":"product_tag","embeddable":true,"href":"http:\/\/klubmamgdynia.pl\/index.php\/wp-json\/wp\/v2\/product_tag?post=776"}],"curies":[{"name":"wp","href":"https:\/\/api.w.org\/{rel}","templated":true}]}}