{"id":7760,"date":"2024-08-29T20:41:37","date_gmt":"2024-08-29T18:41:37","guid":{"rendered":"http:\/\/klubmamgdynia.pl\/?post_type=product&#038;p=7760"},"modified":"2026-04-29T08:47:45","modified_gmt":"2026-04-29T06:47:45","slug":"hipp-bio-bezmleczna-kaszka-owsiana-200g","status":"publish","type":"product","link":"http:\/\/klubmamgdynia.pl\/index.php\/produkt\/hipp-bio-bezmleczna-kaszka-owsiana-200g\/","title":{"rendered":"Hipp Bio Bezmleczna Kaszka Owsiana 200G"},"content":{"rendered":"<p>Przepyszna i zdrowa kaszka owsiana przeznaczona jest dla niemowl\u0105t powy\u017cej 4-go miesi\u0105ca \u017cycia. Produkt nie zawiera glutenu.<\/p>\n<h2>Hipp Bio Bezmleczna Kaszka Owsiana 200G Hipp<\/h2>\n<p>logiczne zagadki dla dzieci, liwia znaczenie imienia, kotki kolorowanka, bajka dla dzieci do czytania, znaczenie imiona marcel, ci\u0119\u017ckie zagadki, kolorowanki super zings, bajka o emocjach, daniel imie, marcelina imi\u0119, wzory zaprosze\u0144 zaproszenie na urodziny szablon do druku, zagadki z odpowiedziami dla dzieci, cytaty o przyja\u017ani kr\u00f3tkie, pieski pies kolorowanka, zagadki matematyczne dla dzieci 7 lat, calineczka test z odpowiedziami, bajki dla niemowlakow<\/p>\n<p>yyyyy<\/p>\n<p>&nbsp;<\/p>\n","protected":false},"excerpt":{"rendered":"<p>Przepyszna i zdrowa kaszka owsiana przeznaczona jest dla niemowl\u0105t powy\u017cej 4-go miesi\u0105ca \u017cycia. Produkt nie zawiera glutenu. Hipp Bio Bezmleczna Kaszka Owsiana 200G Hipp logiczne zagadki dla dzieci, liwia znaczenie imienia, kotki kolorowanka, bajka dla dzieci do czytania, znaczenie imiona marcel, ci\u0119\u017ckie zagadki, kolorowanki super zings, bajka o emocjach, daniel imie, marcelina imi\u0119, wzory zaprosze\u0144 [&hellip;]<\/p>\n","protected":false},"featured_media":7761,"comment_status":"closed","ping_status":"open","template":"","meta":[],"product_cat":[66,107],"product_tag":[696,670,752,734,742,800],"class_list":["post-7760","product","type-product","status-publish","has-post-thumbnail","hentry","product_cat-hipp","product_cat-kaszki-dla-dzieci","product_tag-film-rodzinny-o-swietach","product_tag-irma","product_tag-kuba-imie","product_tag-milan-imie","product_tag-piosenki-dla-dzieci-tekst","product_tag-zagadki-smieszne"],"_links":{"self":[{"href":"http:\/\/klubmamgdynia.pl\/index.php\/wp-json\/wp\/v2\/product\/7760","targetHints":{"allow":["GET"]}}],"collection":[{"href":"http:\/\/klubmamgdynia.pl\/index.php\/wp-json\/wp\/v2\/product"}],"about":[{"href":"http:\/\/klubmamgdynia.pl\/index.php\/wp-json\/wp\/v2\/types\/product"}],"replies":[{"embeddable":true,"href":"http:\/\/klubmamgdynia.pl\/index.php\/wp-json\/wp\/v2\/comments?post=7760"}],"wp:featuredmedia":[{"embeddable":true,"href":"http:\/\/klubmamgdynia.pl\/index.php\/wp-json\/wp\/v2\/media\/7761"}],"wp:attachment":[{"href":"http:\/\/klubmamgdynia.pl\/index.php\/wp-json\/wp\/v2\/media?parent=7760"}],"wp:term":[{"taxonomy":"product_cat","embeddable":true,"href":"http:\/\/klubmamgdynia.pl\/index.php\/wp-json\/wp\/v2\/product_cat?post=7760"},{"taxonomy":"product_tag","embeddable":true,"href":"http:\/\/klubmamgdynia.pl\/index.php\/wp-json\/wp\/v2\/product_tag?post=7760"}],"curies":[{"name":"wp","href":"https:\/\/api.w.org\/{rel}","templated":true}]}}