{"id":7762,"date":"2012-02-13T18:24:53","date_gmt":"2012-02-13T17:24:53","guid":{"rendered":"http:\/\/klubmamgdynia.pl\/index.php\/produkt\/synocrom-10-mg-ml-1-hialuronianu-sodu-1-ampulko-strzykawka-2ml\/"},"modified":"2026-04-23T12:55:50","modified_gmt":"2026-04-23T10:55:50","slug":"synocrom-10-mg-ml-1-hialuronianu-sodu-1-ampulko-strzykawka-2ml","status":"publish","type":"product","link":"http:\/\/klubmamgdynia.pl\/index.php\/produkt\/synocrom-10-mg-ml-1-hialuronianu-sodu-1-ampulko-strzykawka-2ml\/","title":{"rendered":"Synocrom 10 mg\/ml (1 %) hialuronianu sodu 1 ampu\u0142ko-strzykawka 2ml"},"content":{"rendered":"<p>SYNOCROM 10 MG\/ML (1 %) HIALURONIANU SODU 1 AMPU\u0141KO-STRZYKAWKA 2ML<\/p>\n<p>Ja\u0142owy, klarowny i przejrzysty roztw\u00f3r hialuronianu sodu o du\u017cym stopniu oczyszczenia, pochodzacego z biofermentacji. Posiada doskona\u0142e w\u0142a\u015bciow\u015bci smaruj\u0105ce, absorbujace wstrzasy i redukuj\u0105ce b\u00f3l.Sk\u0142adHialuronian soduWskazaniaB\u00f3le, ograniczenie ruchomo\u015bci stawu mazi\u00f3wkowego w nast\u0119pstwie zmian zwyrodnieniowych lub pourazowych.DawkowaniePreparat powinien by\u0107 podawany wy\u0142\u0105cznie przez lekarza, ze \u015bcis\u0142ym przestrzeganiem techniki ja\u0142owego podawania.                            <\/p>\n<p>Dzia\u0142aniePoprawia w\u0142a\u015bciwo\u015bci smaruj\u0105ce p\u0142ynu maziowego, umozliwia prawid\u0142owe i bezbolesne ruchy staw\u00f3w.PrzeciwskazaniaNadwra\u017cliwo\u015b\u0107 na kt\u00f3rykolwiek ze sk\u0142adnik\u00f3w preparatu.<\/p>\n<h2>Synocrom 10 mg\/ml (1 %) hialuronianu sodu 1 ampu\u0142ko-strzykawka 2ml Croma Pharma<\/h2>\n<p>zgadywanki, lucyna, aneta, dzieci cytaty<\/p>\n<p>yyyyy<\/p>\n<p>&nbsp;<\/p>\n","protected":false},"excerpt":{"rendered":"<p>SYNOCROM 10 MG\/ML (1 %) HIALURONIANU SODU 1 AMPU\u0141KO-STRZYKAWKA 2ML Ja\u0142owy, klarowny i przejrzysty roztw\u00f3r hialuronianu sodu o du\u017cym stopniu oczyszczenia, pochodzacego z biofermentacji. Posiada doskona\u0142e w\u0142a\u015bciow\u015bci smaruj\u0105ce, absorbujace wstrzasy i redukuj\u0105ce b\u00f3l.Sk\u0142adHialuronian soduWskazaniaB\u00f3le, ograniczenie ruchomo\u015bci stawu mazi\u00f3wkowego w nast\u0119pstwie zmian zwyrodnieniowych lub pourazowych.DawkowaniePreparat powinien by\u0107 podawany wy\u0142\u0105cznie przez lekarza, ze \u015bcis\u0142ym przestrzeganiem techniki ja\u0142owego [&hellip;]<\/p>\n","protected":false},"featured_media":7763,"comment_status":"closed","ping_status":"open","template":"","meta":[],"product_cat":[1647,1540],"product_tag":[664,655,742,842,872,873],"class_list":["post-7762","product","type-product","status-publish","has-post-thumbnail","hentry","product_cat-croma-pharma","product_cat-miesnie-stawy-i-kosci","product_tag-atrakcje-dla-dzieci-trojmiasto","product_tag-najlepsze-zagadki","product_tag-piosenki-dla-dzieci-tekst","product_tag-plac-zabaw-poznan","product_tag-zagadki-dla-dzieci-6-lat","product_tag-zagadki-z-odpowiedziami-dla-dzieci"],"_links":{"self":[{"href":"http:\/\/klubmamgdynia.pl\/index.php\/wp-json\/wp\/v2\/product\/7762","targetHints":{"allow":["GET"]}}],"collection":[{"href":"http:\/\/klubmamgdynia.pl\/index.php\/wp-json\/wp\/v2\/product"}],"about":[{"href":"http:\/\/klubmamgdynia.pl\/index.php\/wp-json\/wp\/v2\/types\/product"}],"replies":[{"embeddable":true,"href":"http:\/\/klubmamgdynia.pl\/index.php\/wp-json\/wp\/v2\/comments?post=7762"}],"wp:featuredmedia":[{"embeddable":true,"href":"http:\/\/klubmamgdynia.pl\/index.php\/wp-json\/wp\/v2\/media\/7763"}],"wp:attachment":[{"href":"http:\/\/klubmamgdynia.pl\/index.php\/wp-json\/wp\/v2\/media?parent=7762"}],"wp:term":[{"taxonomy":"product_cat","embeddable":true,"href":"http:\/\/klubmamgdynia.pl\/index.php\/wp-json\/wp\/v2\/product_cat?post=7762"},{"taxonomy":"product_tag","embeddable":true,"href":"http:\/\/klubmamgdynia.pl\/index.php\/wp-json\/wp\/v2\/product_tag?post=7762"}],"curies":[{"name":"wp","href":"https:\/\/api.w.org\/{rel}","templated":true}]}}