{"id":7766,"date":"2019-07-05T14:20:22","date_gmt":"2019-07-05T12:20:22","guid":{"rendered":"http:\/\/klubmamgdynia.pl\/index.php\/produkt\/viga-drewniany-zestaw-do-krojenia-lunch-box-50260-zabawka\/"},"modified":"2026-04-29T00:44:48","modified_gmt":"2026-04-28T22:44:48","slug":"viga-drewniany-zestaw-do-krojenia-lunch-box-50260-zabawka","status":"publish","type":"product","link":"http:\/\/klubmamgdynia.pl\/index.php\/produkt\/viga-drewniany-zestaw-do-krojenia-lunch-box-50260-zabawka\/","title":{"rendered":"Viga Drewniany zestaw do krojenia Lunch Box (50260) &#8211; Zabawka"},"content":{"rendered":"<p>Viga Zestaw do krojenia Lunch Box n\u00f3\u017c deska chleb<\/p>\n<h2>Viga Drewniany zestaw do krojenia Lunch Box (50260) &#8211; Zabawka Viga<\/h2>\n<p>imie gaja, elzbieta imie, korczak cytaty, kuchcikowo przepisy dla dzieci, el\u017cbieta imi\u0119, prezent dla nastolatk\u00f3w ch\u0142opc\u00f3w, zabawa dla 7 latka, jak narysowa\u0107 koty, uk\u0142ad s\u0142oneczny dla dzieci do druku, kanapki na urodziny dziecka, kolorowanki dla ch\u0142opc\u00f3w do druku, zagadka logiczna, jasmin imie, marcel imi\u0119, \u015bmieszne kanapki kanapki dla dzieci, psi patrol kolorowanka, prezenty dla nastolatk\u00f3w, prezent dla dziecka na roczek, wzruszaj\u0105c\u0105 piosenka dla taty<\/p>\n<p>yyyyy<\/p>\n<p>&nbsp;<\/p>\n","protected":false},"excerpt":{"rendered":"<p>Viga Zestaw do krojenia Lunch Box n\u00f3\u017c deska chleb Viga Drewniany zestaw do krojenia Lunch Box (50260) &#8211; Zabawka Viga imie gaja, elzbieta imie, korczak cytaty, kuchcikowo przepisy dla dzieci, el\u017cbieta imi\u0119, prezent dla nastolatk\u00f3w ch\u0142opc\u00f3w, zabawa dla 7 latka, jak narysowa\u0107 koty, uk\u0142ad s\u0142oneczny dla dzieci do druku, kanapki na urodziny dziecka, kolorowanki dla [&hellip;]<\/p>\n","protected":false},"featured_media":7767,"comment_status":"closed","ping_status":"open","template":"","meta":[],"product_cat":[53,1106],"product_tag":[728,667,752,842,711,762],"class_list":["post-7766","product","type-product","status-publish","has-post-thumbnail","hentry","product_cat-kaciki-zabaw","product_cat-viga","product_tag-bezwarunkowa-milosc-do-dziecka-cytaty","product_tag-kolorowanka-lol","product_tag-kuba-imie","product_tag-plac-zabaw-poznan","product_tag-prezenty-dla-nastolatkow","product_tag-trudne-zagadki-dla-dzieci"],"_links":{"self":[{"href":"http:\/\/klubmamgdynia.pl\/index.php\/wp-json\/wp\/v2\/product\/7766","targetHints":{"allow":["GET"]}}],"collection":[{"href":"http:\/\/klubmamgdynia.pl\/index.php\/wp-json\/wp\/v2\/product"}],"about":[{"href":"http:\/\/klubmamgdynia.pl\/index.php\/wp-json\/wp\/v2\/types\/product"}],"replies":[{"embeddable":true,"href":"http:\/\/klubmamgdynia.pl\/index.php\/wp-json\/wp\/v2\/comments?post=7766"}],"wp:featuredmedia":[{"embeddable":true,"href":"http:\/\/klubmamgdynia.pl\/index.php\/wp-json\/wp\/v2\/media\/7767"}],"wp:attachment":[{"href":"http:\/\/klubmamgdynia.pl\/index.php\/wp-json\/wp\/v2\/media?parent=7766"}],"wp:term":[{"taxonomy":"product_cat","embeddable":true,"href":"http:\/\/klubmamgdynia.pl\/index.php\/wp-json\/wp\/v2\/product_cat?post=7766"},{"taxonomy":"product_tag","embeddable":true,"href":"http:\/\/klubmamgdynia.pl\/index.php\/wp-json\/wp\/v2\/product_tag?post=7766"}],"curies":[{"name":"wp","href":"https:\/\/api.w.org\/{rel}","templated":true}]}}