{"id":7770,"date":"2019-09-08T16:36:29","date_gmt":"2019-09-08T14:36:29","guid":{"rendered":"http:\/\/klubmamgdynia.pl\/index.php\/produkt\/solbaby-kaszel-tussi-syrop-z-naturalnego-miodu-dla-dzieci-1-100-ml\/"},"modified":"2026-04-29T05:57:45","modified_gmt":"2026-04-29T03:57:45","slug":"solbaby-kaszel-tussi-syrop-z-naturalnego-miodu-dla-dzieci-1-100-ml","status":"publish","type":"product","link":"http:\/\/klubmamgdynia.pl\/index.php\/produkt\/solbaby-kaszel-tussi-syrop-z-naturalnego-miodu-dla-dzieci-1-100-ml\/","title":{"rendered":"SOLbaby Kaszel Tussi syrop z naturalnego miodu dla dzieci 1+ 100 ml"},"content":{"rendered":"<p>SOLbaby Kaszel TussiZastosowanie:\u00a0uzupe\u0142nienie diety w sk\u0142adniki aktywne preparatu.Zalecane spo\u017cycie:\u00a02,5ml syropu 4 razy dziennie. Wstrz\u0105sn\u0105\u0107 przed u\u017cyciem. Syrop nale\u017cy spo\u017cy\u0107 bezpo\u015brednio doustnie. Nie nale\u017cy miesza\u0107 preparatu z innymi p\u0142ynami. Nie nale\u017cy popija\u0107 bezpo\u015brednio po spo\u017cyciu. Do produktu do\u0142\u0105czony jest dozownik pozwalaj\u0105cy na precyzyjne podawanie syropu.Sk\u0142adniki:\u00a0mi\u00f3d (79%); koncentrat soku gruszkowego; woda; wodny ekstrakt z p\u0119d\u00f3w \u015bwierku Picea abies (2%); kwas L-askorbinowy (witamina C); alkoholowy ekstrakt z mi\u0119ty pieprzowej Mentha piperita; ekstrakt z tymianku Thymus vulgaris (0,3%); przeciwutleniacz: alfa-tokoferol; palmitynian retinylu (witamina A); olejek eukaliptusowy.Dzienna porcja (10ml) zawiera: witamina C 48mg (60%) *, witamina A 120mcg (15%) *, ekstrakt z p\u0119d\u00f3w \u015bwierku 276mg, ekstrakt z tymianku 41mg.*RWS-Referencyjna Warto\u015b\u0107 Spo\u017cyciaPrzeciwwskazania:\u00a0nadwra\u017cliwo\u015b\u0107 (uczulenie) na kt\u00f3rykolwiek ze sk\u0142adnik\u00f3w preparatu.<\/p>\n<h2>SOLbaby Kaszel Tussi syrop z naturalnego miodu dla dzieci 1+ 100 ml Sequoia<\/h2>\n<p>kolorowanki psi patrol, jak narysowa\u0107 koty, malowanki piesek, co kupic na roczek, miko\u0142ajek quiz, upominek dla nastolatk\u00f3w, kolorowanki do druku lol<\/p>\n<p>yyyyy<\/p>\n<p>&nbsp;<\/p>\n","protected":false},"excerpt":{"rendered":"<p>SOLbaby Kaszel TussiZastosowanie:\u00a0uzupe\u0142nienie diety w sk\u0142adniki aktywne preparatu.Zalecane spo\u017cycie:\u00a02,5ml syropu 4 razy dziennie. Wstrz\u0105sn\u0105\u0107 przed u\u017cyciem. Syrop nale\u017cy spo\u017cy\u0107 bezpo\u015brednio doustnie. Nie nale\u017cy miesza\u0107 preparatu z innymi p\u0142ynami. Nie nale\u017cy popija\u0107 bezpo\u015brednio po spo\u017cyciu. Do produktu do\u0142\u0105czony jest dozownik pozwalaj\u0105cy na precyzyjne podawanie syropu.Sk\u0142adniki:\u00a0mi\u00f3d (79%); koncentrat soku gruszkowego; woda; wodny ekstrakt z p\u0119d\u00f3w \u015bwierku Picea [&hellip;]<\/p>\n","protected":false},"featured_media":7771,"comment_status":"closed","ping_status":"open","template":"","meta":[],"product_cat":[1650,1649],"product_tag":[837,702,606],"class_list":["post-7770","product","type-product","status-publish","has-post-thumbnail","hentry","product_cat-pozostale-suplementy","product_cat-sequoia","product_tag-cicha-noc-po-angielsku","product_tag-co-kupic-na-roczek-dla-dziewczynki","product_tag-stala-pod-sniegiem"],"_links":{"self":[{"href":"http:\/\/klubmamgdynia.pl\/index.php\/wp-json\/wp\/v2\/product\/7770","targetHints":{"allow":["GET"]}}],"collection":[{"href":"http:\/\/klubmamgdynia.pl\/index.php\/wp-json\/wp\/v2\/product"}],"about":[{"href":"http:\/\/klubmamgdynia.pl\/index.php\/wp-json\/wp\/v2\/types\/product"}],"replies":[{"embeddable":true,"href":"http:\/\/klubmamgdynia.pl\/index.php\/wp-json\/wp\/v2\/comments?post=7770"}],"wp:featuredmedia":[{"embeddable":true,"href":"http:\/\/klubmamgdynia.pl\/index.php\/wp-json\/wp\/v2\/media\/7771"}],"wp:attachment":[{"href":"http:\/\/klubmamgdynia.pl\/index.php\/wp-json\/wp\/v2\/media?parent=7770"}],"wp:term":[{"taxonomy":"product_cat","embeddable":true,"href":"http:\/\/klubmamgdynia.pl\/index.php\/wp-json\/wp\/v2\/product_cat?post=7770"},{"taxonomy":"product_tag","embeddable":true,"href":"http:\/\/klubmamgdynia.pl\/index.php\/wp-json\/wp\/v2\/product_tag?post=7770"}],"curies":[{"name":"wp","href":"https:\/\/api.w.org\/{rel}","templated":true}]}}