{"id":7772,"date":"2021-05-04T00:51:06","date_gmt":"2021-05-03T22:51:06","guid":{"rendered":"http:\/\/klubmamgdynia.pl\/index.php\/produkt\/brimarex-drewniane-klocki-konik\/"},"modified":"2026-04-06T06:13:20","modified_gmt":"2026-04-06T04:13:20","slug":"brimarex-drewniane-klocki-konik","status":"publish","type":"product","link":"http:\/\/klubmamgdynia.pl\/index.php\/produkt\/brimarex-drewniane-klocki-konik\/","title":{"rendered":"Brimarex Drewniane klocki Konik"},"content":{"rendered":"<p>Drewniana uk\u0142adanka &#8211; KonikW zestawie znajduje si\u0119 6 r\u00f3\u017cnych obrazk\u00f3w, przedstawiaj\u0105cych zwierz\u0105tka. Ka\u017cdy obrazek sk\u0142ada si\u0119 z 4 element\u00f3w (p\u0142ytek).<\/p>\n<h2>Brimarex Drewniane klocki Konik Brimarex<\/h2>\n<p>zagadki rymowanki dla dzieci, maska do druku, oliwier, warszawa z dzieckiem, zagadki na inteligencje, imi\u0119 natan, u\u015bmiech dziecka wiersz, marcelina imi\u0119, znajd\u017a r\u00f3\u017cnice do druku<\/p>\n<p>yyyyy<\/p>\n<p>&nbsp;<\/p>\n","protected":false},"excerpt":{"rendered":"<p>Drewniana uk\u0142adanka &#8211; KonikW zestawie znajduje si\u0119 6 r\u00f3\u017cnych obrazk\u00f3w, przedstawiaj\u0105cych zwierz\u0105tka. Ka\u017cdy obrazek sk\u0142ada si\u0119 z 4 element\u00f3w (p\u0142ytek). Brimarex Drewniane klocki Konik Brimarex zagadki rymowanki dla dzieci, maska do druku, oliwier, warszawa z dzieckiem, zagadki na inteligencje, imi\u0119 natan, u\u015bmiech dziecka wiersz, marcelina imi\u0119, znajd\u017a r\u00f3\u017cnice do druku yyyyy &nbsp;<\/p>\n","protected":false},"featured_media":7773,"comment_status":"closed","ping_status":"open","template":"","meta":[],"product_cat":[1651,99],"product_tag":[831,764,641,872,823,615],"class_list":["post-7772","product","type-product","status-publish","has-post-thumbnail","hentry","product_cat-brimarex","product_cat-zabawki-ekologiczne","product_tag-bruno","product_tag-prezenty-na-roczek-dla-dziewczynki","product_tag-trudne-zagadki-logiczne","product_tag-zagadki-dla-dzieci-6-lat","product_tag-zagadki-dla-dzieci-7-lat","product_tag-znane-misie-z-filmow-animowanych"],"_links":{"self":[{"href":"http:\/\/klubmamgdynia.pl\/index.php\/wp-json\/wp\/v2\/product\/7772","targetHints":{"allow":["GET"]}}],"collection":[{"href":"http:\/\/klubmamgdynia.pl\/index.php\/wp-json\/wp\/v2\/product"}],"about":[{"href":"http:\/\/klubmamgdynia.pl\/index.php\/wp-json\/wp\/v2\/types\/product"}],"replies":[{"embeddable":true,"href":"http:\/\/klubmamgdynia.pl\/index.php\/wp-json\/wp\/v2\/comments?post=7772"}],"wp:featuredmedia":[{"embeddable":true,"href":"http:\/\/klubmamgdynia.pl\/index.php\/wp-json\/wp\/v2\/media\/7773"}],"wp:attachment":[{"href":"http:\/\/klubmamgdynia.pl\/index.php\/wp-json\/wp\/v2\/media?parent=7772"}],"wp:term":[{"taxonomy":"product_cat","embeddable":true,"href":"http:\/\/klubmamgdynia.pl\/index.php\/wp-json\/wp\/v2\/product_cat?post=7772"},{"taxonomy":"product_tag","embeddable":true,"href":"http:\/\/klubmamgdynia.pl\/index.php\/wp-json\/wp\/v2\/product_tag?post=7772"}],"curies":[{"name":"wp","href":"https:\/\/api.w.org\/{rel}","templated":true}]}}