{"id":7774,"date":"2014-09-28T08:23:13","date_gmt":"2014-09-28T06:23:13","guid":{"rendered":"http:\/\/klubmamgdynia.pl\/index.php\/produkt\/muuvo-slick-2-0-wozek-spacerowy-light-grey\/"},"modified":"2026-04-05T19:03:56","modified_gmt":"2026-04-05T17:03:56","slug":"muuvo-slick-2-0-wozek-spacerowy-light-grey","status":"publish","type":"product","link":"http:\/\/klubmamgdynia.pl\/index.php\/produkt\/muuvo-slick-2-0-wozek-spacerowy-light-grey\/","title":{"rendered":"Muuvo Slick 2.0 W\u00f3zek Spacerowy Light Grey"},"content":{"rendered":"<p>Muuvo Slick 2.0 W\u00f3zek Spacerowy Light GreyDla zapewnienia jak najwyz\u0307szego komfortu jazdy, Slick 2.0 zaopatrzony zosta\u0142 w system perforacji oparcia spacero\u0301wki, po\u0142a\u0328czony z dodatkowymi elementami wentylacyjnymi, umieszczonymi w tkaninie siedziska, zapewniaja\u0328c komfort i sta\u0142y przep\u0142yw powietrza podczas spacero\u0301w. Dodatkowo, spacero\u0301wka wzbogacona zosta\u0142a o system Up To You, kto\u0301ry pozwala na jednoczesne dostosowanie wysokos\u0301ci zag\u0142o\u0301wka, budki i paso\u0301w.<\/p>\n<h2>Muuvo Slick 2.0 W\u00f3zek Spacerowy Light Grey Muuvo<\/h2>\n<p>anastazja imi\u0119, prezent dla nastolatk\u00f3w, test narnia lew czarownica i stara szafa, prezent dla dziecka 1 rok, my little pony kolorowanka, wiersze o wakacjach, cytaty o przyjazni, kolorowanki lato, pytania do lektury asiunia, aaa kotki dwa tekst, dobrej nocy i sza, kornelia, cytat o rodzinie, lol kolorowanka, zagadki na logike, prezent dla 13 latki na \u015bwi\u0119ta, ignacy znaczenie imienia, fajne \u017carty na prima aprilis, ksi\u0105\u017cka dla dzieci online, dyplomy do druku<\/p>\n<p>yyyyy<\/p>\n<p>&nbsp;<\/p>\n","protected":false},"excerpt":{"rendered":"<p>Muuvo Slick 2.0 W\u00f3zek Spacerowy Light GreyDla zapewnienia jak najwyz\u0307szego komfortu jazdy, Slick 2.0 zaopatrzony zosta\u0142 w system perforacji oparcia spacero\u0301wki, po\u0142a\u0328czony z dodatkowymi elementami wentylacyjnymi, umieszczonymi w tkaninie siedziska, zapewniaja\u0328c komfort i sta\u0142y przep\u0142yw powietrza podczas spacero\u0301w. Dodatkowo, spacero\u0301wka wzbogacona zosta\u0142a o system Up To You, kto\u0301ry pozwala na jednoczesne dostosowanie wysokos\u0301ci zag\u0142o\u0301wka, budki [&hellip;]<\/p>\n","protected":false},"featured_media":7775,"comment_status":"closed","ping_status":"open","template":"","meta":[],"product_cat":[485,71],"product_tag":[700,648,626,669,689,767],"class_list":["post-7774","product","type-product","status-publish","has-post-thumbnail","hentry","product_cat-muuvo","product_cat-wozki-spacerowe","product_tag-bajki-do-czytania-dla-dzieci","product_tag-dobrej-nocy-i-sza","product_tag-jacek","product_tag-kolorowanki","product_tag-linda","product_tag-zaproszenia-urodzinowe-do-druku"],"_links":{"self":[{"href":"http:\/\/klubmamgdynia.pl\/index.php\/wp-json\/wp\/v2\/product\/7774","targetHints":{"allow":["GET"]}}],"collection":[{"href":"http:\/\/klubmamgdynia.pl\/index.php\/wp-json\/wp\/v2\/product"}],"about":[{"href":"http:\/\/klubmamgdynia.pl\/index.php\/wp-json\/wp\/v2\/types\/product"}],"replies":[{"embeddable":true,"href":"http:\/\/klubmamgdynia.pl\/index.php\/wp-json\/wp\/v2\/comments?post=7774"}],"wp:featuredmedia":[{"embeddable":true,"href":"http:\/\/klubmamgdynia.pl\/index.php\/wp-json\/wp\/v2\/media\/7775"}],"wp:attachment":[{"href":"http:\/\/klubmamgdynia.pl\/index.php\/wp-json\/wp\/v2\/media?parent=7774"}],"wp:term":[{"taxonomy":"product_cat","embeddable":true,"href":"http:\/\/klubmamgdynia.pl\/index.php\/wp-json\/wp\/v2\/product_cat?post=7774"},{"taxonomy":"product_tag","embeddable":true,"href":"http:\/\/klubmamgdynia.pl\/index.php\/wp-json\/wp\/v2\/product_tag?post=7774"}],"curies":[{"name":"wp","href":"https:\/\/api.w.org\/{rel}","templated":true}]}}