{"id":7776,"date":"2021-07-07T00:02:24","date_gmt":"2021-07-06T22:02:24","guid":{"rendered":"http:\/\/klubmamgdynia.pl\/index.php\/produkt\/woodyland-wozek-na-kolkach-z-drewnianymi-klockami-34el-90007\/"},"modified":"2026-04-05T23:58:57","modified_gmt":"2026-04-05T21:58:57","slug":"woodyland-wozek-na-kolkach-z-drewnianymi-klockami-34el-90007","status":"publish","type":"product","link":"http:\/\/klubmamgdynia.pl\/index.php\/produkt\/woodyland-wozek-na-kolkach-z-drewnianymi-klockami-34el-90007\/","title":{"rendered":"Woodyland W\u00f3zek Na K\u00f3\u0142kach Z Drewnianymi Klockami 34el. 90007"},"content":{"rendered":"<p>Zestaw drewnianych klock\u00f3w kolorowych na w\u00f3zku. Dziecko uczy si\u0119 rozr\u00f3\u017cnia\u0107 kolory i kszta\u0142ty.Zastosowano farby bezpieczne dla zdrowia dziecka.Zestaw zawiera 34 elementy.Zabawka przeznaczona dla dzieci w wieku od 3 roku \u017cycia.Informacje o produkcieNr katalogowy90007Seria (klocki) inneMarka (Zabawki) BrakLiczba element\u00f3w 34Wymagania wiekowe od 2 latP\u0142e\u0107 (zabawki) Dziewczynki i ch\u0142opcyPozosta\u0142e parametryWymiary opakowania: 25,5 x 20 x 4 cm<\/p>\n<h2>Woodyland W\u00f3zek Na K\u00f3\u0142kach Z Drewnianymi Klockami 34el. 90007 Woodyland<\/h2>\n<p>kolorowanki do druku dla dzieci, oryginalny prezent na roczek dla dziewczynki, kinderbal przepisy, konkurencje sportowe dla dzieci, \u017carty na prima aprilis w domu, prezent na roczek od babci, zagadki zimowe dla dzieci, miko\u0142ajek quiz, weso\u0142e pisanki tekst piosenki, trudne zagadki logiczne, co na roczek, upominek dla nastolatk\u00f3w, zabawy dla 6 latk\u00f3w, regina, krak\u00f3w atrakcje dla dzieci, atrakcje dla dzieci wielkopolska, miko\u0142ajek &#8211; test z odpowiedziami, bajka dla dzieci do czytania, gad\u017cety dla nastolatka, pomys\u0142y na prezent dla nastolatki, \u015bmigus dyngus lany poniedzia\u0142ek zyczenia<\/p>\n<p>yyyyy<\/p>\n<p>&nbsp;<\/p>\n","protected":false},"excerpt":{"rendered":"<p>Zestaw drewnianych klock\u00f3w kolorowych na w\u00f3zku. Dziecko uczy si\u0119 rozr\u00f3\u017cnia\u0107 kolory i kszta\u0142ty.Zastosowano farby bezpieczne dla zdrowia dziecka.Zestaw zawiera 34 elementy.Zabawka przeznaczona dla dzieci w wieku od 3 roku \u017cycia.Informacje o produkcieNr katalogowy90007Seria (klocki) inneMarka (Zabawki) BrakLiczba element\u00f3w 34Wymagania wiekowe od 2 latP\u0142e\u0107 (zabawki) Dziewczynki i ch\u0142opcyPozosta\u0142e parametryWymiary opakowania: 25,5 x 20 x 4 cm [&hellip;]<\/p>\n","protected":false},"featured_media":7777,"comment_status":"closed","ping_status":"open","template":"","meta":[],"product_cat":[1652,99],"product_tag":[728,594,596,786,799,604],"class_list":["post-7776","product","type-product","status-publish","has-post-thumbnail","hentry","product_cat-woodyland","product_cat-zabawki-ekologiczne","product_tag-bezwarunkowa-milosc-do-dziecka-cytaty","product_tag-podchwytliwe-zagadki-dla-dzieci","product_tag-pomysly-na-prima-aprilis","product_tag-prezent-na-1-urodziny","product_tag-zagadka-logiczna","product_tag-zagadki-trudne"],"_links":{"self":[{"href":"http:\/\/klubmamgdynia.pl\/index.php\/wp-json\/wp\/v2\/product\/7776","targetHints":{"allow":["GET"]}}],"collection":[{"href":"http:\/\/klubmamgdynia.pl\/index.php\/wp-json\/wp\/v2\/product"}],"about":[{"href":"http:\/\/klubmamgdynia.pl\/index.php\/wp-json\/wp\/v2\/types\/product"}],"replies":[{"embeddable":true,"href":"http:\/\/klubmamgdynia.pl\/index.php\/wp-json\/wp\/v2\/comments?post=7776"}],"wp:featuredmedia":[{"embeddable":true,"href":"http:\/\/klubmamgdynia.pl\/index.php\/wp-json\/wp\/v2\/media\/7777"}],"wp:attachment":[{"href":"http:\/\/klubmamgdynia.pl\/index.php\/wp-json\/wp\/v2\/media?parent=7776"}],"wp:term":[{"taxonomy":"product_cat","embeddable":true,"href":"http:\/\/klubmamgdynia.pl\/index.php\/wp-json\/wp\/v2\/product_cat?post=7776"},{"taxonomy":"product_tag","embeddable":true,"href":"http:\/\/klubmamgdynia.pl\/index.php\/wp-json\/wp\/v2\/product_tag?post=7776"}],"curies":[{"name":"wp","href":"https:\/\/api.w.org\/{rel}","templated":true}]}}