{"id":778,"date":"2013-11-09T04:38:57","date_gmt":"2013-11-09T03:38:57","guid":{"rendered":"http:\/\/klubmamgdynia.pl\/index.php\/produkt\/barbie-lalka-club-chelsea-maldies-maldas\/"},"modified":"2026-05-17T21:59:19","modified_gmt":"2026-05-17T19:59:19","slug":"barbie-lalka-club-chelsea-maldies-maldas","status":"publish","type":"product","link":"http:\/\/klubmamgdynia.pl\/index.php\/produkt\/barbie-lalka-club-chelsea-maldies-maldas\/","title":{"rendered":"Barbie Lalka Club Chelsea Maldies-Maldas"},"content":{"rendered":"<p>Chelsea i jej przyjaciki s gotowe na wszystkie wspaniae przygody.7 przesodkich, kolorowych lalek posiada tekturowe elementy tematyczne do rozwijania opowiadanych historyjek. Doczep je do doni lalki, aby historie nabray realizmu. Wybieraj spord popularnych motyww, takich jak pywanie, kwiaty, lody, motyle, latawce, filmy i akocie. Rnorodno stylw i fryzur to wiele moliwoci na kreatywne scenariusze zabaw.Zbierz je wszystkie, aby odegra wymarzone historie!W opakowaniu lalka w ubranku i tematyczny tekturowy element.Sprzedawane oddzielnie w zalenoci od dostpnoci.EAN:  0887961382617Kod dostawcy:  DWJ33\/DWJ34Nr katalogowy:  DWJ33\/DWJ34Marka:  Barbie Chelsea ClubWymagania wiekowe:  od 3 latP\u0142e\u0107:  DziewczynkiPozosta\u0142e parametry:  Wymiary opakowania: 8.9 x 16.2 x 3.8 cm<\/p>\n<h2>Barbie Lalka Club Chelsea Maldies-Maldas Barbie<\/h2>\n<p>prezent dla 7 latki, misie z film\u00f3w animowanych, ma\u0142y ksi\u0105\u017ce cytaty o przyja\u017ani, dymitr, smerfy kolorowanka, prezent na roczek dla chrze\u015bniaka, co na prezent dla 7 latki<\/p>\n<p>yyyyy<\/p>\n<p>&nbsp;<\/p>\n","protected":false},"excerpt":{"rendered":"<p>Chelsea i jej przyjaciki s gotowe na wszystkie wspaniae przygody.7 przesodkich, kolorowych lalek posiada tekturowe elementy tematyczne do rozwijania opowiadanych historyjek. Doczep je do doni lalki, aby historie nabray realizmu. Wybieraj spord popularnych motyww, takich jak pywanie, kwiaty, lody, motyle, latawce, filmy i akocie. Rnorodno stylw i fryzur to wiele moliwoci na kreatywne scenariusze zabaw.Zbierz [&hellip;]<\/p>\n","protected":false},"featured_media":779,"comment_status":"closed","ping_status":"open","template":"","meta":[],"product_cat":[173,65],"product_tag":[755,758,795,846,616,649],"class_list":["post-778","product","type-product","status-publish","has-post-thumbnail","hentry","product_cat-barbie","product_cat-lalki","product_tag-henryk","product_tag-julian","product_tag-mini-zoo-warszawa","product_tag-rysowanki","product_tag-test-mikolajek-25-pytan","product_tag-zagadki-dla-nastolatkow"],"_links":{"self":[{"href":"http:\/\/klubmamgdynia.pl\/index.php\/wp-json\/wp\/v2\/product\/778","targetHints":{"allow":["GET"]}}],"collection":[{"href":"http:\/\/klubmamgdynia.pl\/index.php\/wp-json\/wp\/v2\/product"}],"about":[{"href":"http:\/\/klubmamgdynia.pl\/index.php\/wp-json\/wp\/v2\/types\/product"}],"replies":[{"embeddable":true,"href":"http:\/\/klubmamgdynia.pl\/index.php\/wp-json\/wp\/v2\/comments?post=778"}],"wp:featuredmedia":[{"embeddable":true,"href":"http:\/\/klubmamgdynia.pl\/index.php\/wp-json\/wp\/v2\/media\/779"}],"wp:attachment":[{"href":"http:\/\/klubmamgdynia.pl\/index.php\/wp-json\/wp\/v2\/media?parent=778"}],"wp:term":[{"taxonomy":"product_cat","embeddable":true,"href":"http:\/\/klubmamgdynia.pl\/index.php\/wp-json\/wp\/v2\/product_cat?post=778"},{"taxonomy":"product_tag","embeddable":true,"href":"http:\/\/klubmamgdynia.pl\/index.php\/wp-json\/wp\/v2\/product_tag?post=778"}],"curies":[{"name":"wp","href":"https:\/\/api.w.org\/{rel}","templated":true}]}}