{"id":7780,"date":"2021-11-03T19:29:05","date_gmt":"2021-11-03T18:29:05","guid":{"rendered":"http:\/\/klubmamgdynia.pl\/index.php\/produkt\/espiro-art-07-gray-spacerowy\/"},"modified":"2026-05-17T22:20:57","modified_gmt":"2026-05-17T20:20:57","slug":"espiro-art-07-gray-spacerowy","status":"publish","type":"product","link":"http:\/\/klubmamgdynia.pl\/index.php\/produkt\/espiro-art-07-gray-spacerowy\/","title":{"rendered":"Espiro Art 07 Gray Spacerowy"},"content":{"rendered":"<p>Espiro ART &#8211; Lekki i kompaktowy po z\u0142o\u017ceniu w\u00f3zek spacerowy Kompaktowy w\u00f3zek spacerowy, najl\u017cejszy w rodzinie espiro &#8211; wa\u017cy tylko 6 kg! Idealny do miasta i idealny do podr\u00f3\u017cy. Ma\u0142y po z\u0142o\u017ceniu, \u0142atwy w przenoszeniu i przechowywaniu. Z pe\u0142nowymiarowym siedziskiem, z nowoczesnym system rozk\u0142adania siedziska. W\u00f3zek espiro art dedykowany jest rodzicom i dzieciom, kt\u00f3rzy ch\u0119tnie podr\u00f3\u017cuj\u0105 i poruszaj\u0105 si\u0119 po mie\u015bcie. Najl\u017cejszy w rodzinie espiro- wa\u017cy zaledwie 6 kg. Posiada bardzo wygodny system rozk\u0142adania oparcia do pozycji p\u0142askiej \u2013 ergonomiczny regulator. W\u00f3zek doskonale sprawdza si\u0119 podczas podr\u00f3\u017cy samochodem, jak i komunikacj\u0105 miejsk\u0105. W komplecie znajduje si\u0119 pokrowiec na n\u00f3\u017cki. Lekki i kompaktowy stela\u017c W\u00f3zek espiro art posiada wyj\u0105tkowy stela\u017c stworzony z my\u015bl\u0105 o podr\u00f3\u017cowaniu i poruszaniu si\u0119 z dzieckiem po mie\u015bcie. Zaledwie jednym ruchem r\u0119ki mo\u017cna go z\u0142o\u017cy\u0107 w ma\u0142\u0105 kostk\u0119, kt\u00f3r\u0105 \u0142atwo przenosi\u0107, transportowa\u0107 i przechowywa\u0107 na p\u0142asko, jak i w pozycji stoj\u0105cej. Wszystkie ko\u0142a s\u0105 wyposa\u017cone w amortyzacj\u0119. Ten model w\u00f3zka jest superskr\u0119tny i bardzo p\u0142ynnie je\u017adzi si\u0119 nim po ka\u017cdym chodniku. W\u00f3zek posiada ergonomiczny hamulec typu &#8222;stop and go&#8221; oraz pojemny kosz na akcesoria i zakupy. Do podr\u00f3\u017cy z artem zosta\u0142a zaprojektowana specjalna torba \u2013 pokrowiec, dzi\u0119ki kt\u00f3rej podr\u00f3\u017ce z w\u00f3zkiem b\u0119d\u0105 jeszcze \u0142atwiejsze. W\u00f3zek mo\u017cna przenosi\u0107 jak plecak lub walizk\u0119 na k\u00f3\u0142kach. Wielofunkcyjne siedzisko Spacer\u00f3wka art pomimo swoich kompaktowych rozmiar\u00f3w i ma\u0142ej wagi (jedynie 6 kg) posiada obszerne siedzisko, kt\u00f3rego oparcie mo\u017cna regolowa\u0107 za pomoca nowoczesnego regulatora, kt\u00f3ry wystarczy przekr\u0119ci\u0107. Jest on nowatorskim rozwi\u0105zaniem w spacer\u00f3wkach. Oparcie p\u0142ynnie opada i podnosi si\u0119 do dowolnego poziomu. Wraz z regulowanym podn\u00f3\u017ckiem mo\u017cna stworzy\u0107 dziecku idealnie d\u0142ug\u0105 powierzchni\u0119 do spania. Budka posiada du\u017ce okna wentylacyjne zabezpieczone dodatkowo siatk\u0105. Tkanina w\u00f3zka jest wodoodporna i chroni przed dzia\u0142aniem promieni UV. Dodatkowy daszek os\u0142ania przed wiatrem, opadami, jak i s\u0142o\u0144cem. Do w\u00f3zka do\u0142\u0105czony jest pokrowiec na n\u00f3\u017cki, by dziecko czu\u0142o si\u0119 komfortowo w ch\u0142odniejsze dni. Oparcie w\u00f3zka mo\u017cna ustawi\u0107 p\u0142ynnie w r\u00f3\u017cnych pozycjach, dziecko mo\u017ce wygodnie siedzie\u0107, drzema\u0107 lub spa\u0107 na p\u0142asko. W\u00f3zek wyposa\u017cony jest w nowoczesny system regulacji oparcia &#8211; wystarczy przekr\u0119ci\u0107 regulator i k\u0105t nachylenia oparcia jest p\u0142ynnie regulowany bez wi\u0119kszego wysi\u0142ku. W\u00f3zek posiada dodatkowe mniejsze okienko, kt\u00f3re mo\u017ce s\u0142u\u017cy\u0107 jako dodatkowa wentylacja lub do podgl\u0105dania dziecka przez rodzica podczas spacer\u00f3w. W\u00f3zek posiada du\u017ce okno wentylacyjne dodatkowo zabezpieczone siatk\u0105. Kiedy dziecko wygodnie \u015bpi w pozycji le\u017c\u0105cej umo\u017cliwia ono swobodny przep\u0142yw powietrza. Funkcja ta sprawdza si\u0119 przede wszystkim podczas cieplejszych dni. Barierk\u0119 w\u00f3zka mo\u017cna szybko i wygodnie wypina\u0107 naciskaj\u0105c odpowiednie guziki po bokach. Przednie ko\u0142a s\u0105 skr\u0119tne z osi\u0105 obrotu 360 oraz posiadaj\u0105 specjaln\u0105 blokad\u0119, dzi\u0119ki kt\u00f3rej w\u00f3zek \u0142atwo prowadzi si\u0119 po trudniejszej nawierzchni. Wszystkie ko\u0142a posiadaj\u0105 wbudowan\u0105 amortyzacj\u0119, zar\u00f3wno przednie, jak i tylne. Z ty\u0142u w\u00f3zka znajduje si\u0119 wygodny hamulec &#8222;stop and go&#8221;. W\u00f3zek wyposa\u017cony jest w pojemny kosz na akcesoria i zakupy. R\u0105czka w w\u00f3zku wykonana jest w przyjemnej w dotyku i \u0142atwej do czyszczenia eskosk\u00f3ry.<\/p>\n<h2>Espiro Art 07 Gray Spacerowy Espiro<\/h2>\n<p>imie kuba, prezent dla trzynastolatki, nietypowe imiona, postacie z bajek, cytat z ma\u0142ego ksi\u0119cia o przyja\u017ani<\/p>\n<p>yyyyy<\/p>\n<p>&nbsp;<\/p>\n","protected":false},"excerpt":{"rendered":"<p>Espiro ART &#8211; Lekki i kompaktowy po z\u0142o\u017ceniu w\u00f3zek spacerowy Kompaktowy w\u00f3zek spacerowy, najl\u017cejszy w rodzinie espiro &#8211; wa\u017cy tylko 6 kg! Idealny do miasta i idealny do podr\u00f3\u017cy. Ma\u0142y po z\u0142o\u017ceniu, \u0142atwy w przenoszeniu i przechowywaniu. Z pe\u0142nowymiarowym siedziskiem, z nowoczesnym system rozk\u0142adania siedziska. W\u00f3zek espiro art dedykowany jest rodzicom i dzieciom, kt\u00f3rzy ch\u0119tnie [&hellip;]<\/p>\n","protected":false},"featured_media":7781,"comment_status":"closed","ping_status":"open","template":"","meta":[],"product_cat":[162,71],"product_tag":[758,745,804,606],"class_list":["post-7780","product","type-product","status-publish","has-post-thumbnail","hentry","product_cat-espiro","product_cat-wozki-spacerowe","product_tag-julian","product_tag-prezent-dla-15-latki","product_tag-ryz-z-owocami","product_tag-stala-pod-sniegiem"],"_links":{"self":[{"href":"http:\/\/klubmamgdynia.pl\/index.php\/wp-json\/wp\/v2\/product\/7780","targetHints":{"allow":["GET"]}}],"collection":[{"href":"http:\/\/klubmamgdynia.pl\/index.php\/wp-json\/wp\/v2\/product"}],"about":[{"href":"http:\/\/klubmamgdynia.pl\/index.php\/wp-json\/wp\/v2\/types\/product"}],"replies":[{"embeddable":true,"href":"http:\/\/klubmamgdynia.pl\/index.php\/wp-json\/wp\/v2\/comments?post=7780"}],"wp:featuredmedia":[{"embeddable":true,"href":"http:\/\/klubmamgdynia.pl\/index.php\/wp-json\/wp\/v2\/media\/7781"}],"wp:attachment":[{"href":"http:\/\/klubmamgdynia.pl\/index.php\/wp-json\/wp\/v2\/media?parent=7780"}],"wp:term":[{"taxonomy":"product_cat","embeddable":true,"href":"http:\/\/klubmamgdynia.pl\/index.php\/wp-json\/wp\/v2\/product_cat?post=7780"},{"taxonomy":"product_tag","embeddable":true,"href":"http:\/\/klubmamgdynia.pl\/index.php\/wp-json\/wp\/v2\/product_tag?post=7780"}],"curies":[{"name":"wp","href":"https:\/\/api.w.org\/{rel}","templated":true}]}}