{"id":7782,"date":"2015-01-24T23:13:01","date_gmt":"2015-01-24T22:13:01","guid":{"rendered":"http:\/\/klubmamgdynia.pl\/index.php\/produkt\/visiomed-baby-brush\/"},"modified":"2026-04-23T08:09:29","modified_gmt":"2026-04-23T06:09:29","slug":"visiomed-baby-brush","status":"publish","type":"product","link":"http:\/\/klubmamgdynia.pl\/index.php\/produkt\/visiomed-baby-brush\/","title":{"rendered":"VISIOMED Baby Brush"},"content":{"rendered":"<p>Ko\u0144c\u00f3wki do szczoteczki dla dzieci VISIOMED PROSONIC BABY.Zestaw zawiera 2 sztuki ko\u0144c\u00f3wek.SKU: TOW003418Kod EAN: 3760165441861BLOZ 7: 9072087Marka: VISIOMEDStawka podatku: VAT 23%<\/p>\n<h2>VISIOMED Baby Brush Visiomed<\/h2>\n<p>wzruszaj\u0105ce s\u0142owa dla przyjaci\u00f3\u0142ki, trudne zagadki dla dzieci, delfinarium polska, wr\u00f3zby andrzejkowe dla dzieci<\/p>\n<p>yyyyy<\/p>\n<p>&nbsp;<\/p>\n","protected":false},"excerpt":{"rendered":"<p>Ko\u0144c\u00f3wki do szczoteczki dla dzieci VISIOMED PROSONIC BABY.Zestaw zawiera 2 sztuki ko\u0144c\u00f3wek.SKU: TOW003418Kod EAN: 3760165441861BLOZ 7: 9072087Marka: VISIOMEDStawka podatku: VAT 23% VISIOMED Baby Brush Visiomed wzruszaj\u0105ce s\u0142owa dla przyjaci\u00f3\u0142ki, trudne zagadki dla dzieci, delfinarium polska, wr\u00f3zby andrzejkowe dla dzieci yyyyy &nbsp;<\/p>\n","protected":false},"featured_media":7783,"comment_status":"closed","ping_status":"open","template":"","meta":[],"product_cat":[1646,1654],"product_tag":[792,751,628,767,615],"class_list":["post-7782","product","type-product","status-publish","has-post-thumbnail","hentry","product_cat-koncowki-do-szczoteczek-elektrycznych","product_cat-visiomed","product_tag-cytaty-o-mamie","product_tag-psi-patrol-kolorowanka","product_tag-zagadka","product_tag-zaproszenia-urodzinowe-do-druku","product_tag-znane-misie-z-filmow-animowanych"],"_links":{"self":[{"href":"http:\/\/klubmamgdynia.pl\/index.php\/wp-json\/wp\/v2\/product\/7782","targetHints":{"allow":["GET"]}}],"collection":[{"href":"http:\/\/klubmamgdynia.pl\/index.php\/wp-json\/wp\/v2\/product"}],"about":[{"href":"http:\/\/klubmamgdynia.pl\/index.php\/wp-json\/wp\/v2\/types\/product"}],"replies":[{"embeddable":true,"href":"http:\/\/klubmamgdynia.pl\/index.php\/wp-json\/wp\/v2\/comments?post=7782"}],"wp:featuredmedia":[{"embeddable":true,"href":"http:\/\/klubmamgdynia.pl\/index.php\/wp-json\/wp\/v2\/media\/7783"}],"wp:attachment":[{"href":"http:\/\/klubmamgdynia.pl\/index.php\/wp-json\/wp\/v2\/media?parent=7782"}],"wp:term":[{"taxonomy":"product_cat","embeddable":true,"href":"http:\/\/klubmamgdynia.pl\/index.php\/wp-json\/wp\/v2\/product_cat?post=7782"},{"taxonomy":"product_tag","embeddable":true,"href":"http:\/\/klubmamgdynia.pl\/index.php\/wp-json\/wp\/v2\/product_tag?post=7782"}],"curies":[{"name":"wp","href":"https:\/\/api.w.org\/{rel}","templated":true}]}}