{"id":7788,"date":"2020-02-22T20:07:57","date_gmt":"2020-02-22T19:07:57","guid":{"rendered":"http:\/\/klubmamgdynia.pl\/index.php\/produkt\/viga-drewniane-klocki-z-sorterem-ksztaltow-58713\/"},"modified":"2026-04-19T00:40:01","modified_gmt":"2026-04-18T22:40:01","slug":"viga-drewniane-klocki-z-sorterem-ksztaltow-58713","status":"publish","type":"product","link":"http:\/\/klubmamgdynia.pl\/index.php\/produkt\/viga-drewniane-klocki-z-sorterem-ksztaltow-58713\/","title":{"rendered":"Viga Drewniane Klocki z sorterem kszta\u0142t\u00f3w (58713)"},"content":{"rendered":"<p>VIGA &#8211; KLOCKI Z SORTEREM KSZTAand#321;T\u00d3W 58713Klocki z sorterem ksztaand#322;t\u00f3w od firmy Viga to jeden z najwspanialszych zabawek, kt\u00f3ra band#281;dzie sand#322;uand#380;yand#322;a dand#322;ugo i zapewni Twojemu dziecku wiele lat ciekawej i kreatywnej zabawy. Ukand#322;adanka edukacyjna sprawdza siand#281; jako pomoc w rozwijaniu motoryki u malucha, oraz koordynacji rand#281;ka-oko. Dodatkowo uczy rozpoznawaand#263; kolory i ksztaand#322;ty figur geometrycznych. Ta funkcjonalna zabawka zapewni rozrywkand#281; na wiele godzin. Zadaniem dziecka jest posortowaand#263; klocki na drewnianand#261; podkand#322;adkand#281; tak aby kaand#380;dy trafiand#322; na swoje miejsce. Wyraziste kolory przykujand#261; uwagand#281; i pozwoland#261; na zabawand#281; w dowolny spos\u00f3b.Zabawka przeznaczona dla dzieci powyand#380;ej 2 roku and#380;ycia.Caand#322;oand#347;and#263; wykonana zostaand#322;a z drewna lakierowanego i pomalowana nie toksycznymi farbami w and#380;ywe barwy, kt\u00f3re zadowoland#261; kaand#380;dego uand#380;ytkownika i dadzand#261; mn\u00f3stwo radoand#347;ci z zabawy.Naszym priorytetem jest bezpieczeand#324;stwo i jakoand#347;and#263; naszego towaru, dlatego dbamy o to aby farby, kt\u00f3rymi malujemy nasze zabawki nie byand#322;y toksyczne i speand#322;niaand#322;y normy bezpieczeand#324;stwa ( EN71 i ASTM).DANE TECHNICZNEWymiar produktu:dand#322;: 220mm x wys: 175mm x szer: 110mmWymiary opakowania:dand#322;: 235mm x wys: 185mm x szer: 115mmEAN: 6934510587130<\/p>\n<h2>Viga Drewniane Klocki z sorterem kszta\u0142t\u00f3w (58713) Viga<\/h2>\n<p>zrobi\u0107 laurk\u0119 laurka dla babci, kolorowanki my little pony, zagadki o lesie, dyplom za udzia\u0142 w konkursie do druku, szablony postacie do szopki do druku, co oznacza nazwa jordan, kolorowanka mia i ja, zabawy ruchowe dla dzieci w wieku szkolnym, kolorowanka harry potter do druku, quiz felix net i nika oraz gang niewidzialnych ludzi, andrzejki dekoracje do druku, podchwytliwe zagadki dla doros\u0142ych, aurelia imie, kr\u00f3tkie zagadki matematyczne z odpowiedziami, maska karnawa\u0142owa pdf, prezent dla nastolatk\u00f3w, opisy do zdj\u0119\u0107 dziecka<\/p>\n<p>yyyyy<\/p>\n<p>&nbsp;<\/p>\n","protected":false},"excerpt":{"rendered":"<p>VIGA &#8211; KLOCKI Z SORTEREM KSZTAand#321;T\u00d3W 58713Klocki z sorterem ksztaand#322;t\u00f3w od firmy Viga to jeden z najwspanialszych zabawek, kt\u00f3ra band#281;dzie sand#322;uand#380;yand#322;a dand#322;ugo i zapewni Twojemu dziecku wiele lat ciekawej i kreatywnej zabawy. Ukand#322;adanka edukacyjna sprawdza siand#281; jako pomoc w rozwijaniu motoryki u malucha, oraz koordynacji rand#281;ka-oko. Dodatkowo uczy rozpoznawaand#263; kolory i ksztaand#322;ty figur geometrycznych. Ta [&hellip;]<\/p>\n","protected":false},"featured_media":7789,"comment_status":"closed","ping_status":"open","template":"","meta":[],"product_cat":[1106,99],"product_tag":[807,858,814,634,600],"class_list":["post-7788","product","type-product","status-publish","has-post-thumbnail","hentry","product_cat-viga","product_cat-zabawki-ekologiczne","product_tag-logiczne-zagadki","product_tag-podchwytliwe-zagadki","product_tag-prezenty-dla-nastolatek","product_tag-zagadki-wielkanocne-dla-dzieci","product_tag-zaproszenia-na-urodziny-do-druku"],"_links":{"self":[{"href":"http:\/\/klubmamgdynia.pl\/index.php\/wp-json\/wp\/v2\/product\/7788","targetHints":{"allow":["GET"]}}],"collection":[{"href":"http:\/\/klubmamgdynia.pl\/index.php\/wp-json\/wp\/v2\/product"}],"about":[{"href":"http:\/\/klubmamgdynia.pl\/index.php\/wp-json\/wp\/v2\/types\/product"}],"replies":[{"embeddable":true,"href":"http:\/\/klubmamgdynia.pl\/index.php\/wp-json\/wp\/v2\/comments?post=7788"}],"wp:featuredmedia":[{"embeddable":true,"href":"http:\/\/klubmamgdynia.pl\/index.php\/wp-json\/wp\/v2\/media\/7789"}],"wp:attachment":[{"href":"http:\/\/klubmamgdynia.pl\/index.php\/wp-json\/wp\/v2\/media?parent=7788"}],"wp:term":[{"taxonomy":"product_cat","embeddable":true,"href":"http:\/\/klubmamgdynia.pl\/index.php\/wp-json\/wp\/v2\/product_cat?post=7788"},{"taxonomy":"product_tag","embeddable":true,"href":"http:\/\/klubmamgdynia.pl\/index.php\/wp-json\/wp\/v2\/product_tag?post=7788"}],"curies":[{"name":"wp","href":"https:\/\/api.w.org\/{rel}","templated":true}]}}