{"id":7790,"date":"2019-01-07T19:12:06","date_gmt":"2019-01-07T18:12:06","guid":{"rendered":"http:\/\/klubmamgdynia.pl\/index.php\/produkt\/gimme-rowerek-biegowy-teddy-rozowy\/"},"modified":"2026-04-24T05:17:10","modified_gmt":"2026-04-24T03:17:10","slug":"gimme-rowerek-biegowy-teddy-rozowy","status":"publish","type":"product","link":"http:\/\/klubmamgdynia.pl\/index.php\/produkt\/gimme-rowerek-biegowy-teddy-rozowy\/","title":{"rendered":"Gimme Rowerek biegowy Teddy r\u00f3\u017cowy"},"content":{"rendered":"<p>Rowerek biegowy Teddy to najlepszy wyb\u00f3r jako pierwszy rowerek dla dziecka zaczynaj\u0105cego swoj\u0105 rowerow\u0105 przygod\u0119. Rower biegowy opr\u00f3cz zabawy i satysfakcji musi zapewnia\u0107 bezpiecze\u0144stwo. Nasz model pozwoli waszemu dziecku w bezstresowy spos\u00f3b nauczy\u0107 si\u0119 balansowania i utrzymania r\u00f3wnowagi przy jednoczesnym zachowaniu bezpiecze\u0144stwa.Rowerek zrobiony jest z wysokiej jako\u015bci stop\u00f3w aluminium, kszta\u0142t ramy pozwala dziecku na \u0142atwe i bezpieczne wsiadanie oraz zsiadanie. Warto zauwa\u017cy\u0107 \u017ce rowerek posiada system regulacji siode\u0142ka, pozwala to dopasowa\u0107 wysoko\u015b\u0107 siedziska do wzrostu dziecka. To udogodnienie pozwala u\u017cytkowa\u0107 rowerek przez wiele d\u0142u\u017cszy czas i bez wzgl\u0119du na to kiedy wsi\u0105dzie na rowerek.Dodatkowo rowerek nie posiada hamulc\u00f3w i ograniczenia skr\u0119tu kierownicy, daje to wi\u0119ksze mo\u017cliwo\u015bci manewru i pozwala na szybsze i \u0142atwiejsze przej\u015bce do etapu roweru z peda\u0142ami.Rowerek biegowy Teddy jest dopasowany wagowo do ma\u0142ego dziecka, jego waga to 2,6 kilograma. Nasz produkt spe\u0142nia wysokie wymogi bezpiecze\u0144stwa i jest przeznaczony jest do samodzielnego monta\u017cu. W zestawie znajduje si\u0119 instrukcja w j\u0119\u017cyku polskim, kt\u00f3ra pokazuje i wyja\u015bnia krok po kroku kolejne etapy monta\u017cu.<\/p>\n<h2>Gimme Rowerek biegowy Teddy r\u00f3\u017cowy <\/h2>\n<p>opowie\u015bci z narni lew czarownica i stara szafa test, kolorowanki do druku dla dziewczyn, bajka dla dziewczynek, logiczne zagadki, pomys\u0142y na prezent dla nastolatk\u00f3w, jagna, domowe syropy na zim\u0119, mia imi\u0119, papuga kolorowanka, wiosenna kolorowanka, mira imi\u0119, piosenki na dobranoc dla dzieci + tekst, gry ruchowe dla dzieci, trudne zagadki na inteligencj\u0119, zagadki dla dzieci 7-8 lat, marcelina imi\u0119, madre zyczenia bozonarodzeniowe<\/p>\n<p>yyyyy<\/p>\n<p>&nbsp;<\/p>\n","protected":false},"excerpt":{"rendered":"<p>Rowerek biegowy Teddy to najlepszy wyb\u00f3r jako pierwszy rowerek dla dziecka zaczynaj\u0105cego swoj\u0105 rowerow\u0105 przygod\u0119. Rower biegowy opr\u00f3cz zabawy i satysfakcji musi zapewnia\u0107 bezpiecze\u0144stwo. Nasz model pozwoli waszemu dziecku w bezstresowy spos\u00f3b nauczy\u0107 si\u0119 balansowania i utrzymania r\u00f3wnowagi przy jednoczesnym zachowaniu bezpiecze\u0144stwa.Rowerek zrobiony jest z wysokiej jako\u015bci stop\u00f3w aluminium, kszta\u0142t ramy pozwala dziecku na \u0142atwe [&hellip;]<\/p>\n","protected":false},"featured_media":7791,"comment_status":"closed","ping_status":"open","template":"","meta":[],"product_cat":[453],"product_tag":[668,833,727,614,640,579],"class_list":["post-7790","product","type-product","status-publish","has-post-thumbnail","hentry","product_cat-rowerki-biegowe","product_tag-atrakcje-dla-dzieci-wroclaw","product_tag-bajki-dla-dzieci-do-czytania","product_tag-godlo-polski-do-druku","product_tag-pia","product_tag-prezent-dla-rocznej-dziewczynki","product_tag-quiz-opowiesci-z-narnii-lew-czarownica-i-stara-szafa"],"_links":{"self":[{"href":"http:\/\/klubmamgdynia.pl\/index.php\/wp-json\/wp\/v2\/product\/7790","targetHints":{"allow":["GET"]}}],"collection":[{"href":"http:\/\/klubmamgdynia.pl\/index.php\/wp-json\/wp\/v2\/product"}],"about":[{"href":"http:\/\/klubmamgdynia.pl\/index.php\/wp-json\/wp\/v2\/types\/product"}],"replies":[{"embeddable":true,"href":"http:\/\/klubmamgdynia.pl\/index.php\/wp-json\/wp\/v2\/comments?post=7790"}],"wp:featuredmedia":[{"embeddable":true,"href":"http:\/\/klubmamgdynia.pl\/index.php\/wp-json\/wp\/v2\/media\/7791"}],"wp:attachment":[{"href":"http:\/\/klubmamgdynia.pl\/index.php\/wp-json\/wp\/v2\/media?parent=7790"}],"wp:term":[{"taxonomy":"product_cat","embeddable":true,"href":"http:\/\/klubmamgdynia.pl\/index.php\/wp-json\/wp\/v2\/product_cat?post=7790"},{"taxonomy":"product_tag","embeddable":true,"href":"http:\/\/klubmamgdynia.pl\/index.php\/wp-json\/wp\/v2\/product_tag?post=7790"}],"curies":[{"name":"wp","href":"https:\/\/api.w.org\/{rel}","templated":true}]}}